{"id":976,"date":"2025-01-31T18:14:04","date_gmt":"2025-01-31T18:14:04","guid":{"rendered":"https:\/\/nicola.pt\/?page_id=976"},"modified":"2025-01-31T19:26:12","modified_gmt":"2025-01-31T19:26:12","slug":"universidade-do-cafe","status":"publish","type":"page","link":"https:\/\/nicola.pt\/en\/universidade-do-cafe\/","title":{"rendered":"Universidade do Caf\u00e9"},"content":{"rendered":"<div data-elementor-type=\"wp-page\" data-elementor-id=\"976\" class=\"elementor elementor-976\" data-elementor-post-type=\"page\">\n\t\t\t\t\t\t<section class=\"elementor-section elementor-top-section elementor-element elementor-element-84c23a1 elementor-section-height-min-height elementor-section-content-middle elementor-section-boxed elementor-section-height-default elementor-section-items-middle\" data-id=\"84c23a1\" data-element_type=\"section\" data-settings=\"{&quot;background_background&quot;:&quot;classic&quot;}\">\n\t\t\t\t\t\t<div class=\"elementor-container elementor-column-gap-default\">\n\t\t\t\t\t<div class=\"elementor-column elementor-col-100 elementor-top-column elementor-element elementor-element-4f2b908\" data-id=\"4f2b908\" data-element_type=\"column\">\n\t\t\t<div class=\"elementor-widget-wrap\">\n\t\t\t\t\t\t\t<\/div>\n\t\t<\/div>\n\t\t\t\t\t<\/div>\n\t\t<\/section>\n\t\t<div class=\"elementor-element elementor-element-678d6eb e-grid e-con-boxed e-con e-parent\" data-id=\"678d6eb\" data-element_type=\"container\">\n\t\t\t\t\t<div class=\"e-con-inner\">\n\t\t<div class=\"elementor-element elementor-element-9b27af5 e-con-full e-flex e-con e-child\" data-id=\"9b27af5\" data-element_type=\"container\">\n\t\t\t\t<div class=\"elementor-element elementor-element-80b63a7 elementor-arrows-position-outside elementor-pagination-type-bullets elementor-pagination-position-outside elementor-widget elementor-widget-n-carousel\" data-id=\"80b63a7\" data-element_type=\"widget\" data-settings=\"{&quot;carousel_items&quot;:[{&quot;slide_title&quot;:&quot;1&quot;,&quot;_id&quot;:&quot;93bfed0&quot;},{&quot;slide_title&quot;:&quot;2&quot;,&quot;_id&quot;:&quot;424224c&quot;,&quot;__dynamic__&quot;:[]},{&quot;slide_title&quot;:&quot;3&quot;,&quot;_id&quot;:&quot;0cc9536&quot;},{&quot;_id&quot;:&quot;99bf5bb&quot;,&quot;slide_title&quot;:&quot;4&quot;},{&quot;_id&quot;:&quot;083934f&quot;,&quot;slide_title&quot;:&quot;5&quot;}],&quot;slides_to_show&quot;:&quot;1&quot;,&quot;slides_to_scroll&quot;:&quot;1&quot;,&quot;autoplay_speed&quot;:2000,&quot;speed&quot;:200,&quot;image_spacing_custom&quot;:{&quot;unit&quot;:&quot;px&quot;,&quot;size&quot;:5,&quot;sizes&quot;:[]},&quot;slides_to_show_tablet&quot;:&quot;2&quot;,&quot;slides_to_show_mobile&quot;:&quot;1&quot;,&quot;autoplay&quot;:&quot;yes&quot;,&quot;pause_on_hover&quot;:&quot;yes&quot;,&quot;pause_on_interaction&quot;:&quot;yes&quot;,&quot;infinite&quot;:&quot;yes&quot;,&quot;offset_sides&quot;:&quot;none&quot;,&quot;arrows&quot;:&quot;yes&quot;,&quot;pagination&quot;:&quot;bullets&quot;,&quot;image_spacing_custom_tablet&quot;:{&quot;unit&quot;:&quot;px&quot;,&quot;size&quot;:&quot;&quot;,&quot;sizes&quot;:[]},&quot;image_spacing_custom_mobile&quot;:{&quot;unit&quot;:&quot;px&quot;,&quot;size&quot;:&quot;&quot;,&quot;sizes&quot;:[]}}\" data-widget_type=\"nested-carousel.default\">\n\t\t\t\t<div class=\"elementor-widget-container\">\n\t\t\t\t\t\t\t<div class=\"e-n-carousel swiper\" role=\"region\" aria-roledescription=\"carousel\" aria-label=\"Universidade\" dir=\"ltr\">\n\t\t\t<div class=\"swiper-wrapper\" aria-live=\"off\">\n\t\t\t\t\t\t\t\t\t\t<div class=\"swiper-slide\" data-slide=\"1\" role=\"group\" aria-roledescription=\"slide\" aria-label=\"1 of 5\" data-no-translation-aria-label=\"\">\n\t\t\t\t\t\t\t<div class=\"elementor-element elementor-element-89feca6 e-flex e-con-boxed e-con e-child\" data-id=\"89feca6\" data-element_type=\"container\">\n\t\t\t\t\t<div class=\"e-con-inner\">\n\t\t\t\t<div class=\"elementor-element elementor-element-cd9afd1 elementor-widget elementor-widget-image\" data-id=\"cd9afd1\" data-element_type=\"widget\" data-widget_type=\"image.default\">\n\t\t\t\t<div class=\"elementor-widget-container\">\n\t\t\t\t\t\t\t\t\t\t\t\t\t\t\t<img fetchpriority=\"high\" decoding=\"async\" width=\"682\" height=\"1024\" src=\"https:\/\/nicola.pt\/wp-content\/uploads\/2025\/01\/Imagem2-682x1024.jpg\" class=\"attachment-large size-large wp-image-984\" alt=\"\" srcset=\"https:\/\/nicola.pt\/wp-content\/uploads\/2025\/01\/Imagem2-682x1024.jpg 682w, https:\/\/nicola.pt\/wp-content\/uploads\/2025\/01\/Imagem2-200x300.jpg 200w, https:\/\/nicola.pt\/wp-content\/uploads\/2025\/01\/Imagem2-8x12.jpg 8w, https:\/\/nicola.pt\/wp-content\/uploads\/2025\/01\/Imagem2-16x24.jpg 16w, https:\/\/nicola.pt\/wp-content\/uploads\/2025\/01\/Imagem2-24x36.jpg 24w, https:\/\/nicola.pt\/wp-content\/uploads\/2025\/01\/Imagem2-32x48.jpg 32w, https:\/\/nicola.pt\/wp-content\/uploads\/2025\/01\/Imagem2-600x900.jpg 600w, https:\/\/nicola.pt\/wp-content\/uploads\/2025\/01\/Imagem2.jpg 695w\" sizes=\"(max-width: 682px) 100vw, 682px\" \/>\t\t\t\t\t\t\t\t\t\t\t\t\t\t\t<\/div>\n\t\t\t\t<\/div>\n\t\t\t\t\t<\/div>\n\t\t\t\t<\/div>\n\t\t\t\t\t\t\t\t<\/div>\n\t\t\t\t\t\t\t\t\t\t\t<div class=\"swiper-slide\" data-slide=\"2\" role=\"group\" aria-roledescription=\"slide\" aria-label=\"2 of 5\" data-no-translation-aria-label=\"\">\n\t\t\t\t\t\t\t<div class=\"elementor-element elementor-element-4823ab0 e-flex e-con-boxed e-con e-child\" data-id=\"4823ab0\" data-element_type=\"container\">\n\t\t\t\t\t<div class=\"e-con-inner\">\n\t\t\t\t<div class=\"elementor-element elementor-element-afc4d93 elementor-widget elementor-widget-image\" data-id=\"afc4d93\" data-element_type=\"widget\" data-widget_type=\"image.default\">\n\t\t\t\t<div class=\"elementor-widget-container\">\n\t\t\t\t\t\t\t\t\t\t\t\t\t\t\t<img decoding=\"async\" width=\"683\" height=\"1024\" data-src=\"https:\/\/nicola.pt\/wp-content\/uploads\/2025\/01\/Imagem3-683x1024.jpg\" class=\"attachment-large size-large wp-image-985 lazyload\" alt=\"\" data-srcset=\"https:\/\/nicola.pt\/wp-content\/uploads\/2025\/01\/Imagem3-683x1024.jpg 683w, https:\/\/nicola.pt\/wp-content\/uploads\/2025\/01\/Imagem3-200x300.jpg 200w, https:\/\/nicola.pt\/wp-content\/uploads\/2025\/01\/Imagem3-768x1152.jpg 768w, https:\/\/nicola.pt\/wp-content\/uploads\/2025\/01\/Imagem3-8x12.jpg 8w, https:\/\/nicola.pt\/wp-content\/uploads\/2025\/01\/Imagem3-16x24.jpg 16w, https:\/\/nicola.pt\/wp-content\/uploads\/2025\/01\/Imagem3-24x36.jpg 24w, https:\/\/nicola.pt\/wp-content\/uploads\/2025\/01\/Imagem3-32x48.jpg 32w, https:\/\/nicola.pt\/wp-content\/uploads\/2025\/01\/Imagem3-600x900.jpg 600w, https:\/\/nicola.pt\/wp-content\/uploads\/2025\/01\/Imagem3.jpg 815w\" data-sizes=\"(max-width: 683px) 100vw, 683px\" src=\"data:image\/svg+xml;base64,PHN2ZyB3aWR0aD0iMSIgaGVpZ2h0PSIxIiB4bWxucz0iaHR0cDovL3d3dy53My5vcmcvMjAwMC9zdmciPjwvc3ZnPg==\" style=\"--smush-placeholder-width: 683px; --smush-placeholder-aspect-ratio: 683\/1024;\" \/>\t\t\t\t\t\t\t\t\t\t\t\t\t\t\t<\/div>\n\t\t\t\t<\/div>\n\t\t\t\t\t<\/div>\n\t\t\t\t<\/div>\n\t\t\t\t\t\t\t\t<\/div>\n\t\t\t\t\t\t\t\t\t\t\t<div class=\"swiper-slide\" data-slide=\"3\" role=\"group\" aria-roledescription=\"slide\" aria-label=\"3 of 5\" data-no-translation-aria-label=\"\">\n\t\t\t\t\t\t\t<div class=\"elementor-element elementor-element-78e7d2d e-flex e-con-boxed e-con e-child\" data-id=\"78e7d2d\" data-element_type=\"container\">\n\t\t\t\t\t<div class=\"e-con-inner\">\n\t\t\t\t<div class=\"elementor-element elementor-element-b495c7c elementor-widget elementor-widget-image\" data-id=\"b495c7c\" data-element_type=\"widget\" data-widget_type=\"image.default\">\n\t\t\t\t<div class=\"elementor-widget-container\">\n\t\t\t\t\t\t\t\t\t\t\t\t\t\t\t<img decoding=\"async\" width=\"532\" height=\"799\" data-src=\"https:\/\/nicola.pt\/wp-content\/uploads\/2025\/01\/Imagem5.jpg\" class=\"attachment-large size-large wp-image-987 lazyload\" alt=\"\" data-srcset=\"https:\/\/nicola.pt\/wp-content\/uploads\/2025\/01\/Imagem5.jpg 532w, https:\/\/nicola.pt\/wp-content\/uploads\/2025\/01\/Imagem5-200x300.jpg 200w, https:\/\/nicola.pt\/wp-content\/uploads\/2025\/01\/Imagem5-8x12.jpg 8w, https:\/\/nicola.pt\/wp-content\/uploads\/2025\/01\/Imagem5-16x24.jpg 16w, https:\/\/nicola.pt\/wp-content\/uploads\/2025\/01\/Imagem5-24x36.jpg 24w, https:\/\/nicola.pt\/wp-content\/uploads\/2025\/01\/Imagem5-32x48.jpg 32w\" data-sizes=\"(max-width: 532px) 100vw, 532px\" src=\"data:image\/svg+xml;base64,PHN2ZyB3aWR0aD0iMSIgaGVpZ2h0PSIxIiB4bWxucz0iaHR0cDovL3d3dy53My5vcmcvMjAwMC9zdmciPjwvc3ZnPg==\" style=\"--smush-placeholder-width: 532px; --smush-placeholder-aspect-ratio: 532\/799;\" \/>\t\t\t\t\t\t\t\t\t\t\t\t\t\t\t<\/div>\n\t\t\t\t<\/div>\n\t\t\t\t\t<\/div>\n\t\t\t\t<\/div>\n\t\t\t\t\t\t\t\t<\/div>\n\t\t\t\t\t\t\t\t\t\t\t<div class=\"swiper-slide\" data-slide=\"4\" role=\"group\" aria-roledescription=\"slide\" aria-label=\"4 of 5\" data-no-translation-aria-label=\"\">\n\t\t\t\t\t\t\t<div class=\"elementor-element elementor-element-8a23923 e-flex e-con-boxed e-con e-child\" data-id=\"8a23923\" data-element_type=\"container\">\n\t\t\t\t\t<div class=\"e-con-inner\">\n\t\t\t\t<div class=\"elementor-element elementor-element-d8955b7 elementor-widget elementor-widget-image\" data-id=\"d8955b7\" data-element_type=\"widget\" data-widget_type=\"image.default\">\n\t\t\t\t<div class=\"elementor-widget-container\">\n\t\t\t\t\t\t\t\t\t\t\t\t\t\t\t<img decoding=\"async\" width=\"533\" height=\"799\" data-src=\"https:\/\/nicola.pt\/wp-content\/uploads\/2025\/01\/Imagem6.jpg\" class=\"attachment-large size-large wp-image-988 lazyload\" alt=\"\" data-srcset=\"https:\/\/nicola.pt\/wp-content\/uploads\/2025\/01\/Imagem6.jpg 533w, https:\/\/nicola.pt\/wp-content\/uploads\/2025\/01\/Imagem6-200x300.jpg 200w, https:\/\/nicola.pt\/wp-content\/uploads\/2025\/01\/Imagem6-8x12.jpg 8w, https:\/\/nicola.pt\/wp-content\/uploads\/2025\/01\/Imagem6-16x24.jpg 16w, https:\/\/nicola.pt\/wp-content\/uploads\/2025\/01\/Imagem6-24x36.jpg 24w, https:\/\/nicola.pt\/wp-content\/uploads\/2025\/01\/Imagem6-32x48.jpg 32w\" data-sizes=\"(max-width: 533px) 100vw, 533px\" src=\"data:image\/svg+xml;base64,PHN2ZyB3aWR0aD0iMSIgaGVpZ2h0PSIxIiB4bWxucz0iaHR0cDovL3d3dy53My5vcmcvMjAwMC9zdmciPjwvc3ZnPg==\" style=\"--smush-placeholder-width: 533px; --smush-placeholder-aspect-ratio: 533\/799;\" \/>\t\t\t\t\t\t\t\t\t\t\t\t\t\t\t<\/div>\n\t\t\t\t<\/div>\n\t\t\t\t\t<\/div>\n\t\t\t\t<\/div>\n\t\t\t\t\t\t\t\t<\/div>\n\t\t\t\t\t\t\t\t\t\t\t<div class=\"swiper-slide\" data-slide=\"5\" role=\"group\" aria-roledescription=\"slide\" aria-label=\"5 of 5\" data-no-translation-aria-label=\"\">\n\t\t\t\t\t\t\t<div class=\"elementor-element elementor-element-01e7ea1 e-flex e-con-boxed e-con e-child\" data-id=\"01e7ea1\" data-element_type=\"container\">\n\t\t\t\t\t<div class=\"e-con-inner\">\n\t\t\t\t<div class=\"elementor-element elementor-element-43dff80 elementor-widget elementor-widget-image\" data-id=\"43dff80\" data-element_type=\"widget\" data-widget_type=\"image.default\">\n\t\t\t\t<div class=\"elementor-widget-container\">\n\t\t\t\t\t\t\t\t\t\t\t\t\t\t\t<img decoding=\"async\" width=\"683\" height=\"1024\" data-src=\"https:\/\/nicola.pt\/wp-content\/uploads\/2025\/01\/Imagem13_11zon-683x1024.jpg\" class=\"attachment-large size-large wp-image-995 lazyload\" alt=\"\" data-srcset=\"https:\/\/nicola.pt\/wp-content\/uploads\/2025\/01\/Imagem13_11zon-683x1024.jpg 683w, https:\/\/nicola.pt\/wp-content\/uploads\/2025\/01\/Imagem13_11zon-200x300.jpg 200w, https:\/\/nicola.pt\/wp-content\/uploads\/2025\/01\/Imagem13_11zon-768x1152.jpg 768w, https:\/\/nicola.pt\/wp-content\/uploads\/2025\/01\/Imagem13_11zon-8x12.jpg 8w, https:\/\/nicola.pt\/wp-content\/uploads\/2025\/01\/Imagem13_11zon-16x24.jpg 16w, https:\/\/nicola.pt\/wp-content\/uploads\/2025\/01\/Imagem13_11zon-24x36.jpg 24w, https:\/\/nicola.pt\/wp-content\/uploads\/2025\/01\/Imagem13_11zon-32x48.jpg 32w, https:\/\/nicola.pt\/wp-content\/uploads\/2025\/01\/Imagem13_11zon-600x900.jpg 600w, https:\/\/nicola.pt\/wp-content\/uploads\/2025\/01\/Imagem13_11zon.jpg 865w\" data-sizes=\"(max-width: 683px) 100vw, 683px\" src=\"data:image\/svg+xml;base64,PHN2ZyB3aWR0aD0iMSIgaGVpZ2h0PSIxIiB4bWxucz0iaHR0cDovL3d3dy53My5vcmcvMjAwMC9zdmciPjwvc3ZnPg==\" style=\"--smush-placeholder-width: 683px; --smush-placeholder-aspect-ratio: 683\/1024;\" \/>\t\t\t\t\t\t\t\t\t\t\t\t\t\t\t<\/div>\n\t\t\t\t<\/div>\n\t\t\t\t\t<\/div>\n\t\t\t\t<\/div>\n\t\t\t\t\t\t\t\t<\/div>\n\t\t\t\t\t\t\t\t<\/div>\n\t\t<\/div>\n\t\t\t\t\t<div class=\"elementor-swiper-button elementor-swiper-button-prev\" role=\"button\" tabindex=\"0\" aria-label=\"Previous\" data-no-translation-aria-label=\"\">\n\t\t\t\t<svg aria-hidden=\"true\" class=\"e-font-icon-svg e-eicon-chevron-left\" viewbox=\"0 0 1000 1000\" xmlns=\"http:\/\/www.w3.org\/2000\/svg\"><path d=\"M646 125C629 125 613 133 604 142L308 442C296 454 292 471 292 487 292 504 296 521 308 533L604 854C617 867 629 875 646 875 663 875 679 871 692 858 704 846 713 829 713 812 713 796 708 779 692 767L438 487 692 225C700 217 708 204 708 187 708 171 704 154 692 142 675 129 663 125 646 125Z\"><\/path><\/svg>\t\t\t<\/div>\n\t\t\t<div class=\"elementor-swiper-button elementor-swiper-button-next\" role=\"button\" tabindex=\"0\" aria-label=\"Next\" data-no-translation-aria-label=\"\">\n\t\t\t\t<svg aria-hidden=\"true\" class=\"e-font-icon-svg e-eicon-chevron-right\" viewbox=\"0 0 1000 1000\" xmlns=\"http:\/\/www.w3.org\/2000\/svg\"><path d=\"M696 533C708 521 713 504 713 487 713 471 708 454 696 446L400 146C388 133 375 125 354 125 338 125 325 129 313 142 300 154 292 171 292 187 292 204 296 221 308 233L563 492 304 771C292 783 288 800 288 817 288 833 296 850 308 863 321 871 338 875 354 875 371 875 388 867 400 854L696 533Z\"><\/path><\/svg>\t\t\t<\/div>\n\t\t\t\t\t<div class=\"swiper-pagination\"><\/div>\n\t\t\t\t\t\t<\/div>\n\t\t\t\t<\/div>\n\t\t\t\t<\/div>\n\t\t<div class=\"elementor-element elementor-element-2966e6d e-con-full e-flex e-con e-child\" data-id=\"2966e6d\" data-element_type=\"container\">\n\t\t\t\t<div class=\"elementor-element elementor-element-5772169 elementor-widget elementor-widget-text-editor\" data-id=\"5772169\" data-element_type=\"widget\" data-widget_type=\"text-editor.default\">\n\t\t\t\t<div class=\"elementor-widget-container\">\n\t\t\t\t\t\t\t\t\t<p>A Universidade do Caf\u00e9 \u00e9 um projeto emblem\u00e1tico da Massimo Zanetti Beverage Iberia, criada para promover a cultura do caf\u00e9 e elevar o conhecimento sobre esta bebida t\u00e3o apreciada.<\/p><p>Fundada em 2009, a Universidade do Caf\u00e9 come\u00e7ou por ser um recurso exclusivo para os colaboradores da MZBI, capacitando-os com um conhecimento profundo sobre o universo do caf\u00e9, desde o cultivo at\u00e9 \u00e0 produ\u00e7\u00e3o e confe\u00e7\u00e3o. Em 2011, esta valiosa forma\u00e7\u00e3o passou a ser partilhada com os nossos clientes.<\/p><p>Nos \u00faltimos anos, a arte do caf\u00e9 tem ganho um reconhecimento crescente. O cuidado e a paix\u00e3o dedicados ao cultivo, processamento e prepara\u00e7\u00e3o do caf\u00e9 refletem-se numa experi\u00eancia que vai al\u00e9m do simples ato de beber. Este aumento de interesse e apre\u00e7o pelo caf\u00e9 levou a um crescimento significativo do n\u00famero de participantes na nossa Universidade.<\/p><p>Se tem interesse em expandir os seus conhecimentos e fazer parte desta experi\u00eancia enriquecedora, convidamo-lo a informar-se junto do seu representante da Massimo Zanetti Beverage Iberia.<\/p><p>A Universidade do Caf\u00e9, est\u00e1 dedicada a transformar a forma como o caf\u00e9 \u00e9 apreciado e partilhado, uma ch\u00e1vena de cada vez.<\/p>\t\t\t\t\t\t\t\t<\/div>\n\t\t\t\t<\/div>\n\t\t\t\t<\/div>\n\t\t\t\t\t<\/div>\n\t\t\t\t<\/div>\n\t\t\t\t<\/div>","protected":false},"excerpt":{"rendered":"<p>A Universidade do Caf\u00e9 \u00e9 um projeto emblem\u00e1tico da Massimo Zanetti Beverage Iberia, criada para promover a cultura do caf\u00e9 e elevar o conhecimento sobre esta bebida t\u00e3o apreciada. Fundada em 2009, a Universidade do Caf\u00e9 come\u00e7ou por ser um recurso exclusivo para os colaboradores da MZBI, capacitando-os com um conhecimento profundo sobre o universo [&hellip;]<\/p>","protected":false},"author":2,"featured_media":0,"parent":0,"menu_order":0,"comment_status":"closed","ping_status":"closed","template":"","meta":{"_acf_changed":false,"footnotes":""},"class_list":["post-976","page","type-page","status-publish","hentry"],"acf":[],"yoast_head":"<!-- This site is optimized with the Yoast SEO plugin v26.7 - https:\/\/yoast.com\/wordpress\/plugins\/seo\/ -->\n<title>Universidade do Caf\u00e9 - Nicola Caf\u00e9<\/title>\n<meta name=\"robots\" content=\"index, follow, max-snippet:-1, max-image-preview:large, max-video-preview:-1\" \/>\n<link rel=\"canonical\" href=\"https:\/\/nicola.pt\/en\/universidade-do-cafe\/\" \/>\n<meta property=\"og:locale\" content=\"en_GB\" \/>\n<meta property=\"og:type\" content=\"article\" \/>\n<meta property=\"og:title\" content=\"Universidade do Caf\u00e9 - Nicola Caf\u00e9\" \/>\n<meta property=\"og:description\" content=\"A Universidade do Caf\u00e9 \u00e9 um projeto emblem\u00e1tico da Massimo Zanetti Beverage Iberia, criada para promover a cultura do caf\u00e9 e elevar o conhecimento sobre esta bebida t\u00e3o apreciada. Fundada em 2009, a Universidade do Caf\u00e9 come\u00e7ou por ser um recurso exclusivo para os colaboradores da MZBI, capacitando-os com um conhecimento profundo sobre o universo [&hellip;]\" \/>\n<meta property=\"og:url\" content=\"https:\/\/nicola.pt\/en\/universidade-do-cafe\/\" \/>\n<meta property=\"og:site_name\" content=\"Nicola Caf\u00e9\" \/>\n<meta property=\"article:modified_time\" content=\"2025-01-31T19:26:12+00:00\" \/>\n<meta property=\"og:image\" content=\"https:\/\/nicola.pt\/wp-content\/uploads\/2025\/01\/Imagem2.jpg\" \/>\n\t<meta property=\"og:image:width\" content=\"695\" \/>\n\t<meta property=\"og:image:height\" content=\"1043\" \/>\n\t<meta property=\"og:image:type\" content=\"image\/jpeg\" \/>\n<meta name=\"twitter:card\" content=\"summary_large_image\" \/>\n<meta name=\"twitter:label1\" content=\"Estimated reading time\" \/>\n\t<meta name=\"twitter:data1\" content=\"3 minutes\" \/>\n<script type=\"application\/ld+json\" class=\"yoast-schema-graph\">{\"@context\":\"https:\/\/schema.org\",\"@graph\":[{\"@type\":\"WebPage\",\"@id\":\"https:\/\/nicola.pt\/universidade-do-cafe\/\",\"url\":\"https:\/\/nicola.pt\/universidade-do-cafe\/\",\"name\":\"Universidade do Caf\u00e9 - Nicola Caf\u00e9\",\"isPartOf\":{\"@id\":\"https:\/\/nicola.pt\/#website\"},\"primaryImageOfPage\":{\"@id\":\"https:\/\/nicola.pt\/universidade-do-cafe\/#primaryimage\"},\"image\":{\"@id\":\"https:\/\/nicola.pt\/universidade-do-cafe\/#primaryimage\"},\"thumbnailUrl\":\"https:\/\/nicola.pt\/wp-content\/uploads\/2025\/01\/Imagem2-682x1024.jpg\",\"datePublished\":\"2025-01-31T18:14:04+00:00\",\"dateModified\":\"2025-01-31T19:26:12+00:00\",\"breadcrumb\":{\"@id\":\"https:\/\/nicola.pt\/universidade-do-cafe\/#breadcrumb\"},\"inLanguage\":\"en-GB\",\"potentialAction\":[{\"@type\":\"ReadAction\",\"target\":[\"https:\/\/nicola.pt\/universidade-do-cafe\/\"]}]},{\"@type\":\"ImageObject\",\"inLanguage\":\"en-GB\",\"@id\":\"https:\/\/nicola.pt\/universidade-do-cafe\/#primaryimage\",\"url\":\"https:\/\/nicola.pt\/wp-content\/uploads\/2025\/01\/Imagem2-682x1024.jpg\",\"contentUrl\":\"https:\/\/nicola.pt\/wp-content\/uploads\/2025\/01\/Imagem2-682x1024.jpg\"},{\"@type\":\"BreadcrumbList\",\"@id\":\"https:\/\/nicola.pt\/universidade-do-cafe\/#breadcrumb\",\"itemListElement\":[{\"@type\":\"ListItem\",\"position\":1,\"name\":\"Home\",\"item\":\"https:\/\/nicola.pt\/\"},{\"@type\":\"ListItem\",\"position\":2,\"name\":\"Universidade do Caf\u00e9\"}]},{\"@type\":\"WebSite\",\"@id\":\"https:\/\/nicola.pt\/#website\",\"url\":\"https:\/\/nicola.pt\/\",\"name\":\"Nicola Caf\u00e9\",\"description\":\"Desde 1779\",\"publisher\":{\"@id\":\"https:\/\/nicola.pt\/#organization\"},\"potentialAction\":[{\"@type\":\"SearchAction\",\"target\":{\"@type\":\"EntryPoint\",\"urlTemplate\":\"https:\/\/nicola.pt\/?s={search_term_string}\"},\"query-input\":{\"@type\":\"PropertyValueSpecification\",\"valueRequired\":true,\"valueName\":\"search_term_string\"}}],\"inLanguage\":\"en-GB\"},{\"@type\":\"Organization\",\"@id\":\"https:\/\/nicola.pt\/#organization\",\"name\":\"Nicola Caf\u00e9\",\"url\":\"https:\/\/nicola.pt\/\",\"logo\":{\"@type\":\"ImageObject\",\"inLanguage\":\"en-GB\",\"@id\":\"https:\/\/nicola.pt\/#\/schema\/logo\/image\/\",\"url\":\"https:\/\/nicola.pt\/wp-content\/uploads\/2024\/09\/logo.jpg\",\"contentUrl\":\"https:\/\/nicola.pt\/wp-content\/uploads\/2024\/09\/logo.jpg\",\"width\":617,\"height\":617,\"caption\":\"Nicola Caf\u00e9\"},\"image\":{\"@id\":\"https:\/\/nicola.pt\/#\/schema\/logo\/image\/\"}}]}<\/script>\n<!-- \/ Yoast SEO plugin. -->","yoast_head_json":{"title":"Universidade do Caf\u00e9 - Nicola Caf\u00e9","robots":{"index":"index","follow":"follow","max-snippet":"max-snippet:-1","max-image-preview":"max-image-preview:large","max-video-preview":"max-video-preview:-1"},"canonical":"https:\/\/nicola.pt\/en\/universidade-do-cafe\/","og_locale":"en_GB","og_type":"article","og_title":"Universidade do Caf\u00e9 - Nicola Caf\u00e9","og_description":"A Universidade do Caf\u00e9 \u00e9 um projeto emblem\u00e1tico da Massimo Zanetti Beverage Iberia, criada para promover a cultura do caf\u00e9 e elevar o conhecimento sobre esta bebida t\u00e3o apreciada. Fundada em 2009, a Universidade do Caf\u00e9 come\u00e7ou por ser um recurso exclusivo para os colaboradores da MZBI, capacitando-os com um conhecimento profundo sobre o universo [&hellip;]","og_url":"https:\/\/nicola.pt\/en\/universidade-do-cafe\/","og_site_name":"Nicola Caf\u00e9","article_modified_time":"2025-01-31T19:26:12+00:00","og_image":[{"width":695,"height":1043,"url":"https:\/\/nicola.pt\/wp-content\/uploads\/2025\/01\/Imagem2.jpg","type":"image\/jpeg"}],"twitter_card":"summary_large_image","twitter_misc":{"Estimated reading time":"3 minutes"},"schema":{"@context":"https:\/\/schema.org","@graph":[{"@type":"WebPage","@id":"https:\/\/nicola.pt\/universidade-do-cafe\/","url":"https:\/\/nicola.pt\/universidade-do-cafe\/","name":"Universidade do Caf\u00e9 - Nicola Caf\u00e9","isPartOf":{"@id":"https:\/\/nicola.pt\/#website"},"primaryImageOfPage":{"@id":"https:\/\/nicola.pt\/universidade-do-cafe\/#primaryimage"},"image":{"@id":"https:\/\/nicola.pt\/universidade-do-cafe\/#primaryimage"},"thumbnailUrl":"https:\/\/nicola.pt\/wp-content\/uploads\/2025\/01\/Imagem2-682x1024.jpg","datePublished":"2025-01-31T18:14:04+00:00","dateModified":"2025-01-31T19:26:12+00:00","breadcrumb":{"@id":"https:\/\/nicola.pt\/universidade-do-cafe\/#breadcrumb"},"inLanguage":"en-GB","potentialAction":[{"@type":"ReadAction","target":["https:\/\/nicola.pt\/universidade-do-cafe\/"]}]},{"@type":"ImageObject","inLanguage":"en-GB","@id":"https:\/\/nicola.pt\/universidade-do-cafe\/#primaryimage","url":"https:\/\/nicola.pt\/wp-content\/uploads\/2025\/01\/Imagem2-682x1024.jpg","contentUrl":"https:\/\/nicola.pt\/wp-content\/uploads\/2025\/01\/Imagem2-682x1024.jpg"},{"@type":"BreadcrumbList","@id":"https:\/\/nicola.pt\/universidade-do-cafe\/#breadcrumb","itemListElement":[{"@type":"ListItem","position":1,"name":"Home","item":"https:\/\/nicola.pt\/"},{"@type":"ListItem","position":2,"name":"Universidade do Caf\u00e9"}]},{"@type":"WebSite","@id":"https:\/\/nicola.pt\/#website","url":"https:\/\/nicola.pt\/","name":"Nicola Caf\u00e9","description":"Desde 1779","publisher":{"@id":"https:\/\/nicola.pt\/#organization"},"potentialAction":[{"@type":"SearchAction","target":{"@type":"EntryPoint","urlTemplate":"https:\/\/nicola.pt\/?s={search_term_string}"},"query-input":{"@type":"PropertyValueSpecification","valueRequired":true,"valueName":"search_term_string"}}],"inLanguage":"en-GB"},{"@type":"Organization","@id":"https:\/\/nicola.pt\/#organization","name":"Nicola Caf\u00e9","url":"https:\/\/nicola.pt\/","logo":{"@type":"ImageObject","inLanguage":"en-GB","@id":"https:\/\/nicola.pt\/#\/schema\/logo\/image\/","url":"https:\/\/nicola.pt\/wp-content\/uploads\/2024\/09\/logo.jpg","contentUrl":"https:\/\/nicola.pt\/wp-content\/uploads\/2024\/09\/logo.jpg","width":617,"height":617,"caption":"Nicola Caf\u00e9"},"image":{"@id":"https:\/\/nicola.pt\/#\/schema\/logo\/image\/"}}]}},"_links":{"self":[{"href":"https:\/\/nicola.pt\/en\/wp-json\/wp\/v2\/pages\/976","targetHints":{"allow":["GET"]}}],"collection":[{"href":"https:\/\/nicola.pt\/en\/wp-json\/wp\/v2\/pages"}],"about":[{"href":"https:\/\/nicola.pt\/en\/wp-json\/wp\/v2\/types\/page"}],"author":[{"embeddable":true,"href":"https:\/\/nicola.pt\/en\/wp-json\/wp\/v2\/users\/2"}],"replies":[{"embeddable":true,"href":"https:\/\/nicola.pt\/en\/wp-json\/wp\/v2\/comments?post=976"}],"version-history":[{"count":28,"href":"https:\/\/nicola.pt\/en\/wp-json\/wp\/v2\/pages\/976\/revisions"}],"predecessor-version":[{"id":1020,"href":"https:\/\/nicola.pt\/en\/wp-json\/wp\/v2\/pages\/976\/revisions\/1020"}],"wp:attachment":[{"href":"https:\/\/nicola.pt\/en\/wp-json\/wp\/v2\/media?parent=976"}],"curies":[{"name":"wp","href":"https:\/\/api.w.org\/{rel}","templated":true}]}}