{"id":243,"date":"2024-09-24T11:05:49","date_gmt":"2024-09-24T11:05:49","guid":{"rendered":"https:\/\/nicola.pt\/?post_type=product&#038;p=243"},"modified":"2024-09-25T08:53:33","modified_gmt":"2024-09-25T08:53:33","slug":"nicola-100-arabica-cx10-capsulas","status":"publish","type":"product","link":"https:\/\/nicola.pt\/en\/product\/nicola-100-arabica-cx10-capsulas\/","title":{"rendered":"Nicola 100% Ar\u00e1bica (cx10) c\u00e1psulas"},"content":{"rendered":"<p>Nicola 100% Ar\u00e1bica &#8211; Chegaram as novas c\u00e1psulas Nicola 100% alum\u00ednio recicl\u00e1vel, compat\u00edveis com as m\u00e1quinas de uso dom\u00e9stico Nespresso\u00ae*, para que possa ter a melhor experi\u00eancia Nicola em qualquer momento do seu dia.<\/p>\n<p>Um caf\u00e9 100% Ar\u00e1bica com gr\u00e3os delicadamente escolhidos para um equil\u00edbrio de acidez com do\u00e7ura, com notas de chocolate e citrinos.<\/p>\n<p>A experi\u00eancia de um expresso com o requinte de um 100% Ar\u00e1bica.<\/p>\n<p>Alum\u00ednio 100% recicl\u00e1vel &#8211; na dire\u00e7\u00e3o de uma experi\u00eancia de caf\u00e9 mais sustent\u00e1vel &#8211; saiba mais sobre a nossa <a href=\"https:\/\/nicola.pt\/en\/sustentabilidade\/\"><span style=\"color: #f9be0e;\">Sustainability<\/span><\/a>.<\/p>\n<p>&nbsp;<\/p>\n<p><img decoding=\"async\" class=\"alignnone size-full wp-image-2590 lazyload\" data-src=\"https:\/\/nicola.pt\/wp-content\/uploads\/2024\/09\/nespresso_54g-ezgif.com-resize.gif\" alt=\"\" width=\"131\" height=\"50\" src=\"data:image\/svg+xml;base64,PHN2ZyB3aWR0aD0iMSIgaGVpZ2h0PSIxIiB4bWxucz0iaHR0cDovL3d3dy53My5vcmcvMjAwMC9zdmciPjwvc3ZnPg==\" style=\"--smush-placeholder-width: 131px; --smush-placeholder-aspect-ratio: 131\/50;\" \/>\u00a0 \u00a0 <img decoding=\"async\" class=\"alignnone size-full wp-image-2589 lazyload\" data-src=\"https:\/\/nicola.pt\/wp-content\/uploads\/2024\/09\/tubo10_1-ezgif.com-resize.gif\" alt=\"\" width=\"241\" height=\"50\" src=\"data:image\/svg+xml;base64,PHN2ZyB3aWR0aD0iMSIgaGVpZ2h0PSIxIiB4bWxucz0iaHR0cDovL3d3dy53My5vcmcvMjAwMC9zdmciPjwvc3ZnPg==\" style=\"--smush-placeholder-width: 241px; --smush-placeholder-aspect-ratio: 241\/50;\" \/><\/p>\n<p>&nbsp;<\/p>\n<p>Intensidade 10<\/p>\n<p>100% alum\u00ednio recicl\u00e1vel.<\/p>\n<p>Caixa de 10 C\u00e1psulas (10 x 54g)<\/p>\n<p>&nbsp;<\/p>\n<p>&nbsp;<\/p>\n<p>&nbsp;<\/p>\n<p style=\"font-size: 70%;\">(*) Trademark registered in the name of a company not related to Massimo Zanetti Beverage Ib\u00e9ria S.A.<\/p>\n<p>&nbsp;<\/p>","protected":false},"excerpt":{"rendered":"<p>Nicola 100% Ar\u00e1bica &#8211; Chegaram as novas c\u00e1psulas Nicola 100% alum\u00ednio recicl\u00e1vel, compat\u00edveis com as m\u00e1quinas de uso dom\u00e9stico Nespresso\u00ae*, para que possa ter a melhor experi\u00eancia Nicola em qualquer momento do seu dia. Um caf\u00e9 100% Ar\u00e1bica com gr\u00e3os delicadamente escolhidos para um equil\u00edbrio de acidez com do\u00e7ura, com notas de chocolate e citrinos. [&hellip;]<\/p>\n","protected":false},"featured_media":159,"comment_status":"closed","ping_status":"closed","template":"","meta":{"_acf_changed":false},"product_brand":[],"product_cat":[21,27],"product_tag":[28,23,29,25],"class_list":{"0":"post-243","1":"product","2":"type-product","3":"status-publish","4":"has-post-thumbnail","6":"product_cat-cafe-em-casa","7":"product_cat-capsula-nespresso","8":"product_tag-aluminio","9":"product_tag-cafe","10":"product_tag-capsula-nespresso","11":"product_tag-casa","13":"first","14":"instock","15":"featured","16":"shipping-taxable","17":"product-type-simple"},"acf":[],"yoast_head":"<!-- This site is optimized with the Yoast SEO plugin v27.3 - https:\/\/yoast.com\/product\/yoast-seo-wordpress\/ -->\n<title>Nicola 100% Ar\u00e1bica (cx10) c\u00e1psulas - Nicola Caf\u00e9<\/title>\n<meta name=\"description\" content=\"Um caf\u00e9 100% Ar\u00e1bica com gr\u00e3os delicadamente escolhidos para um equil\u00edbrio de acidez com do\u00e7ura, com notas de chocolate e citrinos.\" \/>\n<meta name=\"robots\" content=\"index, follow, max-snippet:-1, max-image-preview:large, max-video-preview:-1\" \/>\n<link rel=\"canonical\" href=\"https:\/\/nicola.pt\/en\/product\/nicola-100-arabica-cx10-capsulas\/\" \/>\n<meta property=\"og:locale\" content=\"en_GB\" \/>\n<meta property=\"og:type\" content=\"article\" \/>\n<meta property=\"og:title\" content=\"Nicola 100% Ar\u00e1bica (cx10) c\u00e1psulas - Nicola Caf\u00e9\" \/>\n<meta property=\"og:description\" content=\"Um caf\u00e9 100% Ar\u00e1bica com gr\u00e3os delicadamente escolhidos para um equil\u00edbrio de acidez com do\u00e7ura, com notas de chocolate e citrinos.\" \/>\n<meta property=\"og:url\" content=\"https:\/\/nicola.pt\/en\/product\/nicola-100-arabica-cx10-capsulas\/\" \/>\n<meta property=\"og:site_name\" content=\"Nicola Caf\u00e9\" \/>\n<meta property=\"article:modified_time\" content=\"2024-09-25T08:53:33+00:00\" \/>\n<meta property=\"og:image\" content=\"https:\/\/nicola.pt\/wp-content\/uploads\/2024\/09\/0_arabica_small.png\" \/>\n\t<meta property=\"og:image:width\" content=\"1100\" \/>\n\t<meta property=\"og:image:height\" content=\"1422\" \/>\n\t<meta property=\"og:image:type\" content=\"image\/png\" \/>\n<meta name=\"twitter:card\" content=\"summary_large_image\" \/>\n<meta name=\"twitter:label1\" content=\"Estimated reading time\" \/>\n\t<meta name=\"twitter:data1\" content=\"2 minutes\" \/>\n<script type=\"application\/ld+json\" class=\"yoast-schema-graph\">{\"@context\":\"https:\\\/\\\/schema.org\",\"@graph\":[{\"@type\":\"WebPage\",\"@id\":\"https:\\\/\\\/nicola.pt\\\/product\\\/nicola-100-arabica-cx10-capsulas\\\/\",\"url\":\"https:\\\/\\\/nicola.pt\\\/product\\\/nicola-100-arabica-cx10-capsulas\\\/\",\"name\":\"Nicola 100% Ar\u00e1bica (cx10) c\u00e1psulas - Nicola Caf\u00e9\",\"isPartOf\":{\"@id\":\"https:\\\/\\\/nicola.pt\\\/#website\"},\"primaryImageOfPage\":{\"@id\":\"https:\\\/\\\/nicola.pt\\\/product\\\/nicola-100-arabica-cx10-capsulas\\\/#primaryimage\"},\"image\":{\"@id\":\"https:\\\/\\\/nicola.pt\\\/product\\\/nicola-100-arabica-cx10-capsulas\\\/#primaryimage\"},\"thumbnailUrl\":\"https:\\\/\\\/nicola.pt\\\/wp-content\\\/uploads\\\/2024\\\/09\\\/0_arabica_small.png\",\"datePublished\":\"2024-09-24T11:05:49+00:00\",\"dateModified\":\"2024-09-25T08:53:33+00:00\",\"description\":\"Um caf\u00e9 100% Ar\u00e1bica com gr\u00e3os delicadamente escolhidos para um equil\u00edbrio de acidez com do\u00e7ura, com notas de chocolate e citrinos.\",\"breadcrumb\":{\"@id\":\"https:\\\/\\\/nicola.pt\\\/product\\\/nicola-100-arabica-cx10-capsulas\\\/#breadcrumb\"},\"inLanguage\":\"en-GB\",\"potentialAction\":[{\"@type\":\"ReadAction\",\"target\":[\"https:\\\/\\\/nicola.pt\\\/product\\\/nicola-100-arabica-cx10-capsulas\\\/\"]}]},{\"@type\":\"ImageObject\",\"inLanguage\":\"en-GB\",\"@id\":\"https:\\\/\\\/nicola.pt\\\/product\\\/nicola-100-arabica-cx10-capsulas\\\/#primaryimage\",\"url\":\"https:\\\/\\\/nicola.pt\\\/wp-content\\\/uploads\\\/2024\\\/09\\\/0_arabica_small.png\",\"contentUrl\":\"https:\\\/\\\/nicola.pt\\\/wp-content\\\/uploads\\\/2024\\\/09\\\/0_arabica_small.png\",\"width\":1100,\"height\":1422,\"caption\":\"Nicola 100% Ar\u00e1bica\"},{\"@type\":\"BreadcrumbList\",\"@id\":\"https:\\\/\\\/nicola.pt\\\/product\\\/nicola-100-arabica-cx10-capsulas\\\/#breadcrumb\",\"itemListElement\":[{\"@type\":\"ListItem\",\"position\":1,\"name\":\"Home\",\"item\":\"https:\\\/\\\/nicola.pt\\\/\"},{\"@type\":\"ListItem\",\"position\":2,\"name\":\"Checkout\",\"item\":\"https:\\\/\\\/nicola.pt\\\/checkout\\\/\"},{\"@type\":\"ListItem\",\"position\":3,\"name\":\"Nicola 100% Ar\u00e1bica (cx10) c\u00e1psulas\"}]},{\"@type\":\"WebSite\",\"@id\":\"https:\\\/\\\/nicola.pt\\\/#website\",\"url\":\"https:\\\/\\\/nicola.pt\\\/\",\"name\":\"Nicola Caf\u00e9\",\"description\":\"Desde 1779\",\"publisher\":{\"@id\":\"https:\\\/\\\/nicola.pt\\\/#organization\"},\"potentialAction\":[{\"@type\":\"SearchAction\",\"target\":{\"@type\":\"EntryPoint\",\"urlTemplate\":\"https:\\\/\\\/nicola.pt\\\/?s={search_term_string}\"},\"query-input\":{\"@type\":\"PropertyValueSpecification\",\"valueRequired\":true,\"valueName\":\"search_term_string\"}}],\"inLanguage\":\"en-GB\"},{\"@type\":\"Organization\",\"@id\":\"https:\\\/\\\/nicola.pt\\\/#organization\",\"name\":\"Nicola Caf\u00e9\",\"url\":\"https:\\\/\\\/nicola.pt\\\/\",\"logo\":{\"@type\":\"ImageObject\",\"inLanguage\":\"en-GB\",\"@id\":\"https:\\\/\\\/nicola.pt\\\/#\\\/schema\\\/logo\\\/image\\\/\",\"url\":\"https:\\\/\\\/nicola.pt\\\/wp-content\\\/uploads\\\/2024\\\/09\\\/logo.jpg\",\"contentUrl\":\"https:\\\/\\\/nicola.pt\\\/wp-content\\\/uploads\\\/2024\\\/09\\\/logo.jpg\",\"width\":617,\"height\":617,\"caption\":\"Nicola Caf\u00e9\"},\"image\":{\"@id\":\"https:\\\/\\\/nicola.pt\\\/#\\\/schema\\\/logo\\\/image\\\/\"}}]}<\/script>\n<!-- \/ Yoast SEO plugin. -->","yoast_head_json":{"title":"Nicola 100% Ar\u00e1bica (cx10) c\u00e1psulas - Nicola Caf\u00e9","description":"Um caf\u00e9 100% Ar\u00e1bica com gr\u00e3os delicadamente escolhidos para um equil\u00edbrio de acidez com do\u00e7ura, com notas de chocolate e citrinos.","robots":{"index":"index","follow":"follow","max-snippet":"max-snippet:-1","max-image-preview":"max-image-preview:large","max-video-preview":"max-video-preview:-1"},"canonical":"https:\/\/nicola.pt\/en\/product\/nicola-100-arabica-cx10-capsulas\/","og_locale":"en_GB","og_type":"article","og_title":"Nicola 100% Ar\u00e1bica (cx10) c\u00e1psulas - Nicola Caf\u00e9","og_description":"Um caf\u00e9 100% Ar\u00e1bica com gr\u00e3os delicadamente escolhidos para um equil\u00edbrio de acidez com do\u00e7ura, com notas de chocolate e citrinos.","og_url":"https:\/\/nicola.pt\/en\/product\/nicola-100-arabica-cx10-capsulas\/","og_site_name":"Nicola Caf\u00e9","article_modified_time":"2024-09-25T08:53:33+00:00","og_image":[{"width":1100,"height":1422,"url":"https:\/\/nicola.pt\/wp-content\/uploads\/2024\/09\/0_arabica_small.png","type":"image\/png"}],"twitter_card":"summary_large_image","twitter_misc":{"Estimated reading time":"2 minutes"},"schema":{"@context":"https:\/\/schema.org","@graph":[{"@type":"WebPage","@id":"https:\/\/nicola.pt\/product\/nicola-100-arabica-cx10-capsulas\/","url":"https:\/\/nicola.pt\/product\/nicola-100-arabica-cx10-capsulas\/","name":"Nicola 100% Ar\u00e1bica (cx10) c\u00e1psulas - Nicola Caf\u00e9","isPartOf":{"@id":"https:\/\/nicola.pt\/#website"},"primaryImageOfPage":{"@id":"https:\/\/nicola.pt\/product\/nicola-100-arabica-cx10-capsulas\/#primaryimage"},"image":{"@id":"https:\/\/nicola.pt\/product\/nicola-100-arabica-cx10-capsulas\/#primaryimage"},"thumbnailUrl":"https:\/\/nicola.pt\/wp-content\/uploads\/2024\/09\/0_arabica_small.png","datePublished":"2024-09-24T11:05:49+00:00","dateModified":"2024-09-25T08:53:33+00:00","description":"Um caf\u00e9 100% Ar\u00e1bica com gr\u00e3os delicadamente escolhidos para um equil\u00edbrio de acidez com do\u00e7ura, com notas de chocolate e citrinos.","breadcrumb":{"@id":"https:\/\/nicola.pt\/product\/nicola-100-arabica-cx10-capsulas\/#breadcrumb"},"inLanguage":"en-GB","potentialAction":[{"@type":"ReadAction","target":["https:\/\/nicola.pt\/product\/nicola-100-arabica-cx10-capsulas\/"]}]},{"@type":"ImageObject","inLanguage":"en-GB","@id":"https:\/\/nicola.pt\/product\/nicola-100-arabica-cx10-capsulas\/#primaryimage","url":"https:\/\/nicola.pt\/wp-content\/uploads\/2024\/09\/0_arabica_small.png","contentUrl":"https:\/\/nicola.pt\/wp-content\/uploads\/2024\/09\/0_arabica_small.png","width":1100,"height":1422,"caption":"Nicola 100% Ar\u00e1bica"},{"@type":"BreadcrumbList","@id":"https:\/\/nicola.pt\/product\/nicola-100-arabica-cx10-capsulas\/#breadcrumb","itemListElement":[{"@type":"ListItem","position":1,"name":"Home","item":"https:\/\/nicola.pt\/"},{"@type":"ListItem","position":2,"name":"Checkout","item":"https:\/\/nicola.pt\/checkout\/"},{"@type":"ListItem","position":3,"name":"Nicola 100% Ar\u00e1bica (cx10) c\u00e1psulas"}]},{"@type":"WebSite","@id":"https:\/\/nicola.pt\/#website","url":"https:\/\/nicola.pt\/","name":"Nicola Caf\u00e9","description":"Desde 1779","publisher":{"@id":"https:\/\/nicola.pt\/#organization"},"potentialAction":[{"@type":"SearchAction","target":{"@type":"EntryPoint","urlTemplate":"https:\/\/nicola.pt\/?s={search_term_string}"},"query-input":{"@type":"PropertyValueSpecification","valueRequired":true,"valueName":"search_term_string"}}],"inLanguage":"en-GB"},{"@type":"Organization","@id":"https:\/\/nicola.pt\/#organization","name":"Nicola Caf\u00e9","url":"https:\/\/nicola.pt\/","logo":{"@type":"ImageObject","inLanguage":"en-GB","@id":"https:\/\/nicola.pt\/#\/schema\/logo\/image\/","url":"https:\/\/nicola.pt\/wp-content\/uploads\/2024\/09\/logo.jpg","contentUrl":"https:\/\/nicola.pt\/wp-content\/uploads\/2024\/09\/logo.jpg","width":617,"height":617,"caption":"Nicola Caf\u00e9"},"image":{"@id":"https:\/\/nicola.pt\/#\/schema\/logo\/image\/"}}]}},"_links":{"self":[{"href":"https:\/\/nicola.pt\/en\/wp-json\/wp\/v2\/product\/243","targetHints":{"allow":["GET"]}}],"collection":[{"href":"https:\/\/nicola.pt\/en\/wp-json\/wp\/v2\/product"}],"about":[{"href":"https:\/\/nicola.pt\/en\/wp-json\/wp\/v2\/types\/product"}],"replies":[{"embeddable":true,"href":"https:\/\/nicola.pt\/en\/wp-json\/wp\/v2\/comments?post=243"}],"wp:featuredmedia":[{"embeddable":true,"href":"https:\/\/nicola.pt\/en\/wp-json\/wp\/v2\/media\/159"}],"wp:attachment":[{"href":"https:\/\/nicola.pt\/en\/wp-json\/wp\/v2\/media?parent=243"}],"wp:term":[{"taxonomy":"product_brand","embeddable":true,"href":"https:\/\/nicola.pt\/en\/wp-json\/wp\/v2\/product_brand?post=243"},{"taxonomy":"product_cat","embeddable":true,"href":"https:\/\/nicola.pt\/en\/wp-json\/wp\/v2\/product_cat?post=243"},{"taxonomy":"product_tag","embeddable":true,"href":"https:\/\/nicola.pt\/en\/wp-json\/wp\/v2\/product_tag?post=243"}],"curies":[{"name":"wp","href":"https:\/\/api.w.org\/{rel}","templated":true}]}}