{"id":281,"date":"2024-09-24T11:06:39","date_gmt":"2024-09-24T11:06:39","guid":{"rendered":"https:\/\/nicola.pt\/?post_type=product&#038;p=281"},"modified":"2024-09-25T09:32:52","modified_gmt":"2024-09-25T09:32:52","slug":"nicola-bocage-250g-moido","status":"publish","type":"product","link":"https:\/\/nicola.pt\/en\/product\/nicola-bocage-250g-moido\/","title":{"rendered":"Nicola Bocage (250g) mo\u00eddo"},"content":{"rendered":"<p>O lote Nicola Bocage (250g) agora em mo\u00eddo, \u00e9 encontro com a intensidade e corpo dos caf\u00e9s Robusta, combinado com a riqueza de aromas de Ar\u00e1bica da Am\u00e9rica Central e Sul.<\/p>\n<p>Com uma torra m\u00e9dia, tornando Nicola Bocage um caf\u00e9 cremoso, tipicamente portugu\u00eas.<\/p>\n<p>&nbsp;<\/p>\n<p>Intensidade 7<\/p>\n<p>250g<\/p>","protected":false},"excerpt":{"rendered":"<p>O lote Nicola Bocage (250g) agora em mo\u00eddo, \u00e9 encontro com a intensidade e corpo dos caf\u00e9s Robusta, combinado com a riqueza de aromas de Ar\u00e1bica da Am\u00e9rica Central e Sul. Com uma torra m\u00e9dia, tornando Nicola Bocage um caf\u00e9 cremoso, tipicamente portugu\u00eas. &nbsp; Intensidade 7 250g<\/p>","protected":false},"featured_media":282,"comment_status":"closed","ping_status":"closed","template":"","meta":{"_acf_changed":false},"product_brand":[],"product_cat":[21,30],"product_tag":[23,25,31],"class_list":{"0":"post-281","1":"product","2":"type-product","3":"status-publish","4":"has-post-thumbnail","6":"product_cat-cafe-em-casa","7":"product_cat-moido","8":"product_tag-cafe","9":"product_tag-casa","10":"product_tag-moido","12":"first","13":"instock","14":"featured","15":"shipping-taxable","16":"product-type-simple"},"acf":[],"yoast_head":"<!-- This site is optimized with the Yoast SEO plugin v26.7 - https:\/\/yoast.com\/wordpress\/plugins\/seo\/ -->\n<title>Nicola Bocage (250g) mo\u00eddo - Nicola Caf\u00e9<\/title>\n<meta name=\"description\" content=\"Nicola Bocage (250g), \u00e9 encontro com a intensidade e corpo dos caf\u00e9s Robusta, combinado com a riqueza de aromas de Ar\u00e1bica da Am\u00e9rica Central e Sul.\" \/>\n<meta name=\"robots\" content=\"index, follow, max-snippet:-1, max-image-preview:large, max-video-preview:-1\" \/>\n<link rel=\"canonical\" href=\"https:\/\/nicola.pt\/en\/product\/nicola-bocage-250g-moido\/\" \/>\n<meta property=\"og:locale\" content=\"en_GB\" \/>\n<meta property=\"og:type\" content=\"article\" \/>\n<meta property=\"og:title\" content=\"Nicola Bocage (250g) mo\u00eddo - Nicola Caf\u00e9\" \/>\n<meta property=\"og:description\" content=\"Nicola Bocage (250g), \u00e9 encontro com a intensidade e corpo dos caf\u00e9s Robusta, combinado com a riqueza de aromas de Ar\u00e1bica da Am\u00e9rica Central e Sul.\" \/>\n<meta property=\"og:url\" content=\"https:\/\/nicola.pt\/en\/product\/nicola-bocage-250g-moido\/\" \/>\n<meta property=\"og:site_name\" content=\"Nicola Caf\u00e9\" \/>\n<meta property=\"article:modified_time\" content=\"2024-09-25T09:32:52+00:00\" \/>\n<meta property=\"og:image\" content=\"https:\/\/nicola.pt\/wp-content\/uploads\/2024\/09\/bocage-250_1_small.png\" \/>\n\t<meta property=\"og:image:width\" content=\"1100\" \/>\n\t<meta property=\"og:image:height\" content=\"1422\" \/>\n\t<meta property=\"og:image:type\" content=\"image\/png\" \/>\n<meta name=\"twitter:card\" content=\"summary_large_image\" \/>\n<meta name=\"twitter:label1\" content=\"Estimated reading time\" \/>\n\t<meta name=\"twitter:data1\" content=\"1 minute\" \/>\n<script type=\"application\/ld+json\" class=\"yoast-schema-graph\">{\"@context\":\"https:\/\/schema.org\",\"@graph\":[{\"@type\":\"WebPage\",\"@id\":\"https:\/\/nicola.pt\/product\/nicola-bocage-250g-moido\/\",\"url\":\"https:\/\/nicola.pt\/product\/nicola-bocage-250g-moido\/\",\"name\":\"Nicola Bocage (250g) mo\u00eddo - Nicola Caf\u00e9\",\"isPartOf\":{\"@id\":\"https:\/\/nicola.pt\/#website\"},\"primaryImageOfPage\":{\"@id\":\"https:\/\/nicola.pt\/product\/nicola-bocage-250g-moido\/#primaryimage\"},\"image\":{\"@id\":\"https:\/\/nicola.pt\/product\/nicola-bocage-250g-moido\/#primaryimage\"},\"thumbnailUrl\":\"https:\/\/nicola.pt\/wp-content\/uploads\/2024\/09\/bocage-250_1_small.png\",\"datePublished\":\"2024-09-24T11:06:39+00:00\",\"dateModified\":\"2024-09-25T09:32:52+00:00\",\"description\":\"Nicola Bocage (250g), \u00e9 encontro com a intensidade e corpo dos caf\u00e9s Robusta, combinado com a riqueza de aromas de Ar\u00e1bica da Am\u00e9rica Central e Sul.\",\"breadcrumb\":{\"@id\":\"https:\/\/nicola.pt\/product\/nicola-bocage-250g-moido\/#breadcrumb\"},\"inLanguage\":\"en-GB\",\"potentialAction\":[{\"@type\":\"ReadAction\",\"target\":[\"https:\/\/nicola.pt\/product\/nicola-bocage-250g-moido\/\"]}]},{\"@type\":\"ImageObject\",\"inLanguage\":\"en-GB\",\"@id\":\"https:\/\/nicola.pt\/product\/nicola-bocage-250g-moido\/#primaryimage\",\"url\":\"https:\/\/nicola.pt\/wp-content\/uploads\/2024\/09\/bocage-250_1_small.png\",\"contentUrl\":\"https:\/\/nicola.pt\/wp-content\/uploads\/2024\/09\/bocage-250_1_small.png\",\"width\":1100,\"height\":1422,\"caption\":\"Nicola Bocage (250g)\"},{\"@type\":\"BreadcrumbList\",\"@id\":\"https:\/\/nicola.pt\/product\/nicola-bocage-250g-moido\/#breadcrumb\",\"itemListElement\":[{\"@type\":\"ListItem\",\"position\":1,\"name\":\"Home\",\"item\":\"https:\/\/nicola.pt\/\"},{\"@type\":\"ListItem\",\"position\":2,\"name\":\"Shop\",\"item\":\"https:\/\/nicola.pt\/shop\/\"},{\"@type\":\"ListItem\",\"position\":3,\"name\":\"Nicola Bocage (250g) mo\u00eddo\"}]},{\"@type\":\"WebSite\",\"@id\":\"https:\/\/nicola.pt\/#website\",\"url\":\"https:\/\/nicola.pt\/\",\"name\":\"Nicola Caf\u00e9\",\"description\":\"Desde 1779\",\"publisher\":{\"@id\":\"https:\/\/nicola.pt\/#organization\"},\"potentialAction\":[{\"@type\":\"SearchAction\",\"target\":{\"@type\":\"EntryPoint\",\"urlTemplate\":\"https:\/\/nicola.pt\/?s={search_term_string}\"},\"query-input\":{\"@type\":\"PropertyValueSpecification\",\"valueRequired\":true,\"valueName\":\"search_term_string\"}}],\"inLanguage\":\"en-GB\"},{\"@type\":\"Organization\",\"@id\":\"https:\/\/nicola.pt\/#organization\",\"name\":\"Nicola Caf\u00e9\",\"url\":\"https:\/\/nicola.pt\/\",\"logo\":{\"@type\":\"ImageObject\",\"inLanguage\":\"en-GB\",\"@id\":\"https:\/\/nicola.pt\/#\/schema\/logo\/image\/\",\"url\":\"https:\/\/nicola.pt\/wp-content\/uploads\/2024\/09\/logo.jpg\",\"contentUrl\":\"https:\/\/nicola.pt\/wp-content\/uploads\/2024\/09\/logo.jpg\",\"width\":617,\"height\":617,\"caption\":\"Nicola Caf\u00e9\"},\"image\":{\"@id\":\"https:\/\/nicola.pt\/#\/schema\/logo\/image\/\"}}]}<\/script>\n<!-- \/ Yoast SEO plugin. -->","yoast_head_json":{"title":"Nicola Bocage (250g) mo\u00eddo - Nicola Caf\u00e9","description":"Nicola Bocage (250g), \u00e9 encontro com a intensidade e corpo dos caf\u00e9s Robusta, combinado com a riqueza de aromas de Ar\u00e1bica da Am\u00e9rica Central e Sul.","robots":{"index":"index","follow":"follow","max-snippet":"max-snippet:-1","max-image-preview":"max-image-preview:large","max-video-preview":"max-video-preview:-1"},"canonical":"https:\/\/nicola.pt\/en\/product\/nicola-bocage-250g-moido\/","og_locale":"en_GB","og_type":"article","og_title":"Nicola Bocage (250g) mo\u00eddo - Nicola Caf\u00e9","og_description":"Nicola Bocage (250g), \u00e9 encontro com a intensidade e corpo dos caf\u00e9s Robusta, combinado com a riqueza de aromas de Ar\u00e1bica da Am\u00e9rica Central e Sul.","og_url":"https:\/\/nicola.pt\/en\/product\/nicola-bocage-250g-moido\/","og_site_name":"Nicola Caf\u00e9","article_modified_time":"2024-09-25T09:32:52+00:00","og_image":[{"width":1100,"height":1422,"url":"https:\/\/nicola.pt\/wp-content\/uploads\/2024\/09\/bocage-250_1_small.png","type":"image\/png"}],"twitter_card":"summary_large_image","twitter_misc":{"Estimated reading time":"1 minute"},"schema":{"@context":"https:\/\/schema.org","@graph":[{"@type":"WebPage","@id":"https:\/\/nicola.pt\/product\/nicola-bocage-250g-moido\/","url":"https:\/\/nicola.pt\/product\/nicola-bocage-250g-moido\/","name":"Nicola Bocage (250g) mo\u00eddo - Nicola Caf\u00e9","isPartOf":{"@id":"https:\/\/nicola.pt\/#website"},"primaryImageOfPage":{"@id":"https:\/\/nicola.pt\/product\/nicola-bocage-250g-moido\/#primaryimage"},"image":{"@id":"https:\/\/nicola.pt\/product\/nicola-bocage-250g-moido\/#primaryimage"},"thumbnailUrl":"https:\/\/nicola.pt\/wp-content\/uploads\/2024\/09\/bocage-250_1_small.png","datePublished":"2024-09-24T11:06:39+00:00","dateModified":"2024-09-25T09:32:52+00:00","description":"Nicola Bocage (250g), \u00e9 encontro com a intensidade e corpo dos caf\u00e9s Robusta, combinado com a riqueza de aromas de Ar\u00e1bica da Am\u00e9rica Central e Sul.","breadcrumb":{"@id":"https:\/\/nicola.pt\/product\/nicola-bocage-250g-moido\/#breadcrumb"},"inLanguage":"en-GB","potentialAction":[{"@type":"ReadAction","target":["https:\/\/nicola.pt\/product\/nicola-bocage-250g-moido\/"]}]},{"@type":"ImageObject","inLanguage":"en-GB","@id":"https:\/\/nicola.pt\/product\/nicola-bocage-250g-moido\/#primaryimage","url":"https:\/\/nicola.pt\/wp-content\/uploads\/2024\/09\/bocage-250_1_small.png","contentUrl":"https:\/\/nicola.pt\/wp-content\/uploads\/2024\/09\/bocage-250_1_small.png","width":1100,"height":1422,"caption":"Nicola Bocage (250g)"},{"@type":"BreadcrumbList","@id":"https:\/\/nicola.pt\/product\/nicola-bocage-250g-moido\/#breadcrumb","itemListElement":[{"@type":"ListItem","position":1,"name":"Home","item":"https:\/\/nicola.pt\/"},{"@type":"ListItem","position":2,"name":"Shop","item":"https:\/\/nicola.pt\/shop\/"},{"@type":"ListItem","position":3,"name":"Nicola Bocage (250g) mo\u00eddo"}]},{"@type":"WebSite","@id":"https:\/\/nicola.pt\/#website","url":"https:\/\/nicola.pt\/","name":"Nicola Caf\u00e9","description":"Desde 1779","publisher":{"@id":"https:\/\/nicola.pt\/#organization"},"potentialAction":[{"@type":"SearchAction","target":{"@type":"EntryPoint","urlTemplate":"https:\/\/nicola.pt\/?s={search_term_string}"},"query-input":{"@type":"PropertyValueSpecification","valueRequired":true,"valueName":"search_term_string"}}],"inLanguage":"en-GB"},{"@type":"Organization","@id":"https:\/\/nicola.pt\/#organization","name":"Nicola Caf\u00e9","url":"https:\/\/nicola.pt\/","logo":{"@type":"ImageObject","inLanguage":"en-GB","@id":"https:\/\/nicola.pt\/#\/schema\/logo\/image\/","url":"https:\/\/nicola.pt\/wp-content\/uploads\/2024\/09\/logo.jpg","contentUrl":"https:\/\/nicola.pt\/wp-content\/uploads\/2024\/09\/logo.jpg","width":617,"height":617,"caption":"Nicola Caf\u00e9"},"image":{"@id":"https:\/\/nicola.pt\/#\/schema\/logo\/image\/"}}]}},"_links":{"self":[{"href":"https:\/\/nicola.pt\/en\/wp-json\/wp\/v2\/product\/281","targetHints":{"allow":["GET"]}}],"collection":[{"href":"https:\/\/nicola.pt\/en\/wp-json\/wp\/v2\/product"}],"about":[{"href":"https:\/\/nicola.pt\/en\/wp-json\/wp\/v2\/types\/product"}],"replies":[{"embeddable":true,"href":"https:\/\/nicola.pt\/en\/wp-json\/wp\/v2\/comments?post=281"}],"wp:featuredmedia":[{"embeddable":true,"href":"https:\/\/nicola.pt\/en\/wp-json\/wp\/v2\/media\/282"}],"wp:attachment":[{"href":"https:\/\/nicola.pt\/en\/wp-json\/wp\/v2\/media?parent=281"}],"wp:term":[{"taxonomy":"product_brand","embeddable":true,"href":"https:\/\/nicola.pt\/en\/wp-json\/wp\/v2\/product_brand?post=281"},{"taxonomy":"product_cat","embeddable":true,"href":"https:\/\/nicola.pt\/en\/wp-json\/wp\/v2\/product_cat?post=281"},{"taxonomy":"product_tag","embeddable":true,"href":"https:\/\/nicola.pt\/en\/wp-json\/wp\/v2\/product_tag?post=281"}],"curies":[{"name":"wp","href":"https:\/\/api.w.org\/{rel}","templated":true}]}}