{"id":395,"date":"2024-09-24T11:10:13","date_gmt":"2024-09-24T11:10:13","guid":{"rendered":"https:\/\/nicola.pt\/?post_type=product&#038;p=395"},"modified":"2024-09-24T11:10:15","modified_gmt":"2024-09-24T11:10:15","slug":"cha-lucia-lima","status":"publish","type":"product","link":"https:\/\/nicola.pt\/en\/product\/cha-lucia-lima\/","title":{"rendered":"Ch\u00e1 L\u00facia Lima"},"content":{"rendered":"<p>100% L\u00facia-Lima (Lippia Citridora).<\/p>\n<p>Devido ao seu efeito calmante \u00e9 um poderoso aliado contra perturba\u00e7\u00f5es do est\u00f4mago e estados nervosos.<\/p>\n<p>Ideal para tomar \u00e0 noite ou como auxiliar da digest\u00e3o.<\/p>","protected":false},"excerpt":{"rendered":"<p>100% L\u00facia-Lima (Lippia Citridora). Devido ao seu efeito calmante \u00e9 um poderoso aliado contra perturba\u00e7\u00f5es do est\u00f4mago e estados nervosos. Ideal para tomar \u00e0 noite ou como auxiliar da digest\u00e3o.<\/p>","protected":false},"featured_media":396,"comment_status":"closed","ping_status":"closed","template":"","meta":{"_acf_changed":false},"product_brand":[],"product_cat":[40,44],"product_tag":[43,45,37],"class_list":{"0":"post-395","1":"product","2":"type-product","3":"status-publish","4":"has-post-thumbnail","6":"product_cat-chas","7":"product_cat-hot","8":"product_tag-cha","9":"product_tag-hot","10":"product_tag-profissional","12":"first","13":"instock","14":"featured","15":"shipping-taxable","16":"product-type-simple"},"acf":[],"yoast_head":"<!-- This site is optimized with the Yoast SEO plugin v27.3 - https:\/\/yoast.com\/product\/yoast-seo-wordpress\/ -->\n<title>Ch\u00e1 L\u00facia Lima - Nicola Caf\u00e9<\/title>\n<meta name=\"robots\" content=\"index, follow, max-snippet:-1, max-image-preview:large, max-video-preview:-1\" \/>\n<link rel=\"canonical\" href=\"https:\/\/nicola.pt\/en\/product\/cha-lucia-lima\/\" \/>\n<meta property=\"og:locale\" content=\"en_GB\" \/>\n<meta property=\"og:type\" content=\"article\" \/>\n<meta property=\"og:title\" content=\"Ch\u00e1 L\u00facia Lima - Nicola Caf\u00e9\" \/>\n<meta property=\"og:description\" content=\"100% L\u00facia-Lima (Lippia Citridora). Devido ao seu efeito calmante \u00e9 um poderoso aliado contra perturba\u00e7\u00f5es do est\u00f4mago e estados nervosos. Ideal para tomar \u00e0 noite ou como auxiliar da digest\u00e3o.\" \/>\n<meta property=\"og:url\" content=\"https:\/\/nicola.pt\/en\/product\/cha-lucia-lima\/\" \/>\n<meta property=\"og:site_name\" content=\"Nicola Caf\u00e9\" \/>\n<meta property=\"article:modified_time\" content=\"2024-09-24T11:10:15+00:00\" \/>\n<meta property=\"og:image\" content=\"https:\/\/nicola.pt\/wp-content\/uploads\/2024\/09\/lucia-lima_small.png\" \/>\n\t<meta property=\"og:image:width\" content=\"1100\" \/>\n\t<meta property=\"og:image:height\" content=\"1422\" \/>\n\t<meta property=\"og:image:type\" content=\"image\/png\" \/>\n<meta name=\"twitter:card\" content=\"summary_large_image\" \/>\n<meta name=\"twitter:label1\" content=\"Estimated reading time\" \/>\n\t<meta name=\"twitter:data1\" content=\"1 minute\" \/>\n<script type=\"application\/ld+json\" class=\"yoast-schema-graph\">{\"@context\":\"https:\\\/\\\/schema.org\",\"@graph\":[{\"@type\":\"WebPage\",\"@id\":\"https:\\\/\\\/nicola.pt\\\/product\\\/cha-lucia-lima\\\/\",\"url\":\"https:\\\/\\\/nicola.pt\\\/product\\\/cha-lucia-lima\\\/\",\"name\":\"Ch\u00e1 L\u00facia Lima - Nicola Caf\u00e9\",\"isPartOf\":{\"@id\":\"https:\\\/\\\/nicola.pt\\\/#website\"},\"primaryImageOfPage\":{\"@id\":\"https:\\\/\\\/nicola.pt\\\/product\\\/cha-lucia-lima\\\/#primaryimage\"},\"image\":{\"@id\":\"https:\\\/\\\/nicola.pt\\\/product\\\/cha-lucia-lima\\\/#primaryimage\"},\"thumbnailUrl\":\"https:\\\/\\\/nicola.pt\\\/wp-content\\\/uploads\\\/2024\\\/09\\\/lucia-lima_small.png\",\"datePublished\":\"2024-09-24T11:10:13+00:00\",\"dateModified\":\"2024-09-24T11:10:15+00:00\",\"breadcrumb\":{\"@id\":\"https:\\\/\\\/nicola.pt\\\/product\\\/cha-lucia-lima\\\/#breadcrumb\"},\"inLanguage\":\"en-GB\",\"potentialAction\":[{\"@type\":\"ReadAction\",\"target\":[\"https:\\\/\\\/nicola.pt\\\/product\\\/cha-lucia-lima\\\/\"]}]},{\"@type\":\"ImageObject\",\"inLanguage\":\"en-GB\",\"@id\":\"https:\\\/\\\/nicola.pt\\\/product\\\/cha-lucia-lima\\\/#primaryimage\",\"url\":\"https:\\\/\\\/nicola.pt\\\/wp-content\\\/uploads\\\/2024\\\/09\\\/lucia-lima_small.png\",\"contentUrl\":\"https:\\\/\\\/nicola.pt\\\/wp-content\\\/uploads\\\/2024\\\/09\\\/lucia-lima_small.png\",\"width\":1100,\"height\":1422,\"caption\":\"Ch\u00e1 L\u00facia Lima\"},{\"@type\":\"BreadcrumbList\",\"@id\":\"https:\\\/\\\/nicola.pt\\\/product\\\/cha-lucia-lima\\\/#breadcrumb\",\"itemListElement\":[{\"@type\":\"ListItem\",\"position\":1,\"name\":\"Home\",\"item\":\"https:\\\/\\\/nicola.pt\\\/\"},{\"@type\":\"ListItem\",\"position\":2,\"name\":\"Checkout\",\"item\":\"https:\\\/\\\/nicola.pt\\\/checkout\\\/\"},{\"@type\":\"ListItem\",\"position\":3,\"name\":\"Ch\u00e1 L\u00facia Lima\"}]},{\"@type\":\"WebSite\",\"@id\":\"https:\\\/\\\/nicola.pt\\\/#website\",\"url\":\"https:\\\/\\\/nicola.pt\\\/\",\"name\":\"Nicola Caf\u00e9\",\"description\":\"Desde 1779\",\"publisher\":{\"@id\":\"https:\\\/\\\/nicola.pt\\\/#organization\"},\"potentialAction\":[{\"@type\":\"SearchAction\",\"target\":{\"@type\":\"EntryPoint\",\"urlTemplate\":\"https:\\\/\\\/nicola.pt\\\/?s={search_term_string}\"},\"query-input\":{\"@type\":\"PropertyValueSpecification\",\"valueRequired\":true,\"valueName\":\"search_term_string\"}}],\"inLanguage\":\"en-GB\"},{\"@type\":\"Organization\",\"@id\":\"https:\\\/\\\/nicola.pt\\\/#organization\",\"name\":\"Nicola Caf\u00e9\",\"url\":\"https:\\\/\\\/nicola.pt\\\/\",\"logo\":{\"@type\":\"ImageObject\",\"inLanguage\":\"en-GB\",\"@id\":\"https:\\\/\\\/nicola.pt\\\/#\\\/schema\\\/logo\\\/image\\\/\",\"url\":\"https:\\\/\\\/nicola.pt\\\/wp-content\\\/uploads\\\/2024\\\/09\\\/logo.jpg\",\"contentUrl\":\"https:\\\/\\\/nicola.pt\\\/wp-content\\\/uploads\\\/2024\\\/09\\\/logo.jpg\",\"width\":617,\"height\":617,\"caption\":\"Nicola Caf\u00e9\"},\"image\":{\"@id\":\"https:\\\/\\\/nicola.pt\\\/#\\\/schema\\\/logo\\\/image\\\/\"}}]}<\/script>\n<!-- \/ Yoast SEO plugin. -->","yoast_head_json":{"title":"Ch\u00e1 L\u00facia Lima - Nicola Caf\u00e9","robots":{"index":"index","follow":"follow","max-snippet":"max-snippet:-1","max-image-preview":"max-image-preview:large","max-video-preview":"max-video-preview:-1"},"canonical":"https:\/\/nicola.pt\/en\/product\/cha-lucia-lima\/","og_locale":"en_GB","og_type":"article","og_title":"Ch\u00e1 L\u00facia Lima - Nicola Caf\u00e9","og_description":"100% L\u00facia-Lima (Lippia Citridora). Devido ao seu efeito calmante \u00e9 um poderoso aliado contra perturba\u00e7\u00f5es do est\u00f4mago e estados nervosos. Ideal para tomar \u00e0 noite ou como auxiliar da digest\u00e3o.","og_url":"https:\/\/nicola.pt\/en\/product\/cha-lucia-lima\/","og_site_name":"Nicola Caf\u00e9","article_modified_time":"2024-09-24T11:10:15+00:00","og_image":[{"width":1100,"height":1422,"url":"https:\/\/nicola.pt\/wp-content\/uploads\/2024\/09\/lucia-lima_small.png","type":"image\/png"}],"twitter_card":"summary_large_image","twitter_misc":{"Estimated reading time":"1 minute"},"schema":{"@context":"https:\/\/schema.org","@graph":[{"@type":"WebPage","@id":"https:\/\/nicola.pt\/product\/cha-lucia-lima\/","url":"https:\/\/nicola.pt\/product\/cha-lucia-lima\/","name":"Ch\u00e1 L\u00facia Lima - Nicola Caf\u00e9","isPartOf":{"@id":"https:\/\/nicola.pt\/#website"},"primaryImageOfPage":{"@id":"https:\/\/nicola.pt\/product\/cha-lucia-lima\/#primaryimage"},"image":{"@id":"https:\/\/nicola.pt\/product\/cha-lucia-lima\/#primaryimage"},"thumbnailUrl":"https:\/\/nicola.pt\/wp-content\/uploads\/2024\/09\/lucia-lima_small.png","datePublished":"2024-09-24T11:10:13+00:00","dateModified":"2024-09-24T11:10:15+00:00","breadcrumb":{"@id":"https:\/\/nicola.pt\/product\/cha-lucia-lima\/#breadcrumb"},"inLanguage":"en-GB","potentialAction":[{"@type":"ReadAction","target":["https:\/\/nicola.pt\/product\/cha-lucia-lima\/"]}]},{"@type":"ImageObject","inLanguage":"en-GB","@id":"https:\/\/nicola.pt\/product\/cha-lucia-lima\/#primaryimage","url":"https:\/\/nicola.pt\/wp-content\/uploads\/2024\/09\/lucia-lima_small.png","contentUrl":"https:\/\/nicola.pt\/wp-content\/uploads\/2024\/09\/lucia-lima_small.png","width":1100,"height":1422,"caption":"Ch\u00e1 L\u00facia Lima"},{"@type":"BreadcrumbList","@id":"https:\/\/nicola.pt\/product\/cha-lucia-lima\/#breadcrumb","itemListElement":[{"@type":"ListItem","position":1,"name":"Home","item":"https:\/\/nicola.pt\/"},{"@type":"ListItem","position":2,"name":"Checkout","item":"https:\/\/nicola.pt\/checkout\/"},{"@type":"ListItem","position":3,"name":"Ch\u00e1 L\u00facia Lima"}]},{"@type":"WebSite","@id":"https:\/\/nicola.pt\/#website","url":"https:\/\/nicola.pt\/","name":"Nicola Caf\u00e9","description":"Desde 1779","publisher":{"@id":"https:\/\/nicola.pt\/#organization"},"potentialAction":[{"@type":"SearchAction","target":{"@type":"EntryPoint","urlTemplate":"https:\/\/nicola.pt\/?s={search_term_string}"},"query-input":{"@type":"PropertyValueSpecification","valueRequired":true,"valueName":"search_term_string"}}],"inLanguage":"en-GB"},{"@type":"Organization","@id":"https:\/\/nicola.pt\/#organization","name":"Nicola Caf\u00e9","url":"https:\/\/nicola.pt\/","logo":{"@type":"ImageObject","inLanguage":"en-GB","@id":"https:\/\/nicola.pt\/#\/schema\/logo\/image\/","url":"https:\/\/nicola.pt\/wp-content\/uploads\/2024\/09\/logo.jpg","contentUrl":"https:\/\/nicola.pt\/wp-content\/uploads\/2024\/09\/logo.jpg","width":617,"height":617,"caption":"Nicola Caf\u00e9"},"image":{"@id":"https:\/\/nicola.pt\/#\/schema\/logo\/image\/"}}]}},"_links":{"self":[{"href":"https:\/\/nicola.pt\/en\/wp-json\/wp\/v2\/product\/395","targetHints":{"allow":["GET"]}}],"collection":[{"href":"https:\/\/nicola.pt\/en\/wp-json\/wp\/v2\/product"}],"about":[{"href":"https:\/\/nicola.pt\/en\/wp-json\/wp\/v2\/types\/product"}],"replies":[{"embeddable":true,"href":"https:\/\/nicola.pt\/en\/wp-json\/wp\/v2\/comments?post=395"}],"wp:featuredmedia":[{"embeddable":true,"href":"https:\/\/nicola.pt\/en\/wp-json\/wp\/v2\/media\/396"}],"wp:attachment":[{"href":"https:\/\/nicola.pt\/en\/wp-json\/wp\/v2\/media?parent=395"}],"wp:term":[{"taxonomy":"product_brand","embeddable":true,"href":"https:\/\/nicola.pt\/en\/wp-json\/wp\/v2\/product_brand?post=395"},{"taxonomy":"product_cat","embeddable":true,"href":"https:\/\/nicola.pt\/en\/wp-json\/wp\/v2\/product_cat?post=395"},{"taxonomy":"product_tag","embeddable":true,"href":"https:\/\/nicola.pt\/en\/wp-json\/wp\/v2\/product_tag?post=395"}],"curies":[{"name":"wp","href":"https:\/\/api.w.org\/{rel}","templated":true}]}}