{"id":437,"date":"2024-09-24T11:27:27","date_gmt":"2024-09-24T11:27:27","guid":{"rendered":"https:\/\/nicola.pt\/?page_id=437"},"modified":"2024-09-27T17:18:06","modified_gmt":"2024-09-27T17:18:06","slug":"nicola-no-mundo","status":"publish","type":"page","link":"https:\/\/nicola.pt\/es\/nicola-no-mundo\/","title":{"rendered":"Nicola en el mundo"},"content":{"rendered":"<div data-elementor-type=\"wp-page\" data-elementor-id=\"437\" class=\"elementor elementor-437\" data-elementor-post-type=\"page\">\n\t\t\t\t\t\t<section class=\"elementor-section elementor-top-section elementor-element elementor-element-b7b7a62 elementor-section-height-min-height elementor-section-content-middle elementor-section-boxed elementor-section-height-default elementor-section-items-middle\" data-id=\"b7b7a62\" data-element_type=\"section\" data-e-type=\"section\" data-settings=\"{&quot;background_background&quot;:&quot;classic&quot;}\">\n\t\t\t\t\t\t<div class=\"elementor-container elementor-column-gap-default\">\n\t\t\t\t\t<div class=\"elementor-column elementor-col-100 elementor-top-column elementor-element elementor-element-7a08b0d\" data-id=\"7a08b0d\" data-element_type=\"column\" data-e-type=\"column\">\n\t\t\t<div class=\"elementor-widget-wrap elementor-element-populated\">\n\t\t\t\t\t\t<div class=\"elementor-element elementor-element-527ced3 elementor-widget elementor-widget-heading\" data-id=\"527ced3\" data-element_type=\"widget\" data-e-type=\"widget\" data-widget_type=\"heading.default\">\n\t\t\t\t<div class=\"elementor-widget-container\">\n\t\t\t\t\t<h2 class=\"elementor-heading-title elementor-size-default\">Desde 1779<\/h2>\t\t\t\t<\/div>\n\t\t\t\t<\/div>\n\t\t\t\t\t<\/div>\n\t\t<\/div>\n\t\t\t\t\t<\/div>\n\t\t<\/section>\n\t\t\t\t<section class=\"elementor-section elementor-top-section elementor-element elementor-element-156eeb3 elementor-section-boxed elementor-section-height-default elementor-section-height-default\" data-id=\"156eeb3\" data-element_type=\"section\" data-e-type=\"section\">\n\t\t\t\t\t\t<div class=\"elementor-container elementor-column-gap-default\">\n\t\t\t\t\t<div class=\"elementor-column elementor-col-100 elementor-top-column elementor-element elementor-element-57ef8b3\" data-id=\"57ef8b3\" data-element_type=\"column\" data-e-type=\"column\">\n\t\t\t<div class=\"elementor-widget-wrap elementor-element-populated\">\n\t\t\t\t\t\t<div class=\"elementor-element elementor-element-4e0f621 elementor-widget elementor-widget-heading\" data-id=\"4e0f621\" data-element_type=\"widget\" data-e-type=\"widget\" data-widget_type=\"heading.default\">\n\t\t\t\t<div class=\"elementor-widget-container\">\n\t\t\t\t\t<h1 class=\"elementor-heading-title elementor-size-default\">Nicola en el mundo<\/h1>\t\t\t\t<\/div>\n\t\t\t\t<\/div>\n\t\t\t\t\t<\/div>\n\t\t<\/div>\n\t\t\t\t\t<\/div>\n\t\t<\/section>\n\t\t\t\t<section class=\"elementor-section elementor-top-section elementor-element elementor-element-50031a6 elementor-section-boxed elementor-section-height-default elementor-section-height-default\" data-id=\"50031a6\" data-element_type=\"section\" data-e-type=\"section\">\n\t\t\t\t\t\t<div class=\"elementor-container elementor-column-gap-default\">\n\t\t\t\t\t<div class=\"elementor-column elementor-col-100 elementor-top-column elementor-element elementor-element-dd23b94\" data-id=\"dd23b94\" data-element_type=\"column\" data-e-type=\"column\">\n\t\t\t<div class=\"elementor-widget-wrap elementor-element-populated\">\n\t\t\t\t\t\t<div class=\"elementor-element elementor-element-d5c766b elementor-widget elementor-widget-text-editor\" data-id=\"d5c766b\" data-element_type=\"widget\" data-e-type=\"widget\" data-widget_type=\"text-editor.default\">\n\t\t\t\t<div class=\"elementor-widget-container\">\n\t\t\t\t\t\t\t\t\t<p>La fama de los caf\u00e9s NICOLA se extiende actualmente por 4 continentes \u2013Europa, Asia, \u00c1frica y Am\u00e9rica\u2013 y la tradici\u00f3n portuguesa de tomar caf\u00e9 a cualquier hora del d\u00eda, como momento de relajaci\u00f3n y socializaci\u00f3n, se ha vuelto universal a medida que la marca conquista nuevos mercados. Actualmente puedes encontrar tu caf\u00e9 NICOLA en m\u00e1s de 25 pa\u00edses, desde USA hasta China, desde Sud\u00e1frica hasta M\u00e9xico, o en la mayor\u00eda de pa\u00edses europeos.<\/p>\t\t\t\t\t\t\t\t<\/div>\n\t\t\t\t<\/div>\n\t\t\t\t<div class=\"elementor-element elementor-element-1fa5f62 elementor-icon-list--layout-traditional elementor-list-item-link-full_width elementor-widget elementor-widget-icon-list\" data-id=\"1fa5f62\" data-element_type=\"widget\" data-e-type=\"widget\" data-widget_type=\"icon-list.default\">\n\t\t\t\t<div class=\"elementor-widget-container\">\n\t\t\t\t\t\t\t<ul class=\"elementor-icon-list-items\">\n\t\t\t\t\t\t\t<li class=\"elementor-icon-list-item\">\n\t\t\t\t\t\t\t\t\t\t\t<a href=\"tel:00351214968500\">\n\n\t\t\t\t\t\t\t\t\t\t\t\t<span class=\"elementor-icon-list-icon\">\n\t\t\t\t\t\t\t<svg aria-hidden=\"true\" class=\"e-font-icon-svg e-fas-phone\" viewbox=\"0 0 512 512\" xmlns=\"http:\/\/www.w3.org\/2000\/svg\"><path d=\"M493.4 24.6l-104-24c-11.3-2.6-22.9 3.3-27.5 13.9l-48 112c-4.2 9.8-1.4 21.3 6.9 28l60.6 49.6c-36 76.7-98.9 140.5-177.2 177.2l-49.6-60.6c-6.8-8.3-18.2-11.1-28-6.9l-112 48C3.9 366.5-2 378.1.6 389.4l24 104C27.1 504.2 36.7 512 48 512c256.1 0 464-207.5 464-464 0-11.2-7.7-20.9-18.6-23.4z\"><\/path><\/svg>\t\t\t\t\t\t<\/span>\n\t\t\t\t\t\t\t\t\t\t<span class=\"elementor-icon-list-text\">+351 214 968 500<\/span>\n\t\t\t\t\t\t\t\t\t\t\t<\/a>\n\t\t\t\t\t\t\t\t\t<\/li>\n\t\t\t\t\t\t\t\t<li class=\"elementor-icon-list-item\">\n\t\t\t\t\t\t\t\t\t\t\t<a href=\"mailto:geral@mzbi.pt\">\n\n\t\t\t\t\t\t\t\t\t\t\t\t<span class=\"elementor-icon-list-icon\">\n\t\t\t\t\t\t\t<svg aria-hidden=\"true\" class=\"e-font-icon-svg e-far-envelope\" viewbox=\"0 0 512 512\" xmlns=\"http:\/\/www.w3.org\/2000\/svg\"><path d=\"M464 64H48C21.49 64 0 85.49 0 112v288c0 26.51 21.49 48 48 48h416c26.51 0 48-21.49 48-48V112c0-26.51-21.49-48-48-48zm0 48v40.805c-22.422 18.259-58.168 46.651-134.587 106.49-16.841 13.247-50.201 45.072-73.413 44.701-23.208.375-56.579-31.459-73.413-44.701C106.18 199.465 70.425 171.067 48 152.805V112h416zM48 400V214.398c22.914 18.251 55.409 43.862 104.938 82.646 21.857 17.205 60.134 55.186 103.062 54.955 42.717.231 80.509-37.199 103.053-54.947 49.528-38.783 82.032-64.401 104.947-82.653V400H48z\"><\/path><\/svg>\t\t\t\t\t\t<\/span>\n\t\t\t\t\t\t\t\t\t\t<span class=\"elementor-icon-list-text\">geral@mzbi.pt<\/span>\n\t\t\t\t\t\t\t\t\t\t\t<\/a>\n\t\t\t\t\t\t\t\t\t<\/li>\n\t\t\t\t\t\t<\/ul>\n\t\t\t\t\t\t<\/div>\n\t\t\t\t<\/div>\n\t\t\t\t\t<\/div>\n\t\t<\/div>\n\t\t\t\t\t<\/div>\n\t\t<\/section>\n\t\t\t\t<section class=\"elementor-section elementor-top-section elementor-element elementor-element-993cdf7 elementor-section-height-min-height elementor-section-full_width elementor-section-height-default elementor-section-items-middle\" data-id=\"993cdf7\" data-element_type=\"section\" data-e-type=\"section\" data-settings=\"{&quot;background_background&quot;:&quot;classic&quot;}\">\n\t\t\t\t\t\t<div class=\"elementor-container elementor-column-gap-default\">\n\t\t\t\t\t<div class=\"elementor-column elementor-col-100 elementor-top-column elementor-element elementor-element-fed1f92\" data-id=\"fed1f92\" data-element_type=\"column\" data-e-type=\"column\">\n\t\t\t<div class=\"elementor-widget-wrap elementor-element-populated\">\n\t\t\t\t\t\t<div class=\"elementor-element elementor-element-a5338b8 elementor-widget elementor-widget-image-gallery\" data-id=\"a5338b8\" data-element_type=\"widget\" data-e-type=\"widget\" data-widget_type=\"image-gallery.default\">\n\t\t\t\t<div class=\"elementor-widget-container\">\n\t\t\t\t\t\t\t<div class=\"elementor-image-gallery\">\n\t\t\t<div id='gallery-1' class='gallery galleryid-437 gallery-columns-1 gallery-size-full'><figure class='gallery-item'>\n\t\t\t<div class='gallery-icon landscape'>\n\t\t\t\t<a data-elementor-open-lightbox=\"yes\" data-elementor-lightbox-slideshow=\"a5338b8\" data-elementor-lightbox-title=\"MAPA_NICOLA_03.jpg\" data-e-action-hash=\"#elementor-action%3Aaction%3Dlightbox%26settings%3DeyJpZCI6NDM5LCJ1cmwiOiJodHRwczpcL1wvbmljb2xhLnB0XC93cC1jb250ZW50XC91cGxvYWRzXC8yMDI0XC8wOVwvTUFQQV9OSUNPTEFfMDMuanBnIiwic2xpZGVzaG93IjoiYTUzMzhiOCJ9\" href='https:\/\/nicola.pt\/wp-content\/uploads\/2024\/09\/MAPA_NICOLA_03.jpg'><img fetchpriority=\"high\" decoding=\"async\" width=\"1920\" height=\"974\" src=\"https:\/\/nicola.pt\/wp-content\/uploads\/2024\/09\/MAPA_NICOLA_03.jpg\" class=\"attachment-full size-full\" alt=\"Mapa Mundo Nicola\" srcset=\"https:\/\/nicola.pt\/wp-content\/uploads\/2024\/09\/MAPA_NICOLA_03.jpg 1920w, https:\/\/nicola.pt\/wp-content\/uploads\/2024\/09\/MAPA_NICOLA_03-600x304.jpg 600w, https:\/\/nicola.pt\/wp-content\/uploads\/2024\/09\/MAPA_NICOLA_03-300x152.jpg 300w, https:\/\/nicola.pt\/wp-content\/uploads\/2024\/09\/MAPA_NICOLA_03-1024x519.jpg 1024w, https:\/\/nicola.pt\/wp-content\/uploads\/2024\/09\/MAPA_NICOLA_03-768x390.jpg 768w, https:\/\/nicola.pt\/wp-content\/uploads\/2024\/09\/MAPA_NICOLA_03-1536x779.jpg 1536w, https:\/\/nicola.pt\/wp-content\/uploads\/2024\/09\/MAPA_NICOLA_03-24x12.jpg 24w, https:\/\/nicola.pt\/wp-content\/uploads\/2024\/09\/MAPA_NICOLA_03-36x18.jpg 36w, https:\/\/nicola.pt\/wp-content\/uploads\/2024\/09\/MAPA_NICOLA_03-48x24.jpg 48w\" sizes=\"(max-width: 1920px) 100vw, 1920px\" \/><\/a>\n\t\t\t<\/div><\/figure>\n\t\t<\/div>\n\t\t<\/div>\n\t\t\t\t\t\t<\/div>\n\t\t\t\t<\/div>\n\t\t\t\t\t<\/div>\n\t\t<\/div>\n\t\t\t\t\t<\/div>\n\t\t<\/section>\n\t\t\t\t<section class=\"elementor-section elementor-top-section elementor-element elementor-element-2f7b69b elementor-section-boxed elementor-section-height-default elementor-section-height-default\" data-id=\"2f7b69b\" data-element_type=\"section\" data-e-type=\"section\">\n\t\t\t\t\t\t<div class=\"elementor-container elementor-column-gap-default\">\n\t\t\t\t\t<div class=\"elementor-column elementor-col-100 elementor-top-column elementor-element elementor-element-dee6b54\" data-id=\"dee6b54\" data-element_type=\"column\" data-e-type=\"column\">\n\t\t\t<div class=\"elementor-widget-wrap elementor-element-populated\">\n\t\t\t\t\t\t<div class=\"elementor-element elementor-element-81a7cae elementor-align-center elementor-widget elementor-widget-button\" data-id=\"81a7cae\" data-element_type=\"widget\" data-e-type=\"widget\" data-widget_type=\"button.default\">\n\t\t\t\t<div class=\"elementor-widget-container\">\n\t\t\t\t\t\t\t\t\t<div class=\"elementor-button-wrapper\">\n\t\t\t\t\t<a class=\"elementor-button elementor-button-link elementor-size-lg elementor-animation-grow\" href=\"https:\/\/nicola.pt\/es\/sobre-nos\/\">\n\t\t\t\t\t\t<span class=\"elementor-button-content-wrapper\">\n\t\t\t\t\t\t<span class=\"elementor-button-icon\">\n\t\t\t\t<svg aria-hidden=\"true\" class=\"e-font-icon-svg e-fas-arrow-circle-right\" viewbox=\"0 0 512 512\" xmlns=\"http:\/\/www.w3.org\/2000\/svg\"><path d=\"M256 8c137 0 248 111 248 248S393 504 256 504 8 393 8 256 119 8 256 8zm-28.9 143.6l75.5 72.4H120c-13.3 0-24 10.7-24 24v16c0 13.3 10.7 24 24 24h182.6l-75.5 72.4c-9.7 9.3-9.9 24.8-.4 34.3l11 10.9c9.4 9.4 24.6 9.4 33.9 0L404.3 273c9.4-9.4 9.4-24.6 0-33.9L271.6 106.3c-9.4-9.4-24.6-9.4-33.9 0l-11 10.9c-9.5 9.6-9.3 25.1.4 34.4z\"><\/path><\/svg>\t\t\t<\/span>\n\t\t\t\t\t\t\t\t\t<span class=\"elementor-button-text\">Sobre nosotros<\/span>\n\t\t\t\t\t<\/span>\n\t\t\t\t\t<\/a>\n\t\t\t\t<\/div>\n\t\t\t\t\t\t\t\t<\/div>\n\t\t\t\t<\/div>\n\t\t\t\t\t<\/div>\n\t\t<\/div>\n\t\t\t\t\t<\/div>\n\t\t<\/section>\n\t\t\t\t<\/div>","protected":false},"excerpt":{"rendered":"<p>Desde 1779 Nicola no Mundo A fama dos caf\u00e9s NICOLA percorre atualmente 4 continentes \u2013 Europa, \u00c1sia, Africa, e Am\u00e9rica &#8211; e a tradi\u00e7\u00e3o portuguesa do caf\u00e9 a qualquer hora do dia, como momento de descontra\u00e7\u00e3o e socializa\u00e7\u00e3o, tem vindo a universalizar-se \u00e0 medida que a marca conquista novos mercados. Atualmente pode encontrar o seu [&hellip;]<\/p>\n","protected":false},"author":2,"featured_media":0,"parent":0,"menu_order":0,"comment_status":"closed","ping_status":"closed","template":"","meta":{"_acf_changed":false,"footnotes":""},"class_list":["post-437","page","type-page","status-publish","hentry"],"acf":[],"yoast_head":"<!-- This site is optimized with the Yoast SEO plugin v27.5 - https:\/\/yoast.com\/product\/yoast-seo-wordpress\/ -->\n<title>Nicola no Mundo - Nicola Caf\u00e9<\/title>\n<meta name=\"description\" content=\"Nicola no mundo, atualmente 4 continentes \u2013 Europa, \u00c1sia, Africa, e Am\u00e9rica e na tradi\u00e7\u00e3o portuguesa do caf\u00e9 a qualquer hora do dia.\" \/>\n<meta name=\"robots\" content=\"index, follow, max-snippet:-1, max-image-preview:large, max-video-preview:-1\" \/>\n<link rel=\"canonical\" href=\"https:\/\/nicola.pt\/es\/nicola-no-mundo\/\" \/>\n<meta property=\"og:locale\" content=\"es_ES\" \/>\n<meta property=\"og:type\" content=\"article\" \/>\n<meta property=\"og:title\" content=\"Nicola no Mundo - Nicola Caf\u00e9\" \/>\n<meta property=\"og:description\" content=\"Nicola no mundo, atualmente 4 continentes \u2013 Europa, \u00c1sia, Africa, e Am\u00e9rica e na tradi\u00e7\u00e3o portuguesa do caf\u00e9 a qualquer hora do dia.\" \/>\n<meta property=\"og:url\" content=\"https:\/\/nicola.pt\/es\/nicola-no-mundo\/\" \/>\n<meta property=\"og:site_name\" content=\"Nicola Caf\u00e9\" \/>\n<meta property=\"article:modified_time\" content=\"2024-09-27T17:18:06+00:00\" \/>\n<meta property=\"og:image\" content=\"https:\/\/nicola.pt\/wp-content\/uploads\/2024\/09\/MAPA_NICOLA_03.jpg\" \/>\n<meta name=\"twitter:card\" content=\"summary_large_image\" \/>\n<meta name=\"twitter:label1\" content=\"Tiempo de lectura\" \/>\n\t<meta name=\"twitter:data1\" content=\"1 minuto\" \/>\n<script type=\"application\/ld+json\" class=\"yoast-schema-graph\">{\"@context\":\"https:\\\/\\\/schema.org\",\"@graph\":[{\"@type\":\"WebPage\",\"@id\":\"https:\\\/\\\/nicola.pt\\\/nicola-no-mundo\\\/\",\"url\":\"https:\\\/\\\/nicola.pt\\\/nicola-no-mundo\\\/\",\"name\":\"Nicola no Mundo - Nicola Caf\u00e9\",\"isPartOf\":{\"@id\":\"https:\\\/\\\/nicola.pt\\\/#website\"},\"primaryImageOfPage\":{\"@id\":\"https:\\\/\\\/nicola.pt\\\/nicola-no-mundo\\\/#primaryimage\"},\"image\":{\"@id\":\"https:\\\/\\\/nicola.pt\\\/nicola-no-mundo\\\/#primaryimage\"},\"thumbnailUrl\":\"https:\\\/\\\/nicola.pt\\\/wp-content\\\/uploads\\\/2024\\\/09\\\/MAPA_NICOLA_03.jpg\",\"datePublished\":\"2024-09-24T11:27:27+00:00\",\"dateModified\":\"2024-09-27T17:18:06+00:00\",\"description\":\"Nicola no mundo, atualmente 4 continentes \u2013 Europa, \u00c1sia, Africa, e Am\u00e9rica e na tradi\u00e7\u00e3o portuguesa do caf\u00e9 a qualquer hora do dia.\",\"breadcrumb\":{\"@id\":\"https:\\\/\\\/nicola.pt\\\/nicola-no-mundo\\\/#breadcrumb\"},\"inLanguage\":\"es\",\"potentialAction\":[{\"@type\":\"ReadAction\",\"target\":[\"https:\\\/\\\/nicola.pt\\\/nicola-no-mundo\\\/\"]}]},{\"@type\":\"ImageObject\",\"inLanguage\":\"es\",\"@id\":\"https:\\\/\\\/nicola.pt\\\/nicola-no-mundo\\\/#primaryimage\",\"url\":\"https:\\\/\\\/nicola.pt\\\/wp-content\\\/uploads\\\/2024\\\/09\\\/MAPA_NICOLA_03.jpg\",\"contentUrl\":\"https:\\\/\\\/nicola.pt\\\/wp-content\\\/uploads\\\/2024\\\/09\\\/MAPA_NICOLA_03.jpg\"},{\"@type\":\"BreadcrumbList\",\"@id\":\"https:\\\/\\\/nicola.pt\\\/nicola-no-mundo\\\/#breadcrumb\",\"itemListElement\":[{\"@type\":\"ListItem\",\"position\":1,\"name\":\"Home\",\"item\":\"https:\\\/\\\/nicola.pt\\\/\"},{\"@type\":\"ListItem\",\"position\":2,\"name\":\"Nicola no Mundo\"}]},{\"@type\":\"WebSite\",\"@id\":\"https:\\\/\\\/nicola.pt\\\/#website\",\"url\":\"https:\\\/\\\/nicola.pt\\\/\",\"name\":\"Nicola Caf\u00e9\",\"description\":\"Desde 1779\",\"publisher\":{\"@id\":\"https:\\\/\\\/nicola.pt\\\/#organization\"},\"potentialAction\":[{\"@type\":\"SearchAction\",\"target\":{\"@type\":\"EntryPoint\",\"urlTemplate\":\"https:\\\/\\\/nicola.pt\\\/?s={search_term_string}\"},\"query-input\":{\"@type\":\"PropertyValueSpecification\",\"valueRequired\":true,\"valueName\":\"search_term_string\"}}],\"inLanguage\":\"es\"},{\"@type\":\"Organization\",\"@id\":\"https:\\\/\\\/nicola.pt\\\/#organization\",\"name\":\"Nicola Caf\u00e9\",\"url\":\"https:\\\/\\\/nicola.pt\\\/\",\"logo\":{\"@type\":\"ImageObject\",\"inLanguage\":\"es\",\"@id\":\"https:\\\/\\\/nicola.pt\\\/#\\\/schema\\\/logo\\\/image\\\/\",\"url\":\"https:\\\/\\\/nicola.pt\\\/wp-content\\\/uploads\\\/2024\\\/09\\\/logo.jpg\",\"contentUrl\":\"https:\\\/\\\/nicola.pt\\\/wp-content\\\/uploads\\\/2024\\\/09\\\/logo.jpg\",\"width\":617,\"height\":617,\"caption\":\"Nicola Caf\u00e9\"},\"image\":{\"@id\":\"https:\\\/\\\/nicola.pt\\\/#\\\/schema\\\/logo\\\/image\\\/\"}}]}<\/script>\n<!-- \/ Yoast SEO plugin. -->","yoast_head_json":{"title":"Nicola no Mundo - Nicola Caf\u00e9","description":"Nicola no mundo, atualmente 4 continentes \u2013 Europa, \u00c1sia, Africa, e Am\u00e9rica e na tradi\u00e7\u00e3o portuguesa do caf\u00e9 a qualquer hora do dia.","robots":{"index":"index","follow":"follow","max-snippet":"max-snippet:-1","max-image-preview":"max-image-preview:large","max-video-preview":"max-video-preview:-1"},"canonical":"https:\/\/nicola.pt\/es\/nicola-no-mundo\/","og_locale":"es_ES","og_type":"article","og_title":"Nicola no Mundo - Nicola Caf\u00e9","og_description":"Nicola no mundo, atualmente 4 continentes \u2013 Europa, \u00c1sia, Africa, e Am\u00e9rica e na tradi\u00e7\u00e3o portuguesa do caf\u00e9 a qualquer hora do dia.","og_url":"https:\/\/nicola.pt\/es\/nicola-no-mundo\/","og_site_name":"Nicola Caf\u00e9","article_modified_time":"2024-09-27T17:18:06+00:00","og_image":[{"url":"https:\/\/nicola.pt\/wp-content\/uploads\/2024\/09\/MAPA_NICOLA_03.jpg","type":"","width":"","height":""}],"twitter_card":"summary_large_image","twitter_misc":{"Tiempo de lectura":"1 minuto"},"schema":{"@context":"https:\/\/schema.org","@graph":[{"@type":"WebPage","@id":"https:\/\/nicola.pt\/nicola-no-mundo\/","url":"https:\/\/nicola.pt\/nicola-no-mundo\/","name":"Nicola no Mundo - Nicola Caf\u00e9","isPartOf":{"@id":"https:\/\/nicola.pt\/#website"},"primaryImageOfPage":{"@id":"https:\/\/nicola.pt\/nicola-no-mundo\/#primaryimage"},"image":{"@id":"https:\/\/nicola.pt\/nicola-no-mundo\/#primaryimage"},"thumbnailUrl":"https:\/\/nicola.pt\/wp-content\/uploads\/2024\/09\/MAPA_NICOLA_03.jpg","datePublished":"2024-09-24T11:27:27+00:00","dateModified":"2024-09-27T17:18:06+00:00","description":"Nicola no mundo, atualmente 4 continentes \u2013 Europa, \u00c1sia, Africa, e Am\u00e9rica e na tradi\u00e7\u00e3o portuguesa do caf\u00e9 a qualquer hora do dia.","breadcrumb":{"@id":"https:\/\/nicola.pt\/nicola-no-mundo\/#breadcrumb"},"inLanguage":"es","potentialAction":[{"@type":"ReadAction","target":["https:\/\/nicola.pt\/nicola-no-mundo\/"]}]},{"@type":"ImageObject","inLanguage":"es","@id":"https:\/\/nicola.pt\/nicola-no-mundo\/#primaryimage","url":"https:\/\/nicola.pt\/wp-content\/uploads\/2024\/09\/MAPA_NICOLA_03.jpg","contentUrl":"https:\/\/nicola.pt\/wp-content\/uploads\/2024\/09\/MAPA_NICOLA_03.jpg"},{"@type":"BreadcrumbList","@id":"https:\/\/nicola.pt\/nicola-no-mundo\/#breadcrumb","itemListElement":[{"@type":"ListItem","position":1,"name":"Home","item":"https:\/\/nicola.pt\/"},{"@type":"ListItem","position":2,"name":"Nicola no Mundo"}]},{"@type":"WebSite","@id":"https:\/\/nicola.pt\/#website","url":"https:\/\/nicola.pt\/","name":"Nicola Caf\u00e9","description":"Desde 1779","publisher":{"@id":"https:\/\/nicola.pt\/#organization"},"potentialAction":[{"@type":"SearchAction","target":{"@type":"EntryPoint","urlTemplate":"https:\/\/nicola.pt\/?s={search_term_string}"},"query-input":{"@type":"PropertyValueSpecification","valueRequired":true,"valueName":"search_term_string"}}],"inLanguage":"es"},{"@type":"Organization","@id":"https:\/\/nicola.pt\/#organization","name":"Nicola Caf\u00e9","url":"https:\/\/nicola.pt\/","logo":{"@type":"ImageObject","inLanguage":"es","@id":"https:\/\/nicola.pt\/#\/schema\/logo\/image\/","url":"https:\/\/nicola.pt\/wp-content\/uploads\/2024\/09\/logo.jpg","contentUrl":"https:\/\/nicola.pt\/wp-content\/uploads\/2024\/09\/logo.jpg","width":617,"height":617,"caption":"Nicola Caf\u00e9"},"image":{"@id":"https:\/\/nicola.pt\/#\/schema\/logo\/image\/"}}]}},"_links":{"self":[{"href":"https:\/\/nicola.pt\/es\/wp-json\/wp\/v2\/pages\/437","targetHints":{"allow":["GET"]}}],"collection":[{"href":"https:\/\/nicola.pt\/es\/wp-json\/wp\/v2\/pages"}],"about":[{"href":"https:\/\/nicola.pt\/es\/wp-json\/wp\/v2\/types\/page"}],"author":[{"embeddable":true,"href":"https:\/\/nicola.pt\/es\/wp-json\/wp\/v2\/users\/2"}],"replies":[{"embeddable":true,"href":"https:\/\/nicola.pt\/es\/wp-json\/wp\/v2\/comments?post=437"}],"version-history":[{"count":10,"href":"https:\/\/nicola.pt\/es\/wp-json\/wp\/v2\/pages\/437\/revisions"}],"predecessor-version":[{"id":778,"href":"https:\/\/nicola.pt\/es\/wp-json\/wp\/v2\/pages\/437\/revisions\/778"}],"wp:attachment":[{"href":"https:\/\/nicola.pt\/es\/wp-json\/wp\/v2\/media?parent=437"}],"curies":[{"name":"wp","href":"https:\/\/api.w.org\/{rel}","templated":true}]}}