{"id":74,"date":"2024-09-24T10:30:43","date_gmt":"2024-09-24T10:30:43","guid":{"rendered":"https:\/\/nicola.pt\/?page_id=74"},"modified":"2024-09-27T17:24:49","modified_gmt":"2024-09-27T17:24:49","slug":"sustentabilidade","status":"publish","type":"page","link":"https:\/\/nicola.pt\/es\/sustentabilidade\/","title":{"rendered":"Sostenibilidad"},"content":{"rendered":"<div data-elementor-type=\"wp-page\" data-elementor-id=\"74\" class=\"elementor elementor-74\" data-elementor-post-type=\"page\">\n\t\t\t\t\t\t<section class=\"elementor-section elementor-top-section elementor-element elementor-element-a1ce0c2 elementor-section-height-min-height elementor-section-content-middle elementor-hidden-mobile elementor-section-boxed elementor-section-height-default elementor-section-items-middle\" data-id=\"a1ce0c2\" data-element_type=\"section\" data-e-type=\"section\" data-settings=\"{&quot;background_background&quot;:&quot;video&quot;,&quot;background_video_link&quot;:&quot;https:\\\/\\\/nicola.pt\\\/wp-content\\\/uploads\\\/2024\\\/09\\\/Video-Leds-Metro-MOP-.mp4&quot;}\">\n\t\t\t\t\t\t\t\t<div class=\"elementor-background-video-container elementor-hidden-mobile\">\n\t\t\t\t\t\t\t\t\t\t\t\t\t<video class=\"elementor-background-video-hosted\" role=\"presentation\" autoplay muted playsinline loop><\/video>\n\t\t\t\t\t\t\t\t\t\t\t<\/div>\n\t\t\t\t\t\t\t\t<div class=\"elementor-container elementor-column-gap-default\">\n\t\t\t\t\t<div class=\"elementor-column elementor-col-100 elementor-top-column elementor-element elementor-element-fa12a7f\" data-id=\"fa12a7f\" data-element_type=\"column\" data-e-type=\"column\">\n\t\t\t<div class=\"elementor-widget-wrap\">\n\t\t\t\t\t\t\t<\/div>\n\t\t<\/div>\n\t\t\t\t\t<\/div>\n\t\t<\/section>\n\t\t\t\t<section class=\"elementor-section elementor-top-section elementor-element elementor-element-d36b5e8 elementor-section-height-min-height elementor-hidden-desktop elementor-hidden-tablet elementor-section-boxed elementor-section-height-default elementor-section-items-middle\" data-id=\"d36b5e8\" data-element_type=\"section\" data-e-type=\"section\" data-settings=\"{&quot;background_background&quot;:&quot;video&quot;,&quot;background_video_link&quot;:&quot;https:\\\/\\\/nicola.pt\\\/wp-content\\\/uploads\\\/2024\\\/09\\\/nicola-vertical-720.mp4&quot;,&quot;background_video_start&quot;:0,&quot;background_play_on_mobile&quot;:&quot;yes&quot;}\">\n\t\t\t\t\t\t\t\t<div class=\"elementor-background-video-container\">\n\t\t\t\t\t\t\t\t\t\t\t\t\t<video class=\"elementor-background-video-hosted\" role=\"presentation\" autoplay muted playsinline loop><\/video>\n\t\t\t\t\t\t\t\t\t\t\t<\/div>\n\t\t\t\t\t\t\t\t<div class=\"elementor-container elementor-column-gap-default\">\n\t\t\t\t\t<div class=\"elementor-column elementor-col-100 elementor-top-column elementor-element elementor-element-e0a4d0b\" data-id=\"e0a4d0b\" data-element_type=\"column\" data-e-type=\"column\">\n\t\t\t<div class=\"elementor-widget-wrap\">\n\t\t\t\t\t\t\t<\/div>\n\t\t<\/div>\n\t\t\t\t\t<\/div>\n\t\t<\/section>\n\t\t\t\t<section class=\"elementor-section elementor-top-section elementor-element elementor-element-5f93b59 elementor-section-boxed elementor-section-height-default elementor-section-height-default\" data-id=\"5f93b59\" data-element_type=\"section\" data-e-type=\"section\">\n\t\t\t\t\t\t<div class=\"elementor-container elementor-column-gap-default\">\n\t\t\t\t\t<div class=\"elementor-column elementor-col-100 elementor-top-column elementor-element elementor-element-87add75\" data-id=\"87add75\" data-element_type=\"column\" data-e-type=\"column\">\n\t\t\t<div class=\"elementor-widget-wrap elementor-element-populated\">\n\t\t\t\t\t\t<div class=\"elementor-element elementor-element-f4c5905 elementor-widget elementor-widget-heading\" data-id=\"f4c5905\" data-element_type=\"widget\" data-e-type=\"widget\" data-widget_type=\"heading.default\">\n\t\t\t\t<div class=\"elementor-widget-container\">\n\t\t\t\t\t<h1 class=\"elementor-heading-title elementor-size-default\">Sostenibilidad<\/h1>\t\t\t\t<\/div>\n\t\t\t\t<\/div>\n\t\t\t\t<div class=\"elementor-element elementor-element-b953539 elementor-widget elementor-widget-text-editor\" data-id=\"b953539\" data-element_type=\"widget\" data-e-type=\"widget\" data-widget_type=\"text-editor.default\">\n\t\t\t\t<div class=\"elementor-widget-container\">\n\t\t\t\t\t\t\t\t\t<p>La marca Nicola cree que un buen caf\u00e9 no s\u00f3lo debe deleitar tu paladar, sino tambi\u00e9n contribuir positivamente al planeta. Por eso las c\u00e1psulas est\u00e1n fabricadas con aluminio 100% reciclable, avanzando hacia una experiencia de caf\u00e9 m\u00e1s sostenible.<\/p><p>El compromiso con la sostenibilidad es evidente en cada taza que disfrutas del caf\u00e9 Nicola. Se trata, por tanto, de un importante paso hacia el cambio, dado el impacto que las c\u00e1psulas de caf\u00e9 de un solo uso pueden tener en el medio ambiente.<\/p><p>Las c\u00e1psulas est\u00e1n fabricadas \u00edntegramente con aluminio 100% reciclable, lo que reduce la necesidad de materiales v\u00edrgenes y minimiza el desperdicio. Al elegir Nicola, no s\u00f3lo disfruta de un caf\u00e9 excepcional, sino que tambi\u00e9n realiza una elecci\u00f3n consciente para el planeta.<\/p><p>Nicola se pone al d\u00eda con la conversaci\u00f3n desde 1779.<\/p>\t\t\t\t\t\t\t\t<\/div>\n\t\t\t\t<\/div>\n\t\t\t\t\t<\/div>\n\t\t<\/div>\n\t\t\t\t\t<\/div>\n\t\t<\/section>\n\t\t\t\t<section class=\"elementor-section elementor-top-section elementor-element elementor-element-64d80de elementor-section-height-full elementor-section-content-middle elementor-section-full_width elementor-hidden-mobile elementor-section-height-default elementor-section-items-middle\" data-id=\"64d80de\" data-element_type=\"section\" data-e-type=\"section\" data-settings=\"{&quot;background_background&quot;:&quot;classic&quot;}\">\n\t\t\t\t\t\t<div class=\"elementor-container elementor-column-gap-default\">\n\t\t\t\t\t<div class=\"elementor-column elementor-col-100 elementor-top-column elementor-element elementor-element-f6ba757\" data-id=\"f6ba757\" data-element_type=\"column\" data-e-type=\"column\">\n\t\t\t<div class=\"elementor-widget-wrap\">\n\t\t\t\t\t\t\t<\/div>\n\t\t<\/div>\n\t\t\t\t\t<\/div>\n\t\t<\/section>\n\t\t\t\t<section class=\"elementor-section elementor-top-section elementor-element elementor-element-21a58f5 elementor-hidden-desktop elementor-hidden-tablet elementor-section-boxed elementor-section-height-default elementor-section-height-default\" data-id=\"21a58f5\" data-element_type=\"section\" data-e-type=\"section\">\n\t\t\t\t\t\t<div class=\"elementor-container elementor-column-gap-default\">\n\t\t\t\t\t<div class=\"elementor-column elementor-col-100 elementor-top-column elementor-element elementor-element-ca1c372\" data-id=\"ca1c372\" data-element_type=\"column\" data-e-type=\"column\">\n\t\t\t<div class=\"elementor-widget-wrap elementor-element-populated\">\n\t\t\t\t\t\t<div class=\"elementor-element elementor-element-51eb477 elementor-widget elementor-widget-image\" data-id=\"51eb477\" data-element_type=\"widget\" data-e-type=\"widget\" data-widget_type=\"image.default\">\n\t\t\t\t<div class=\"elementor-widget-container\">\n\t\t\t\t\t\t\t\t\t\t\t\t\t\t\t<img fetchpriority=\"high\" decoding=\"async\" width=\"800\" height=\"534\" src=\"https:\/\/nicola.pt\/wp-content\/uploads\/2024\/09\/EDU_7305-1920-1024x683.webp\" class=\"attachment-large size-large wp-image-782\" alt=\"Sustentabilidade\" srcset=\"https:\/\/nicola.pt\/wp-content\/uploads\/2024\/09\/EDU_7305-1920-1024x683.webp 1024w, https:\/\/nicola.pt\/wp-content\/uploads\/2024\/09\/EDU_7305-1920-300x200.webp 300w, https:\/\/nicola.pt\/wp-content\/uploads\/2024\/09\/EDU_7305-1920-768x512.webp 768w, https:\/\/nicola.pt\/wp-content\/uploads\/2024\/09\/EDU_7305-1920-1536x1024.webp 1536w, https:\/\/nicola.pt\/wp-content\/uploads\/2024\/09\/EDU_7305-1920-18x12.webp 18w, https:\/\/nicola.pt\/wp-content\/uploads\/2024\/09\/EDU_7305-1920-24x16.webp 24w, https:\/\/nicola.pt\/wp-content\/uploads\/2024\/09\/EDU_7305-1920-36x24.webp 36w, https:\/\/nicola.pt\/wp-content\/uploads\/2024\/09\/EDU_7305-1920-48x32.webp 48w, https:\/\/nicola.pt\/wp-content\/uploads\/2024\/09\/EDU_7305-1920-600x400.webp 600w, https:\/\/nicola.pt\/wp-content\/uploads\/2024\/09\/EDU_7305-1920.webp 1920w\" sizes=\"(max-width: 800px) 100vw, 800px\" \/>\t\t\t\t\t\t\t\t\t\t\t\t\t\t\t<\/div>\n\t\t\t\t<\/div>\n\t\t\t\t\t<\/div>\n\t\t<\/div>\n\t\t\t\t\t<\/div>\n\t\t<\/section>\n\t\t\t\t<section class=\"elementor-section elementor-top-section elementor-element elementor-element-f8ef23a elementor-section-boxed elementor-section-height-default elementor-section-height-default\" data-id=\"f8ef23a\" data-element_type=\"section\" data-e-type=\"section\">\n\t\t\t\t\t\t<div class=\"elementor-container elementor-column-gap-default\">\n\t\t\t\t\t<div class=\"elementor-column elementor-col-100 elementor-top-column elementor-element elementor-element-03cca10\" data-id=\"03cca10\" data-element_type=\"column\" data-e-type=\"column\">\n\t\t\t<div class=\"elementor-widget-wrap elementor-element-populated\">\n\t\t\t\t\t\t<div class=\"elementor-element elementor-element-b742149 elementor-widget elementor-widget-text-editor\" data-id=\"b742149\" data-element_type=\"widget\" data-e-type=\"widget\" data-widget_type=\"text-editor.default\">\n\t\t\t\t<div class=\"elementor-widget-container\">\n\t\t\t\t\t\t\t\t\t<p>Nicola crea espacios que no s\u00f3lo inspiran, sino que tambi\u00e9n tienen un impacto positivo en el planeta. Se lleva a cabo una cuidadosa selecci\u00f3n de materiales para garantizar que cada paso sea hacia un futuro m\u00e1s ecol\u00f3gico.<\/p><p>Para aquellos que buscan una opci\u00f3n a\u00fan m\u00e1s ecol\u00f3gica, nuestros materiales compuestos reciclados ofrecen la combinaci\u00f3n perfecta de estilo y sostenibilidad.<\/p><p>Experimente la belleza de una vida sostenible con Nicola.<\/p>\t\t\t\t\t\t\t\t<\/div>\n\t\t\t\t<\/div>\n\t\t\t\t\t<\/div>\n\t\t<\/div>\n\t\t\t\t\t<\/div>\n\t\t<\/section>\n\t\t\t\t<section class=\"elementor-section elementor-top-section elementor-element elementor-element-1333b6c elementor-section-content-middle elementor-section-boxed elementor-section-height-default elementor-section-height-default\" data-id=\"1333b6c\" data-element_type=\"section\" data-e-type=\"section\" data-settings=\"{&quot;background_background&quot;:&quot;classic&quot;}\">\n\t\t\t\t\t\t<div class=\"elementor-container elementor-column-gap-default\">\n\t\t\t\t\t<div class=\"elementor-column elementor-col-100 elementor-top-column elementor-element elementor-element-deb9ea1\" data-id=\"deb9ea1\" data-element_type=\"column\" data-e-type=\"column\">\n\t\t\t<div class=\"elementor-widget-wrap elementor-element-populated\">\n\t\t\t\t\t\t<div class=\"elementor-element elementor-element-134d23b elementor-widget-mobile__width-initial elementor-widget elementor-widget-image\" data-id=\"134d23b\" data-element_type=\"widget\" data-e-type=\"widget\" data-widget_type=\"image.default\">\n\t\t\t\t<div class=\"elementor-widget-container\">\n\t\t\t\t\t\t\t\t\t\t\t\t\t\t\t<img decoding=\"async\" width=\"382\" height=\"328\" data-src=\"https:\/\/nicola.pt\/wp-content\/uploads\/2024\/09\/esplanada-small.jpg\" class=\"attachment-large size-large wp-image-77 lazyload\" alt=\"Sustentabilidade\" data-srcset=\"https:\/\/nicola.pt\/wp-content\/uploads\/2024\/09\/esplanada-small.jpg 382w, https:\/\/nicola.pt\/wp-content\/uploads\/2024\/09\/esplanada-small-300x258.jpg 300w\" data-sizes=\"(max-width: 382px) 100vw, 382px\" src=\"data:image\/svg+xml;base64,PHN2ZyB3aWR0aD0iMSIgaGVpZ2h0PSIxIiB4bWxucz0iaHR0cDovL3d3dy53My5vcmcvMjAwMC9zdmciPjwvc3ZnPg==\" style=\"--smush-placeholder-width: 382px; --smush-placeholder-aspect-ratio: 382\/328;\" \/>\t\t\t\t\t\t\t\t\t\t\t\t\t\t\t<\/div>\n\t\t\t\t<\/div>\n\t\t\t\t\t<\/div>\n\t\t<\/div>\n\t\t\t\t\t<\/div>\n\t\t<\/section>\n\t\t\t\t<\/div>","protected":false},"excerpt":{"rendered":"<p>Sustentabilidade A marca Nicola, acredita que um bom caf\u00e9 n\u00e3o deve apenas deliciar o seu paladar, mas tamb\u00e9m contribuir positivamente para o planeta. \u00c9 por isso que as c\u00e1psulas s\u00e3o feitas de alum\u00ednio 100% recicl\u00e1vel, na dire\u00e7\u00e3o de uma experi\u00eancia de caf\u00e9 mais sustent\u00e1vel. O compromisso com a sustentabilidade \u00e9 evidente em cada ch\u00e1vena que [&hellip;]<\/p>\n","protected":false},"author":2,"featured_media":0,"parent":0,"menu_order":0,"comment_status":"closed","ping_status":"closed","template":"","meta":{"_acf_changed":false,"footnotes":""},"class_list":["post-74","page","type-page","status-publish","hentry"],"acf":[],"yoast_head":"<!-- This site is optimized with the Yoast SEO plugin v27.5 - https:\/\/yoast.com\/product\/yoast-seo-wordpress\/ -->\n<title>Sustentabilidade - Nicola Caf\u00e9<\/title>\n<meta name=\"description\" content=\"Sustentabilidade: Acreditamos que um bom caf\u00e9 n\u00e3o deve apenas deliciar o seu paladar, mas tamb\u00e9m contribuir positivamente para o planeta.\" \/>\n<meta name=\"robots\" content=\"index, follow, max-snippet:-1, max-image-preview:large, max-video-preview:-1\" \/>\n<link rel=\"canonical\" href=\"https:\/\/nicola.pt\/es\/sustentabilidade\/\" \/>\n<meta property=\"og:locale\" content=\"es_ES\" \/>\n<meta property=\"og:type\" content=\"article\" \/>\n<meta property=\"og:title\" content=\"Sustentabilidade - Nicola Caf\u00e9\" \/>\n<meta property=\"og:description\" content=\"Sustentabilidade: Acreditamos que um bom caf\u00e9 n\u00e3o deve apenas deliciar o seu paladar, mas tamb\u00e9m contribuir positivamente para o planeta.\" \/>\n<meta property=\"og:url\" content=\"https:\/\/nicola.pt\/es\/sustentabilidade\/\" \/>\n<meta property=\"og:site_name\" content=\"Nicola Caf\u00e9\" \/>\n<meta property=\"article:modified_time\" content=\"2024-09-27T17:24:49+00:00\" \/>\n<meta property=\"og:image\" content=\"https:\/\/nicola.pt\/wp-content\/uploads\/2024\/09\/EDU_7305-1920-1024x683.webp\" \/>\n<meta name=\"twitter:card\" content=\"summary_large_image\" \/>\n<meta name=\"twitter:label1\" content=\"Tiempo de lectura\" \/>\n\t<meta name=\"twitter:data1\" content=\"2 minutos\" \/>\n<script type=\"application\/ld+json\" class=\"yoast-schema-graph\">{\"@context\":\"https:\\\/\\\/schema.org\",\"@graph\":[{\"@type\":\"WebPage\",\"@id\":\"https:\\\/\\\/nicola.pt\\\/sustentabilidade\\\/\",\"url\":\"https:\\\/\\\/nicola.pt\\\/sustentabilidade\\\/\",\"name\":\"Sustentabilidade - Nicola Caf\u00e9\",\"isPartOf\":{\"@id\":\"https:\\\/\\\/nicola.pt\\\/#website\"},\"primaryImageOfPage\":{\"@id\":\"https:\\\/\\\/nicola.pt\\\/sustentabilidade\\\/#primaryimage\"},\"image\":{\"@id\":\"https:\\\/\\\/nicola.pt\\\/sustentabilidade\\\/#primaryimage\"},\"thumbnailUrl\":\"https:\\\/\\\/nicola.pt\\\/wp-content\\\/uploads\\\/2024\\\/09\\\/EDU_7305-1920-1024x683.webp\",\"datePublished\":\"2024-09-24T10:30:43+00:00\",\"dateModified\":\"2024-09-27T17:24:49+00:00\",\"description\":\"Sustentabilidade: Acreditamos que um bom caf\u00e9 n\u00e3o deve apenas deliciar o seu paladar, mas tamb\u00e9m contribuir positivamente para o planeta.\",\"breadcrumb\":{\"@id\":\"https:\\\/\\\/nicola.pt\\\/sustentabilidade\\\/#breadcrumb\"},\"inLanguage\":\"es\",\"potentialAction\":[{\"@type\":\"ReadAction\",\"target\":[\"https:\\\/\\\/nicola.pt\\\/sustentabilidade\\\/\"]}]},{\"@type\":\"ImageObject\",\"inLanguage\":\"es\",\"@id\":\"https:\\\/\\\/nicola.pt\\\/sustentabilidade\\\/#primaryimage\",\"url\":\"https:\\\/\\\/nicola.pt\\\/wp-content\\\/uploads\\\/2024\\\/09\\\/EDU_7305-1920-1024x683.webp\",\"contentUrl\":\"https:\\\/\\\/nicola.pt\\\/wp-content\\\/uploads\\\/2024\\\/09\\\/EDU_7305-1920-1024x683.webp\"},{\"@type\":\"BreadcrumbList\",\"@id\":\"https:\\\/\\\/nicola.pt\\\/sustentabilidade\\\/#breadcrumb\",\"itemListElement\":[{\"@type\":\"ListItem\",\"position\":1,\"name\":\"Home\",\"item\":\"https:\\\/\\\/nicola.pt\\\/\"},{\"@type\":\"ListItem\",\"position\":2,\"name\":\"Sustentabilidade\"}]},{\"@type\":\"WebSite\",\"@id\":\"https:\\\/\\\/nicola.pt\\\/#website\",\"url\":\"https:\\\/\\\/nicola.pt\\\/\",\"name\":\"Nicola Caf\u00e9\",\"description\":\"Desde 1779\",\"publisher\":{\"@id\":\"https:\\\/\\\/nicola.pt\\\/#organization\"},\"potentialAction\":[{\"@type\":\"SearchAction\",\"target\":{\"@type\":\"EntryPoint\",\"urlTemplate\":\"https:\\\/\\\/nicola.pt\\\/?s={search_term_string}\"},\"query-input\":{\"@type\":\"PropertyValueSpecification\",\"valueRequired\":true,\"valueName\":\"search_term_string\"}}],\"inLanguage\":\"es\"},{\"@type\":\"Organization\",\"@id\":\"https:\\\/\\\/nicola.pt\\\/#organization\",\"name\":\"Nicola Caf\u00e9\",\"url\":\"https:\\\/\\\/nicola.pt\\\/\",\"logo\":{\"@type\":\"ImageObject\",\"inLanguage\":\"es\",\"@id\":\"https:\\\/\\\/nicola.pt\\\/#\\\/schema\\\/logo\\\/image\\\/\",\"url\":\"https:\\\/\\\/nicola.pt\\\/wp-content\\\/uploads\\\/2024\\\/09\\\/logo.jpg\",\"contentUrl\":\"https:\\\/\\\/nicola.pt\\\/wp-content\\\/uploads\\\/2024\\\/09\\\/logo.jpg\",\"width\":617,\"height\":617,\"caption\":\"Nicola Caf\u00e9\"},\"image\":{\"@id\":\"https:\\\/\\\/nicola.pt\\\/#\\\/schema\\\/logo\\\/image\\\/\"}}]}<\/script>\n<!-- \/ Yoast SEO plugin. -->","yoast_head_json":{"title":"Sustentabilidade - Nicola Caf\u00e9","description":"Sustentabilidade: Acreditamos que um bom caf\u00e9 n\u00e3o deve apenas deliciar o seu paladar, mas tamb\u00e9m contribuir positivamente para o planeta.","robots":{"index":"index","follow":"follow","max-snippet":"max-snippet:-1","max-image-preview":"max-image-preview:large","max-video-preview":"max-video-preview:-1"},"canonical":"https:\/\/nicola.pt\/es\/sustentabilidade\/","og_locale":"es_ES","og_type":"article","og_title":"Sustentabilidade - Nicola Caf\u00e9","og_description":"Sustentabilidade: Acreditamos que um bom caf\u00e9 n\u00e3o deve apenas deliciar o seu paladar, mas tamb\u00e9m contribuir positivamente para o planeta.","og_url":"https:\/\/nicola.pt\/es\/sustentabilidade\/","og_site_name":"Nicola Caf\u00e9","article_modified_time":"2024-09-27T17:24:49+00:00","og_image":[{"url":"https:\/\/nicola.pt\/wp-content\/uploads\/2024\/09\/EDU_7305-1920-1024x683.webp","type":"","width":"","height":""}],"twitter_card":"summary_large_image","twitter_misc":{"Tiempo de lectura":"2 minutos"},"schema":{"@context":"https:\/\/schema.org","@graph":[{"@type":"WebPage","@id":"https:\/\/nicola.pt\/sustentabilidade\/","url":"https:\/\/nicola.pt\/sustentabilidade\/","name":"Sustentabilidade - Nicola Caf\u00e9","isPartOf":{"@id":"https:\/\/nicola.pt\/#website"},"primaryImageOfPage":{"@id":"https:\/\/nicola.pt\/sustentabilidade\/#primaryimage"},"image":{"@id":"https:\/\/nicola.pt\/sustentabilidade\/#primaryimage"},"thumbnailUrl":"https:\/\/nicola.pt\/wp-content\/uploads\/2024\/09\/EDU_7305-1920-1024x683.webp","datePublished":"2024-09-24T10:30:43+00:00","dateModified":"2024-09-27T17:24:49+00:00","description":"Sustentabilidade: Acreditamos que um bom caf\u00e9 n\u00e3o deve apenas deliciar o seu paladar, mas tamb\u00e9m contribuir positivamente para o planeta.","breadcrumb":{"@id":"https:\/\/nicola.pt\/sustentabilidade\/#breadcrumb"},"inLanguage":"es","potentialAction":[{"@type":"ReadAction","target":["https:\/\/nicola.pt\/sustentabilidade\/"]}]},{"@type":"ImageObject","inLanguage":"es","@id":"https:\/\/nicola.pt\/sustentabilidade\/#primaryimage","url":"https:\/\/nicola.pt\/wp-content\/uploads\/2024\/09\/EDU_7305-1920-1024x683.webp","contentUrl":"https:\/\/nicola.pt\/wp-content\/uploads\/2024\/09\/EDU_7305-1920-1024x683.webp"},{"@type":"BreadcrumbList","@id":"https:\/\/nicola.pt\/sustentabilidade\/#breadcrumb","itemListElement":[{"@type":"ListItem","position":1,"name":"Home","item":"https:\/\/nicola.pt\/"},{"@type":"ListItem","position":2,"name":"Sustentabilidade"}]},{"@type":"WebSite","@id":"https:\/\/nicola.pt\/#website","url":"https:\/\/nicola.pt\/","name":"Nicola Caf\u00e9","description":"Desde 1779","publisher":{"@id":"https:\/\/nicola.pt\/#organization"},"potentialAction":[{"@type":"SearchAction","target":{"@type":"EntryPoint","urlTemplate":"https:\/\/nicola.pt\/?s={search_term_string}"},"query-input":{"@type":"PropertyValueSpecification","valueRequired":true,"valueName":"search_term_string"}}],"inLanguage":"es"},{"@type":"Organization","@id":"https:\/\/nicola.pt\/#organization","name":"Nicola Caf\u00e9","url":"https:\/\/nicola.pt\/","logo":{"@type":"ImageObject","inLanguage":"es","@id":"https:\/\/nicola.pt\/#\/schema\/logo\/image\/","url":"https:\/\/nicola.pt\/wp-content\/uploads\/2024\/09\/logo.jpg","contentUrl":"https:\/\/nicola.pt\/wp-content\/uploads\/2024\/09\/logo.jpg","width":617,"height":617,"caption":"Nicola Caf\u00e9"},"image":{"@id":"https:\/\/nicola.pt\/#\/schema\/logo\/image\/"}}]}},"_links":{"self":[{"href":"https:\/\/nicola.pt\/es\/wp-json\/wp\/v2\/pages\/74","targetHints":{"allow":["GET"]}}],"collection":[{"href":"https:\/\/nicola.pt\/es\/wp-json\/wp\/v2\/pages"}],"about":[{"href":"https:\/\/nicola.pt\/es\/wp-json\/wp\/v2\/types\/page"}],"author":[{"embeddable":true,"href":"https:\/\/nicola.pt\/es\/wp-json\/wp\/v2\/users\/2"}],"replies":[{"embeddable":true,"href":"https:\/\/nicola.pt\/es\/wp-json\/wp\/v2\/comments?post=74"}],"version-history":[{"count":10,"href":"https:\/\/nicola.pt\/es\/wp-json\/wp\/v2\/pages\/74\/revisions"}],"predecessor-version":[{"id":786,"href":"https:\/\/nicola.pt\/es\/wp-json\/wp\/v2\/pages\/74\/revisions\/786"}],"wp:attachment":[{"href":"https:\/\/nicola.pt\/es\/wp-json\/wp\/v2\/media?parent=74"}],"curies":[{"name":"wp","href":"https:\/\/api.w.org\/{rel}","templated":true}]}}