{"id":81,"date":"2024-09-24T10:33:45","date_gmt":"2024-09-24T10:33:45","guid":{"rendered":"https:\/\/nicola.pt\/?page_id=81"},"modified":"2024-09-27T17:19:09","modified_gmt":"2024-09-27T17:19:09","slug":"sobre-nos","status":"publish","type":"page","link":"https:\/\/nicola.pt\/es\/sobre-nos\/","title":{"rendered":"Sobre nosotros"},"content":{"rendered":"<div data-elementor-type=\"wp-page\" data-elementor-id=\"81\" class=\"elementor elementor-81\" data-elementor-post-type=\"page\">\n\t\t\t\t\t\t<section class=\"elementor-section elementor-top-section elementor-element elementor-element-caf04f0 elementor-section-height-min-height elementor-section-content-middle elementor-section-boxed elementor-section-height-default elementor-section-items-middle\" data-id=\"caf04f0\" data-element_type=\"section\" data-e-type=\"section\" data-settings=\"{&quot;background_background&quot;:&quot;classic&quot;}\">\n\t\t\t\t\t\t<div class=\"elementor-container elementor-column-gap-default\">\n\t\t\t\t\t<div class=\"elementor-column elementor-col-100 elementor-top-column elementor-element elementor-element-7233cc2\" data-id=\"7233cc2\" data-element_type=\"column\" data-e-type=\"column\">\n\t\t\t<div class=\"elementor-widget-wrap elementor-element-populated\">\n\t\t\t\t\t\t<div class=\"elementor-element elementor-element-d37dbad elementor-widget__width-initial elementor-widget-mobile__width-initial elementor-widget elementor-widget-heading\" data-id=\"d37dbad\" data-element_type=\"widget\" data-e-type=\"widget\" data-widget_type=\"heading.default\">\n\t\t\t\t<div class=\"elementor-widget-container\">\n\t\t\t\t\t<h1 class=\"elementor-heading-title elementor-size-default\">Sobre nosotros<\/h1>\t\t\t\t<\/div>\n\t\t\t\t<\/div>\n\t\t\t\t\t<\/div>\n\t\t<\/div>\n\t\t\t\t\t<\/div>\n\t\t<\/section>\n\t\t\t\t<section class=\"elementor-section elementor-top-section elementor-element elementor-element-e2566b7 elementor-section-boxed elementor-section-height-default elementor-section-height-default\" data-id=\"e2566b7\" data-element_type=\"section\" data-e-type=\"section\">\n\t\t\t\t\t\t<div class=\"elementor-container elementor-column-gap-default\">\n\t\t\t\t\t<div class=\"elementor-column elementor-col-100 elementor-top-column elementor-element elementor-element-dc06a96\" data-id=\"dc06a96\" data-element_type=\"column\" data-e-type=\"column\">\n\t\t\t<div class=\"elementor-widget-wrap elementor-element-populated\">\n\t\t\t\t\t\t<div class=\"elementor-element elementor-element-8302037 elementor-widget elementor-widget-text-editor\" data-id=\"8302037\" data-element_type=\"widget\" data-e-type=\"widget\" data-widget_type=\"text-editor.default\">\n\t\t\t\t<div class=\"elementor-widget-container\">\n\t\t\t\t\t\t\t\t\t<p>Nicola est\u00e1 presente en varios canales: Mass Market (Gran Distribuci\u00f3n), Food Service (restaurantes, hoteles y oficinas) y Exportaci\u00f3n.<\/p>\n<p>Los or\u00edgenes de los caf\u00e9s Nicola se remontan a 1779, en uno de los establecimientos m\u00e1s emblem\u00e1ticos de Lisboa: el Caf\u00e9 Restaurante Nicola. Este establecimiento fue lugar de encuentro de escritores y pol\u00edticos y de las tertulias m\u00e1s famosas de Lisboa.<\/p>\n<p>Entre estas personalidades destaca el poeta Bocage. Desde el principio, Caf\u00e9 Restaurante Nicola tuvo su propio lote de caf\u00e9, procedente de Brasil y Santo Tom\u00e9 y Pr\u00edncipe y vendido bajo el nombre Nicola. La conquista del mercado, la aparici\u00f3n de nuevos h\u00e1bitos, las exigencias en relaci\u00f3n al caf\u00e9 y las nuevas mezclas de caf\u00e9, hicieron necesario tener control sobre todas las etapas de producci\u00f3n y as\u00ed se cre\u00f3 la f\u00e1brica de Venda Nova en 1950.<\/p>\t\t\t\t\t\t\t\t<\/div>\n\t\t\t\t<\/div>\n\t\t\t\t\t<\/div>\n\t\t<\/div>\n\t\t\t\t\t<\/div>\n\t\t<\/section>\n\t\t\t\t<section class=\"elementor-section elementor-top-section elementor-element elementor-element-bce51d1 elementor-section-height-min-height elementor-section-boxed elementor-section-height-default elementor-section-items-middle\" data-id=\"bce51d1\" data-element_type=\"section\" data-e-type=\"section\" data-settings=\"{&quot;background_background&quot;:&quot;classic&quot;}\">\n\t\t\t\t\t\t<div class=\"elementor-container elementor-column-gap-default\">\n\t\t\t\t\t<div class=\"elementor-column elementor-col-100 elementor-top-column elementor-element elementor-element-8b96ff0\" data-id=\"8b96ff0\" data-element_type=\"column\" data-e-type=\"column\">\n\t\t\t<div class=\"elementor-widget-wrap\">\n\t\t\t\t\t\t\t<\/div>\n\t\t<\/div>\n\t\t\t\t\t<\/div>\n\t\t<\/section>\n\t\t\t\t<section class=\"elementor-section elementor-top-section elementor-element elementor-element-0d11de0 elementor-section-boxed elementor-section-height-default elementor-section-height-default\" data-id=\"0d11de0\" data-element_type=\"section\" data-e-type=\"section\">\n\t\t\t\t\t\t<div class=\"elementor-container elementor-column-gap-default\">\n\t\t\t\t\t<div class=\"elementor-column elementor-col-100 elementor-top-column elementor-element elementor-element-768b75f\" data-id=\"768b75f\" data-element_type=\"column\" data-e-type=\"column\">\n\t\t\t<div class=\"elementor-widget-wrap elementor-element-populated\">\n\t\t\t\t\t\t<div class=\"elementor-element elementor-element-a1b7bbb elementor-widget elementor-widget-text-editor\" data-id=\"a1b7bbb\" data-element_type=\"widget\" data-e-type=\"widget\" data-widget_type=\"text-editor.default\">\n\t\t\t\t<div class=\"elementor-widget-container\">\n\t\t\t\t\t\t\t\t\t<h3><strong>Grupo MZBI<\/strong><\/h3><p>MZBI es el acr\u00f3nimo de Massimo Zanetti Bebidas Ib\u00e9ria S.A. la empresa creada por el Grupo italiano del mismo nombre, en 2017, para la producci\u00f3n y comercializaci\u00f3n de caf\u00e9s en la Pen\u00ednsula Ib\u00e9rica. En Portugal, el grupo entr\u00f3 mediante la fusi\u00f3n entre Segafredo Zanetti Portugal y Nutricaf\u00e9s S.A. que en el momento de la fusi\u00f3n pose\u00eda las marcas Nicola y Chave D\u2019Ouro y, m\u00e1s recientemente, con la adquisici\u00f3n en 2019 de los caf\u00e9s Nandi. Con esta fusi\u00f3n de marcas, todas las cuales ya cuentan con posiciones de liderazgo consolidadas, se han duplicado las capacidades tecnol\u00f3gicas y productivas, desde el tostado, la molienda y el envasado hasta la distribuci\u00f3n. MZBI es hoy uno de los tres mayores operadores del mercado portugu\u00e9s de bebidas, proporcionando canales de distribuci\u00f3n de Food Service, Mass Market y Office.<\/p>\t\t\t\t\t\t\t\t<\/div>\n\t\t\t\t<\/div>\n\t\t\t\t<div class=\"elementor-element elementor-element-fc2d085 elementor-widget elementor-widget-image\" data-id=\"fc2d085\" data-element_type=\"widget\" data-e-type=\"widget\" data-widget_type=\"image.default\">\n\t\t\t\t<div class=\"elementor-widget-container\">\n\t\t\t\t\t\t\t\t\t\t\t\t\t\t\t<img fetchpriority=\"high\" decoding=\"async\" width=\"800\" height=\"533\" src=\"https:\/\/nicola.pt\/wp-content\/uploads\/2024\/09\/IMG_1053_compressed_12_11zon-1024x682.webp\" class=\"attachment-large size-large wp-image-752\" alt=\"Nicola no mundo\" srcset=\"https:\/\/nicola.pt\/wp-content\/uploads\/2024\/09\/IMG_1053_compressed_12_11zon-1024x682.webp 1024w, https:\/\/nicola.pt\/wp-content\/uploads\/2024\/09\/IMG_1053_compressed_12_11zon-300x200.webp 300w, https:\/\/nicola.pt\/wp-content\/uploads\/2024\/09\/IMG_1053_compressed_12_11zon-768x512.webp 768w, https:\/\/nicola.pt\/wp-content\/uploads\/2024\/09\/IMG_1053_compressed_12_11zon-1536x1024.webp 1536w, https:\/\/nicola.pt\/wp-content\/uploads\/2024\/09\/IMG_1053_compressed_12_11zon-18x12.webp 18w, https:\/\/nicola.pt\/wp-content\/uploads\/2024\/09\/IMG_1053_compressed_12_11zon-24x16.webp 24w, https:\/\/nicola.pt\/wp-content\/uploads\/2024\/09\/IMG_1053_compressed_12_11zon-36x24.webp 36w, https:\/\/nicola.pt\/wp-content\/uploads\/2024\/09\/IMG_1053_compressed_12_11zon-48x32.webp 48w, https:\/\/nicola.pt\/wp-content\/uploads\/2024\/09\/IMG_1053_compressed_12_11zon-600x400.webp 600w, https:\/\/nicola.pt\/wp-content\/uploads\/2024\/09\/IMG_1053_compressed_12_11zon.webp 1667w\" sizes=\"(max-width: 800px) 100vw, 800px\" \/>\t\t\t\t\t\t\t\t\t\t\t\t\t\t\t<\/div>\n\t\t\t\t<\/div>\n\t\t\t\t\t<\/div>\n\t\t<\/div>\n\t\t\t\t\t<\/div>\n\t\t<\/section>\n\t\t\t\t<section class=\"elementor-section elementor-top-section elementor-element elementor-element-3e17351 elementor-section-boxed elementor-section-height-default elementor-section-height-default\" data-id=\"3e17351\" data-element_type=\"section\" data-e-type=\"section\">\n\t\t\t\t\t\t<div class=\"elementor-container elementor-column-gap-default\">\n\t\t\t\t\t<div class=\"elementor-column elementor-col-100 elementor-top-column elementor-element elementor-element-0e4d02f\" data-id=\"0e4d02f\" data-element_type=\"column\" data-e-type=\"column\">\n\t\t\t<div class=\"elementor-widget-wrap elementor-element-populated\">\n\t\t\t\t\t\t<div class=\"elementor-element elementor-element-66d416a elementor-widget elementor-widget-text-editor\" data-id=\"66d416a\" data-element_type=\"widget\" data-e-type=\"widget\" data-widget_type=\"text-editor.default\">\n\t\t\t\t<div class=\"elementor-widget-container\">\n\t\t\t\t\t\t\t\t\t<h3><strong>Grupo MZBG<\/strong><\/h3><p>Massimo Zanetti Beverage Group (MZBG) es un holding fundado y presidido por Massimo Zanetti, formado por una gran red de empresas en constante y r\u00e1pido crecimiento global, favoritas de los distribuidores m\u00e1s importantes del mundo. MZBG es el l\u00edder mundial en Caf\u00e9 Expresso y el grupo privado presente en m\u00e1s pa\u00edses del mundo, con m\u00e1s de 100.000 clientes repartidos en los cinco continentes, centrando la actividad de sus 20 tostadores en desarrollar el concepto de cadena del caf\u00e9 desde la planta hasta el taza. El grupo cuenta con m\u00e1s de 54 filiales repartidas por todo el mundo con m\u00e1s de 30 marcas locales y 400 boutiques de caf\u00e9 en 50 pa\u00edses.<br \/>Todo esto es posible gracias al maravilloso grupo de 3000 empleados repartidos por todo el mundo que trabajan a diario en MZB Group. Conozca mejor a MZBG: <a href=\"https:\/\/www.mzb-group.com\/en\/group\" target=\"_blank\" rel=\"noopener\">\u00a1Haga clic aqu\u00ed!<\/a><\/p>\t\t\t\t\t\t\t\t<\/div>\n\t\t\t\t<\/div>\n\t\t\t\t\t<\/div>\n\t\t<\/div>\n\t\t\t\t\t<\/div>\n\t\t<\/section>\n\t\t\t\t<section class=\"elementor-section elementor-top-section elementor-element elementor-element-b191462 elementor-section-boxed elementor-section-height-default elementor-section-height-default\" data-id=\"b191462\" data-element_type=\"section\" data-e-type=\"section\">\n\t\t\t\t\t\t<div class=\"elementor-container elementor-column-gap-default\">\n\t\t\t\t\t<div class=\"elementor-column elementor-col-100 elementor-top-column elementor-element elementor-element-1bd700d\" data-id=\"1bd700d\" data-element_type=\"column\" data-e-type=\"column\">\n\t\t\t<div class=\"elementor-widget-wrap elementor-element-populated\">\n\t\t\t\t\t\t<div class=\"elementor-element elementor-element-55e9f9f elementor-align-center elementor-widget elementor-widget-button\" data-id=\"55e9f9f\" data-element_type=\"widget\" data-e-type=\"widget\" data-widget_type=\"button.default\">\n\t\t\t\t<div class=\"elementor-widget-container\">\n\t\t\t\t\t\t\t\t\t<div class=\"elementor-button-wrapper\">\n\t\t\t\t\t<a class=\"elementor-button elementor-button-link elementor-size-lg elementor-animation-grow\" href=\"https:\/\/nicola.pt\/es\/nicola-no-mundo\/\">\n\t\t\t\t\t\t<span class=\"elementor-button-content-wrapper\">\n\t\t\t\t\t\t\t\t\t<span class=\"elementor-button-text\">Nicola en el mundo<\/span>\n\t\t\t\t\t<\/span>\n\t\t\t\t\t<\/a>\n\t\t\t\t<\/div>\n\t\t\t\t\t\t\t\t<\/div>\n\t\t\t\t<\/div>\n\t\t\t\t\t<\/div>\n\t\t<\/div>\n\t\t\t\t\t<\/div>\n\t\t<\/section>\n\t\t\t\t<\/div>","protected":false},"excerpt":{"rendered":"<p>Sobre N\u00f3s A Nicola est\u00e1 presente nos diversos canais: Mass Market (Grande Distribui\u00e7\u00e3o), Food Service (restaura\u00e7\u00e3o, hotelaria e escrit\u00f3rios) e Exporta\u00e7\u00e3o. A origem dos caf\u00e9s Nicola remonta a 1779, a um dos mais emblem\u00e1ticos estabelecimentos de Lisboa: O Caf\u00e9 Restaurante Nicola. Este estabelecimento foi local de encontro de escritores e pol\u00edticos e das mais famosas [&hellip;]<\/p>\n","protected":false},"author":2,"featured_media":0,"parent":0,"menu_order":0,"comment_status":"closed","ping_status":"closed","template":"","meta":{"_acf_changed":false,"footnotes":""},"class_list":["post-81","page","type-page","status-publish","hentry"],"acf":[],"yoast_head":"<!-- This site is optimized with the Yoast SEO plugin v27.5 - https:\/\/yoast.com\/product\/yoast-seo-wordpress\/ -->\n<title>Sobre N\u00f3s - Nicola Caf\u00e9<\/title>\n<meta name=\"robots\" content=\"index, follow, max-snippet:-1, max-image-preview:large, max-video-preview:-1\" \/>\n<link rel=\"canonical\" href=\"https:\/\/nicola.pt\/es\/sobre-nos\/\" \/>\n<meta property=\"og:locale\" content=\"es_ES\" \/>\n<meta property=\"og:type\" content=\"article\" \/>\n<meta property=\"og:title\" content=\"Sobre N\u00f3s - Nicola Caf\u00e9\" \/>\n<meta property=\"og:description\" content=\"Sobre N\u00f3s A Nicola est\u00e1 presente nos diversos canais: Mass Market (Grande Distribui\u00e7\u00e3o), Food Service (restaura\u00e7\u00e3o, hotelaria e escrit\u00f3rios) e Exporta\u00e7\u00e3o. A origem dos caf\u00e9s Nicola remonta a 1779, a um dos mais emblem\u00e1ticos estabelecimentos de Lisboa: O Caf\u00e9 Restaurante Nicola. Este estabelecimento foi local de encontro de escritores e pol\u00edticos e das mais famosas [&hellip;]\" \/>\n<meta property=\"og:url\" content=\"https:\/\/nicola.pt\/es\/sobre-nos\/\" \/>\n<meta property=\"og:site_name\" content=\"Nicola Caf\u00e9\" \/>\n<meta property=\"article:modified_time\" content=\"2024-09-27T17:19:09+00:00\" \/>\n<meta property=\"og:image\" content=\"https:\/\/nicola.pt\/wp-content\/uploads\/2024\/09\/IMG_1053_compressed_12_11zon-1024x682.webp\" \/>\n<meta name=\"twitter:card\" content=\"summary_large_image\" \/>\n<meta name=\"twitter:label1\" content=\"Tiempo de lectura\" \/>\n\t<meta name=\"twitter:data1\" content=\"2 minutos\" \/>\n<script type=\"application\/ld+json\" class=\"yoast-schema-graph\">{\"@context\":\"https:\\\/\\\/schema.org\",\"@graph\":[{\"@type\":\"WebPage\",\"@id\":\"https:\\\/\\\/nicola.pt\\\/sobre-nos\\\/\",\"url\":\"https:\\\/\\\/nicola.pt\\\/sobre-nos\\\/\",\"name\":\"Sobre N\u00f3s - Nicola Caf\u00e9\",\"isPartOf\":{\"@id\":\"https:\\\/\\\/nicola.pt\\\/#website\"},\"primaryImageOfPage\":{\"@id\":\"https:\\\/\\\/nicola.pt\\\/sobre-nos\\\/#primaryimage\"},\"image\":{\"@id\":\"https:\\\/\\\/nicola.pt\\\/sobre-nos\\\/#primaryimage\"},\"thumbnailUrl\":\"https:\\\/\\\/nicola.pt\\\/wp-content\\\/uploads\\\/2024\\\/09\\\/IMG_1053_compressed_12_11zon-1024x682.webp\",\"datePublished\":\"2024-09-24T10:33:45+00:00\",\"dateModified\":\"2024-09-27T17:19:09+00:00\",\"breadcrumb\":{\"@id\":\"https:\\\/\\\/nicola.pt\\\/sobre-nos\\\/#breadcrumb\"},\"inLanguage\":\"es\",\"potentialAction\":[{\"@type\":\"ReadAction\",\"target\":[\"https:\\\/\\\/nicola.pt\\\/sobre-nos\\\/\"]}]},{\"@type\":\"ImageObject\",\"inLanguage\":\"es\",\"@id\":\"https:\\\/\\\/nicola.pt\\\/sobre-nos\\\/#primaryimage\",\"url\":\"https:\\\/\\\/nicola.pt\\\/wp-content\\\/uploads\\\/2024\\\/09\\\/IMG_1053_compressed_12_11zon-1024x682.webp\",\"contentUrl\":\"https:\\\/\\\/nicola.pt\\\/wp-content\\\/uploads\\\/2024\\\/09\\\/IMG_1053_compressed_12_11zon-1024x682.webp\"},{\"@type\":\"BreadcrumbList\",\"@id\":\"https:\\\/\\\/nicola.pt\\\/sobre-nos\\\/#breadcrumb\",\"itemListElement\":[{\"@type\":\"ListItem\",\"position\":1,\"name\":\"Home\",\"item\":\"https:\\\/\\\/nicola.pt\\\/\"},{\"@type\":\"ListItem\",\"position\":2,\"name\":\"Sobre N\u00f3s\"}]},{\"@type\":\"WebSite\",\"@id\":\"https:\\\/\\\/nicola.pt\\\/#website\",\"url\":\"https:\\\/\\\/nicola.pt\\\/\",\"name\":\"Nicola Caf\u00e9\",\"description\":\"Desde 1779\",\"publisher\":{\"@id\":\"https:\\\/\\\/nicola.pt\\\/#organization\"},\"potentialAction\":[{\"@type\":\"SearchAction\",\"target\":{\"@type\":\"EntryPoint\",\"urlTemplate\":\"https:\\\/\\\/nicola.pt\\\/?s={search_term_string}\"},\"query-input\":{\"@type\":\"PropertyValueSpecification\",\"valueRequired\":true,\"valueName\":\"search_term_string\"}}],\"inLanguage\":\"es\"},{\"@type\":\"Organization\",\"@id\":\"https:\\\/\\\/nicola.pt\\\/#organization\",\"name\":\"Nicola Caf\u00e9\",\"url\":\"https:\\\/\\\/nicola.pt\\\/\",\"logo\":{\"@type\":\"ImageObject\",\"inLanguage\":\"es\",\"@id\":\"https:\\\/\\\/nicola.pt\\\/#\\\/schema\\\/logo\\\/image\\\/\",\"url\":\"https:\\\/\\\/nicola.pt\\\/wp-content\\\/uploads\\\/2024\\\/09\\\/logo.jpg\",\"contentUrl\":\"https:\\\/\\\/nicola.pt\\\/wp-content\\\/uploads\\\/2024\\\/09\\\/logo.jpg\",\"width\":617,\"height\":617,\"caption\":\"Nicola Caf\u00e9\"},\"image\":{\"@id\":\"https:\\\/\\\/nicola.pt\\\/#\\\/schema\\\/logo\\\/image\\\/\"}}]}<\/script>\n<!-- \/ Yoast SEO plugin. -->","yoast_head_json":{"title":"Sobre N\u00f3s - Nicola Caf\u00e9","robots":{"index":"index","follow":"follow","max-snippet":"max-snippet:-1","max-image-preview":"max-image-preview:large","max-video-preview":"max-video-preview:-1"},"canonical":"https:\/\/nicola.pt\/es\/sobre-nos\/","og_locale":"es_ES","og_type":"article","og_title":"Sobre N\u00f3s - Nicola Caf\u00e9","og_description":"Sobre N\u00f3s A Nicola est\u00e1 presente nos diversos canais: Mass Market (Grande Distribui\u00e7\u00e3o), Food Service (restaura\u00e7\u00e3o, hotelaria e escrit\u00f3rios) e Exporta\u00e7\u00e3o. A origem dos caf\u00e9s Nicola remonta a 1779, a um dos mais emblem\u00e1ticos estabelecimentos de Lisboa: O Caf\u00e9 Restaurante Nicola. Este estabelecimento foi local de encontro de escritores e pol\u00edticos e das mais famosas [&hellip;]","og_url":"https:\/\/nicola.pt\/es\/sobre-nos\/","og_site_name":"Nicola Caf\u00e9","article_modified_time":"2024-09-27T17:19:09+00:00","og_image":[{"url":"https:\/\/nicola.pt\/wp-content\/uploads\/2024\/09\/IMG_1053_compressed_12_11zon-1024x682.webp","type":"","width":"","height":""}],"twitter_card":"summary_large_image","twitter_misc":{"Tiempo de lectura":"2 minutos"},"schema":{"@context":"https:\/\/schema.org","@graph":[{"@type":"WebPage","@id":"https:\/\/nicola.pt\/sobre-nos\/","url":"https:\/\/nicola.pt\/sobre-nos\/","name":"Sobre N\u00f3s - Nicola Caf\u00e9","isPartOf":{"@id":"https:\/\/nicola.pt\/#website"},"primaryImageOfPage":{"@id":"https:\/\/nicola.pt\/sobre-nos\/#primaryimage"},"image":{"@id":"https:\/\/nicola.pt\/sobre-nos\/#primaryimage"},"thumbnailUrl":"https:\/\/nicola.pt\/wp-content\/uploads\/2024\/09\/IMG_1053_compressed_12_11zon-1024x682.webp","datePublished":"2024-09-24T10:33:45+00:00","dateModified":"2024-09-27T17:19:09+00:00","breadcrumb":{"@id":"https:\/\/nicola.pt\/sobre-nos\/#breadcrumb"},"inLanguage":"es","potentialAction":[{"@type":"ReadAction","target":["https:\/\/nicola.pt\/sobre-nos\/"]}]},{"@type":"ImageObject","inLanguage":"es","@id":"https:\/\/nicola.pt\/sobre-nos\/#primaryimage","url":"https:\/\/nicola.pt\/wp-content\/uploads\/2024\/09\/IMG_1053_compressed_12_11zon-1024x682.webp","contentUrl":"https:\/\/nicola.pt\/wp-content\/uploads\/2024\/09\/IMG_1053_compressed_12_11zon-1024x682.webp"},{"@type":"BreadcrumbList","@id":"https:\/\/nicola.pt\/sobre-nos\/#breadcrumb","itemListElement":[{"@type":"ListItem","position":1,"name":"Home","item":"https:\/\/nicola.pt\/"},{"@type":"ListItem","position":2,"name":"Sobre N\u00f3s"}]},{"@type":"WebSite","@id":"https:\/\/nicola.pt\/#website","url":"https:\/\/nicola.pt\/","name":"Nicola Caf\u00e9","description":"Desde 1779","publisher":{"@id":"https:\/\/nicola.pt\/#organization"},"potentialAction":[{"@type":"SearchAction","target":{"@type":"EntryPoint","urlTemplate":"https:\/\/nicola.pt\/?s={search_term_string}"},"query-input":{"@type":"PropertyValueSpecification","valueRequired":true,"valueName":"search_term_string"}}],"inLanguage":"es"},{"@type":"Organization","@id":"https:\/\/nicola.pt\/#organization","name":"Nicola Caf\u00e9","url":"https:\/\/nicola.pt\/","logo":{"@type":"ImageObject","inLanguage":"es","@id":"https:\/\/nicola.pt\/#\/schema\/logo\/image\/","url":"https:\/\/nicola.pt\/wp-content\/uploads\/2024\/09\/logo.jpg","contentUrl":"https:\/\/nicola.pt\/wp-content\/uploads\/2024\/09\/logo.jpg","width":617,"height":617,"caption":"Nicola Caf\u00e9"},"image":{"@id":"https:\/\/nicola.pt\/#\/schema\/logo\/image\/"}}]}},"_links":{"self":[{"href":"https:\/\/nicola.pt\/es\/wp-json\/wp\/v2\/pages\/81","targetHints":{"allow":["GET"]}}],"collection":[{"href":"https:\/\/nicola.pt\/es\/wp-json\/wp\/v2\/pages"}],"about":[{"href":"https:\/\/nicola.pt\/es\/wp-json\/wp\/v2\/types\/page"}],"author":[{"embeddable":true,"href":"https:\/\/nicola.pt\/es\/wp-json\/wp\/v2\/users\/2"}],"replies":[{"embeddable":true,"href":"https:\/\/nicola.pt\/es\/wp-json\/wp\/v2\/comments?post=81"}],"version-history":[{"count":10,"href":"https:\/\/nicola.pt\/es\/wp-json\/wp\/v2\/pages\/81\/revisions"}],"predecessor-version":[{"id":781,"href":"https:\/\/nicola.pt\/es\/wp-json\/wp\/v2\/pages\/81\/revisions\/781"}],"wp:attachment":[{"href":"https:\/\/nicola.pt\/es\/wp-json\/wp\/v2\/media?parent=81"}],"curies":[{"name":"wp","href":"https:\/\/api.w.org\/{rel}","templated":true}]}}