{"id":236,"date":"2024-09-24T11:05:44","date_gmt":"2024-09-24T11:05:44","guid":{"rendered":"https:\/\/nicola.pt\/?post_type=product&#038;p=236"},"modified":"2024-09-25T09:26:06","modified_gmt":"2024-09-25T09:26:06","slug":"nicola-100-arabica-cx16-capsulas","status":"publish","type":"product","link":"https:\/\/nicola.pt\/es\/product\/nicola-100-arabica-cx16-capsulas\/","title":{"rendered":"Nicola 100% Ar\u00e1bica (cx16) c\u00e1psulas"},"content":{"rendered":"<p>Nicola 100% Ar\u00e1bica (cx16) &#8211; C\u00e1psulas de caf\u00e9 torrado mo\u00eddo compat\u00edveis com as m\u00e1quinas de uso dom\u00e9stico Dolce Nescaf\u00e9\u00ae* Gusto\u00ae*<\/p>\n<p>Um caf\u00e9 100% Ar\u00e1bica com gr\u00e3os delicadamente escolhidos para um equil\u00edbrio de acidez com do\u00e7ura, com notas de chocolate e citrinos.<\/p>\n<p>A experi\u00eancia de um expresso com o requinte de um 100% Ar\u00e1bica.<\/p>\n<p>&nbsp;<\/p>\n<p><img decoding=\"async\" class=\"alignnone size-full wp-image-2592 lazyload\" data-src=\"https:\/\/nicola.pt\/wp-content\/uploads\/2024\/09\/dolcegusto_7g-ezgif.com-resize.gif\" alt=\"\" width=\"140\" height=\"50\" src=\"data:image\/svg+xml;base64,PHN2ZyB3aWR0aD0iMSIgaGVpZ2h0PSIxIiB4bWxucz0iaHR0cDovL3d3dy53My5vcmcvMjAwMC9zdmciPjwvc3ZnPg==\" style=\"--smush-placeholder-width: 140px; --smush-placeholder-aspect-ratio: 140\/50;\" \/>\u00a0 \u00a0 <img decoding=\"async\" class=\"alignnone size-full wp-image-2591 lazyload\" data-src=\"https:\/\/nicola.pt\/wp-content\/uploads\/2024\/09\/caixa16_quadrado1-ezgif.com-resize.gif\" alt=\"\" width=\"50\" height=\"50\" src=\"data:image\/svg+xml;base64,PHN2ZyB3aWR0aD0iMSIgaGVpZ2h0PSIxIiB4bWxucz0iaHR0cDovL3d3dy53My5vcmcvMjAwMC9zdmciPjwvc3ZnPg==\" style=\"--smush-placeholder-width: 50px; --smush-placeholder-aspect-ratio: 50\/50;\" \/><\/p>\n<p>&nbsp;<\/p>\n<p>Intensidade 10<\/p>\n<p>Caixa de 16 c\u00e1psulas (16x7g)<\/p>\n<p>&nbsp;<\/p>\n<p>&nbsp;<\/p>\n<p>&nbsp;<\/p>\n<p style=\"font-size: 70%;\">(*) Marca registrada a nombre de una empresa ajena a Massimo Zanetti Beverage Ib\u00e9ria S.A.<\/p>\n<p>&nbsp;<\/p>","protected":false},"excerpt":{"rendered":"<p>Nicola 100% Ar\u00e1bica (cx16) &#8211; C\u00e1psulas de caf\u00e9 torrado mo\u00eddo compat\u00edveis com as m\u00e1quinas de uso dom\u00e9stico Dolce Nescaf\u00e9\u00ae* Gusto\u00ae* Um caf\u00e9 100% Ar\u00e1bica com gr\u00e3os delicadamente escolhidos para um equil\u00edbrio de acidez com do\u00e7ura, com notas de chocolate e citrinos. A experi\u00eancia de um expresso com o requinte de um 100% Ar\u00e1bica. &nbsp; \u00a0 [&hellip;]<\/p>","protected":false},"featured_media":124,"comment_status":"closed","ping_status":"closed","template":"","meta":{"_acf_changed":false},"product_brand":[],"product_cat":[21,22],"product_tag":[23,24,25],"class_list":{"0":"post-236","1":"product","2":"type-product","3":"status-publish","4":"has-post-thumbnail","6":"product_cat-cafe-em-casa","7":"product_cat-capsula-dolce-gusto","8":"product_tag-cafe","9":"product_tag-capsula-dolce-gusto","10":"product_tag-casa","12":"first","13":"instock","14":"featured","15":"shipping-taxable","16":"product-type-simple"},"acf":[],"yoast_head":"<!-- This site is optimized with the Yoast SEO plugin v26.7 - https:\/\/yoast.com\/wordpress\/plugins\/seo\/ -->\n<title>Nicola 100% Ar\u00e1bica (cx16) c\u00e1psulas - Nicola Caf\u00e9<\/title>\n<meta name=\"description\" content=\"Caf\u00e9 100% Ar\u00e1bica com gr\u00e3os escolhidos para um equil\u00edbrio de acidez com do\u00e7ura, com notas de chocolate e citrinos - Nicola 100% Ar\u00e1bica (cx16).\" \/>\n<meta name=\"robots\" content=\"index, follow, max-snippet:-1, max-image-preview:large, max-video-preview:-1\" \/>\n<link rel=\"canonical\" href=\"https:\/\/nicola.pt\/es\/product\/nicola-100-arabica-cx16-capsulas\/\" \/>\n<meta property=\"og:locale\" content=\"es_ES\" \/>\n<meta property=\"og:type\" content=\"article\" \/>\n<meta property=\"og:title\" content=\"Nicola 100% Ar\u00e1bica (cx16) c\u00e1psulas - Nicola Caf\u00e9\" \/>\n<meta property=\"og:description\" content=\"Caf\u00e9 100% Ar\u00e1bica com gr\u00e3os escolhidos para um equil\u00edbrio de acidez com do\u00e7ura, com notas de chocolate e citrinos - Nicola 100% Ar\u00e1bica (cx16).\" \/>\n<meta property=\"og:url\" content=\"https:\/\/nicola.pt\/es\/product\/nicola-100-arabica-cx16-capsulas\/\" \/>\n<meta property=\"og:site_name\" content=\"Nicola Caf\u00e9\" \/>\n<meta property=\"article:modified_time\" content=\"2024-09-25T09:26:06+00:00\" \/>\n<meta property=\"og:image\" content=\"https:\/\/nicola.pt\/wp-content\/uploads\/2024\/09\/arabica-cx16.png\" \/>\n\t<meta property=\"og:image:width\" content=\"1100\" \/>\n\t<meta property=\"og:image:height\" content=\"1422\" \/>\n\t<meta property=\"og:image:type\" content=\"image\/png\" \/>\n<meta name=\"twitter:card\" content=\"summary_large_image\" \/>\n<meta name=\"twitter:label1\" content=\"Tiempo de lectura\" \/>\n\t<meta name=\"twitter:data1\" content=\"1 minuto\" \/>\n<script type=\"application\/ld+json\" class=\"yoast-schema-graph\">{\"@context\":\"https:\/\/schema.org\",\"@graph\":[{\"@type\":\"WebPage\",\"@id\":\"https:\/\/nicola.pt\/product\/nicola-100-arabica-cx16-capsulas\/\",\"url\":\"https:\/\/nicola.pt\/product\/nicola-100-arabica-cx16-capsulas\/\",\"name\":\"Nicola 100% Ar\u00e1bica (cx16) c\u00e1psulas - Nicola Caf\u00e9\",\"isPartOf\":{\"@id\":\"https:\/\/nicola.pt\/#website\"},\"primaryImageOfPage\":{\"@id\":\"https:\/\/nicola.pt\/product\/nicola-100-arabica-cx16-capsulas\/#primaryimage\"},\"image\":{\"@id\":\"https:\/\/nicola.pt\/product\/nicola-100-arabica-cx16-capsulas\/#primaryimage\"},\"thumbnailUrl\":\"https:\/\/nicola.pt\/wp-content\/uploads\/2024\/09\/arabica-cx16.png\",\"datePublished\":\"2024-09-24T11:05:44+00:00\",\"dateModified\":\"2024-09-25T09:26:06+00:00\",\"description\":\"Caf\u00e9 100% Ar\u00e1bica com gr\u00e3os escolhidos para um equil\u00edbrio de acidez com do\u00e7ura, com notas de chocolate e citrinos - Nicola 100% Ar\u00e1bica (cx16).\",\"breadcrumb\":{\"@id\":\"https:\/\/nicola.pt\/product\/nicola-100-arabica-cx16-capsulas\/#breadcrumb\"},\"inLanguage\":\"es\",\"potentialAction\":[{\"@type\":\"ReadAction\",\"target\":[\"https:\/\/nicola.pt\/product\/nicola-100-arabica-cx16-capsulas\/\"]}]},{\"@type\":\"ImageObject\",\"inLanguage\":\"es\",\"@id\":\"https:\/\/nicola.pt\/product\/nicola-100-arabica-cx16-capsulas\/#primaryimage\",\"url\":\"https:\/\/nicola.pt\/wp-content\/uploads\/2024\/09\/arabica-cx16.png\",\"contentUrl\":\"https:\/\/nicola.pt\/wp-content\/uploads\/2024\/09\/arabica-cx16.png\",\"width\":1100,\"height\":1422},{\"@type\":\"BreadcrumbList\",\"@id\":\"https:\/\/nicola.pt\/product\/nicola-100-arabica-cx16-capsulas\/#breadcrumb\",\"itemListElement\":[{\"@type\":\"ListItem\",\"position\":1,\"name\":\"Home\",\"item\":\"https:\/\/nicola.pt\/\"},{\"@type\":\"ListItem\",\"position\":2,\"name\":\"Shop\",\"item\":\"https:\/\/nicola.pt\/shop\/\"},{\"@type\":\"ListItem\",\"position\":3,\"name\":\"Nicola 100% Ar\u00e1bica (cx16) c\u00e1psulas\"}]},{\"@type\":\"WebSite\",\"@id\":\"https:\/\/nicola.pt\/#website\",\"url\":\"https:\/\/nicola.pt\/\",\"name\":\"Nicola Caf\u00e9\",\"description\":\"Desde 1779\",\"publisher\":{\"@id\":\"https:\/\/nicola.pt\/#organization\"},\"potentialAction\":[{\"@type\":\"SearchAction\",\"target\":{\"@type\":\"EntryPoint\",\"urlTemplate\":\"https:\/\/nicola.pt\/?s={search_term_string}\"},\"query-input\":{\"@type\":\"PropertyValueSpecification\",\"valueRequired\":true,\"valueName\":\"search_term_string\"}}],\"inLanguage\":\"es\"},{\"@type\":\"Organization\",\"@id\":\"https:\/\/nicola.pt\/#organization\",\"name\":\"Nicola Caf\u00e9\",\"url\":\"https:\/\/nicola.pt\/\",\"logo\":{\"@type\":\"ImageObject\",\"inLanguage\":\"es\",\"@id\":\"https:\/\/nicola.pt\/#\/schema\/logo\/image\/\",\"url\":\"https:\/\/nicola.pt\/wp-content\/uploads\/2024\/09\/logo.jpg\",\"contentUrl\":\"https:\/\/nicola.pt\/wp-content\/uploads\/2024\/09\/logo.jpg\",\"width\":617,\"height\":617,\"caption\":\"Nicola Caf\u00e9\"},\"image\":{\"@id\":\"https:\/\/nicola.pt\/#\/schema\/logo\/image\/\"}}]}<\/script>\n<!-- \/ Yoast SEO plugin. -->","yoast_head_json":{"title":"Nicola 100% Ar\u00e1bica (cx16) c\u00e1psulas - Nicola Caf\u00e9","description":"Caf\u00e9 100% Ar\u00e1bica com gr\u00e3os escolhidos para um equil\u00edbrio de acidez com do\u00e7ura, com notas de chocolate e citrinos - Nicola 100% Ar\u00e1bica (cx16).","robots":{"index":"index","follow":"follow","max-snippet":"max-snippet:-1","max-image-preview":"max-image-preview:large","max-video-preview":"max-video-preview:-1"},"canonical":"https:\/\/nicola.pt\/es\/product\/nicola-100-arabica-cx16-capsulas\/","og_locale":"es_ES","og_type":"article","og_title":"Nicola 100% Ar\u00e1bica (cx16) c\u00e1psulas - Nicola Caf\u00e9","og_description":"Caf\u00e9 100% Ar\u00e1bica com gr\u00e3os escolhidos para um equil\u00edbrio de acidez com do\u00e7ura, com notas de chocolate e citrinos - Nicola 100% Ar\u00e1bica (cx16).","og_url":"https:\/\/nicola.pt\/es\/product\/nicola-100-arabica-cx16-capsulas\/","og_site_name":"Nicola Caf\u00e9","article_modified_time":"2024-09-25T09:26:06+00:00","og_image":[{"width":1100,"height":1422,"url":"https:\/\/nicola.pt\/wp-content\/uploads\/2024\/09\/arabica-cx16.png","type":"image\/png"}],"twitter_card":"summary_large_image","twitter_misc":{"Tiempo de lectura":"1 minuto"},"schema":{"@context":"https:\/\/schema.org","@graph":[{"@type":"WebPage","@id":"https:\/\/nicola.pt\/product\/nicola-100-arabica-cx16-capsulas\/","url":"https:\/\/nicola.pt\/product\/nicola-100-arabica-cx16-capsulas\/","name":"Nicola 100% Ar\u00e1bica (cx16) c\u00e1psulas - Nicola Caf\u00e9","isPartOf":{"@id":"https:\/\/nicola.pt\/#website"},"primaryImageOfPage":{"@id":"https:\/\/nicola.pt\/product\/nicola-100-arabica-cx16-capsulas\/#primaryimage"},"image":{"@id":"https:\/\/nicola.pt\/product\/nicola-100-arabica-cx16-capsulas\/#primaryimage"},"thumbnailUrl":"https:\/\/nicola.pt\/wp-content\/uploads\/2024\/09\/arabica-cx16.png","datePublished":"2024-09-24T11:05:44+00:00","dateModified":"2024-09-25T09:26:06+00:00","description":"Caf\u00e9 100% Ar\u00e1bica com gr\u00e3os escolhidos para um equil\u00edbrio de acidez com do\u00e7ura, com notas de chocolate e citrinos - Nicola 100% Ar\u00e1bica (cx16).","breadcrumb":{"@id":"https:\/\/nicola.pt\/product\/nicola-100-arabica-cx16-capsulas\/#breadcrumb"},"inLanguage":"es","potentialAction":[{"@type":"ReadAction","target":["https:\/\/nicola.pt\/product\/nicola-100-arabica-cx16-capsulas\/"]}]},{"@type":"ImageObject","inLanguage":"es","@id":"https:\/\/nicola.pt\/product\/nicola-100-arabica-cx16-capsulas\/#primaryimage","url":"https:\/\/nicola.pt\/wp-content\/uploads\/2024\/09\/arabica-cx16.png","contentUrl":"https:\/\/nicola.pt\/wp-content\/uploads\/2024\/09\/arabica-cx16.png","width":1100,"height":1422},{"@type":"BreadcrumbList","@id":"https:\/\/nicola.pt\/product\/nicola-100-arabica-cx16-capsulas\/#breadcrumb","itemListElement":[{"@type":"ListItem","position":1,"name":"Home","item":"https:\/\/nicola.pt\/"},{"@type":"ListItem","position":2,"name":"Shop","item":"https:\/\/nicola.pt\/shop\/"},{"@type":"ListItem","position":3,"name":"Nicola 100% Ar\u00e1bica (cx16) c\u00e1psulas"}]},{"@type":"WebSite","@id":"https:\/\/nicola.pt\/#website","url":"https:\/\/nicola.pt\/","name":"Nicola Caf\u00e9","description":"Desde 1779","publisher":{"@id":"https:\/\/nicola.pt\/#organization"},"potentialAction":[{"@type":"SearchAction","target":{"@type":"EntryPoint","urlTemplate":"https:\/\/nicola.pt\/?s={search_term_string}"},"query-input":{"@type":"PropertyValueSpecification","valueRequired":true,"valueName":"search_term_string"}}],"inLanguage":"es"},{"@type":"Organization","@id":"https:\/\/nicola.pt\/#organization","name":"Nicola Caf\u00e9","url":"https:\/\/nicola.pt\/","logo":{"@type":"ImageObject","inLanguage":"es","@id":"https:\/\/nicola.pt\/#\/schema\/logo\/image\/","url":"https:\/\/nicola.pt\/wp-content\/uploads\/2024\/09\/logo.jpg","contentUrl":"https:\/\/nicola.pt\/wp-content\/uploads\/2024\/09\/logo.jpg","width":617,"height":617,"caption":"Nicola Caf\u00e9"},"image":{"@id":"https:\/\/nicola.pt\/#\/schema\/logo\/image\/"}}]}},"_links":{"self":[{"href":"https:\/\/nicola.pt\/es\/wp-json\/wp\/v2\/product\/236","targetHints":{"allow":["GET"]}}],"collection":[{"href":"https:\/\/nicola.pt\/es\/wp-json\/wp\/v2\/product"}],"about":[{"href":"https:\/\/nicola.pt\/es\/wp-json\/wp\/v2\/types\/product"}],"replies":[{"embeddable":true,"href":"https:\/\/nicola.pt\/es\/wp-json\/wp\/v2\/comments?post=236"}],"wp:featuredmedia":[{"embeddable":true,"href":"https:\/\/nicola.pt\/es\/wp-json\/wp\/v2\/media\/124"}],"wp:attachment":[{"href":"https:\/\/nicola.pt\/es\/wp-json\/wp\/v2\/media?parent=236"}],"wp:term":[{"taxonomy":"product_brand","embeddable":true,"href":"https:\/\/nicola.pt\/es\/wp-json\/wp\/v2\/product_brand?post=236"},{"taxonomy":"product_cat","embeddable":true,"href":"https:\/\/nicola.pt\/es\/wp-json\/wp\/v2\/product_cat?post=236"},{"taxonomy":"product_tag","embeddable":true,"href":"https:\/\/nicola.pt\/es\/wp-json\/wp\/v2\/product_tag?post=236"}],"curies":[{"name":"wp","href":"https:\/\/api.w.org\/{rel}","templated":true}]}}