{"id":244,"date":"2024-09-24T11:05:50","date_gmt":"2024-09-24T11:05:50","guid":{"rendered":"https:\/\/nicola.pt\/?post_type=product&#038;p=244"},"modified":"2026-05-10T12:58:26","modified_gmt":"2026-05-10T12:58:26","slug":"nicola-descafeinado-cx10-capsulas","status":"publish","type":"product","link":"https:\/\/nicola.pt\/es\/product\/nicola-descafeinado-cx10-capsulas\/","title":{"rendered":"Nicola Descafeinado (cx10) c\u00e1psulas"},"content":{"rendered":"<p>Nicola Descafeinado &#8211; Chegaram as novas c\u00e1psulas Nicola 100% alum\u00ednio recicl\u00e1vel, compat\u00edveis com com as m\u00e1quinas de uso dom\u00e9stico Nespresso\u00ae*, para que possa ter a melhor experi\u00eancia Nicola em qualquer momento do seu dia.<\/p>\n<p>O prazer de um caf\u00e9 Nicola, agora em descafeinado.<\/p>\n<p>Um blend dos melhores gr\u00e3os de caf\u00e9 ar\u00e1bica e robusta com a experi\u00eancia de um expresso com o equil\u00edbrio de sabor e aromas.<\/p>\n<p>Alum\u00ednio 100% recicl\u00e1vel &#8211; na dire\u00e7\u00e3o de uma experi\u00eancia de caf\u00e9 mais sustent\u00e1vel &#8211; saiba mais sobre a nossa <a href=\"https:\/\/nicola.pt\/es\/sustentabilidade\/\"><span style=\"color: #f9be0e;\">Sostenibilidad<\/span><\/a>.<\/p>\n<p>&nbsp;<\/p>\n<p><img loading=\"lazy\" decoding=\"async\" class=\"alignnone size-full wp-image-2590\" src=\"https:\/\/nicola.pt\/wp-content\/uploads\/2024\/09\/nespresso_54g-ezgif.com-resize.gif\" alt=\"\" width=\"131\" height=\"50\" \/>\u00a0 \u00a0 <img loading=\"lazy\" decoding=\"async\" class=\"alignnone size-full wp-image-2589\" src=\"https:\/\/nicola.pt\/wp-content\/uploads\/2024\/09\/tubo10_1-ezgif.com-resize.gif\" alt=\"\" width=\"241\" height=\"50\" \/><\/p>\n<p>&nbsp;<\/p>\n<p>Intensidade 7<\/p>\n<p>100% alum\u00ednio recicl\u00e1vel.<\/p>\n<p>Caixa de 10 C\u00e1psulas (10 x 54g)<\/p>\n<p>&nbsp;<\/p>\n<p><a class=\"open-popup-1244\" style=\"display: inline-block; background-color: #f7bd0b; color: #ffffff; font-family: 'Univers 57 Condensed', sans-serif; font-weight: bold; text-decoration: none; padding: 14px 40px; font-size: 16px; letter-spacing: 1px; cursor: pointer;\" href=\"#\">Onde Comprar<\/a><\/p>\n<p>&nbsp;<\/p>\n<p style=\"font-size: 70%;\">(*) Marca registrada a nombre de una empresa ajena a Massimo Zanetti Beverage Ib\u00e9ria S.A.<\/p>\n<p>&nbsp;<\/p>","protected":false},"excerpt":{"rendered":"<p>Nicola Descafeinado &#8211; Chegaram as novas c\u00e1psulas Nicola 100% alum\u00ednio recicl\u00e1vel, compat\u00edveis com com as m\u00e1quinas de uso dom\u00e9stico Nespresso\u00ae*, para que possa ter a melhor experi\u00eancia Nicola em qualquer momento do seu dia. O prazer de um caf\u00e9 Nicola, agora em descafeinado. Um blend dos melhores gr\u00e3os de caf\u00e9 ar\u00e1bica e robusta com a [&hellip;]<\/p>\n","protected":false},"featured_media":164,"comment_status":"closed","ping_status":"closed","template":"","meta":{"_acf_changed":false},"product_brand":[],"product_cat":[21,27],"product_tag":[28,29,25,26],"class_list":{"0":"post-244","1":"product","2":"type-product","3":"status-publish","4":"has-post-thumbnail","6":"product_cat-cafe-em-casa","7":"product_cat-capsula-nespresso","8":"product_tag-aluminio","9":"product_tag-capsula-nespresso","10":"product_tag-casa","11":"product_tag-descafeinado","13":"first","14":"instock","15":"featured","16":"shipping-taxable","17":"product-type-simple"},"acf":[],"yoast_head":"<!-- This site is optimized with the Yoast SEO plugin v27.5 - https:\/\/yoast.com\/product\/yoast-seo-wordpress\/ -->\n<title>Nicola Descafeinado (cx10) c\u00e1psulas - Nicola Caf\u00e9<\/title>\n<meta name=\"description\" content=\"Nicola descafeinado. Um blend dos melhores gr\u00e3os de caf\u00e9 ar\u00e1bica e robusta com a experi\u00eancia de um expresso com o equil\u00edbrio de sabor e aromas.\" \/>\n<meta name=\"robots\" content=\"index, follow, max-snippet:-1, max-image-preview:large, max-video-preview:-1\" \/>\n<link rel=\"canonical\" href=\"https:\/\/nicola.pt\/es\/product\/nicola-descafeinado-cx10-capsulas\/\" \/>\n<meta property=\"og:locale\" content=\"es_ES\" \/>\n<meta property=\"og:type\" content=\"article\" \/>\n<meta property=\"og:title\" content=\"Nicola Descafeinado (cx10) c\u00e1psulas - Nicola Caf\u00e9\" \/>\n<meta property=\"og:description\" content=\"Nicola descafeinado. Um blend dos melhores gr\u00e3os de caf\u00e9 ar\u00e1bica e robusta com a experi\u00eancia de um expresso com o equil\u00edbrio de sabor e aromas.\" \/>\n<meta property=\"og:url\" content=\"https:\/\/nicola.pt\/es\/product\/nicola-descafeinado-cx10-capsulas\/\" \/>\n<meta property=\"og:site_name\" content=\"Nicola Caf\u00e9\" \/>\n<meta property=\"article:modified_time\" content=\"2026-05-10T12:58:26+00:00\" \/>\n<meta property=\"og:image\" content=\"https:\/\/nicola.pt\/wp-content\/uploads\/2024\/09\/0_descafeinado_small.png\" \/>\n\t<meta property=\"og:image:width\" content=\"1100\" \/>\n\t<meta property=\"og:image:height\" content=\"1422\" \/>\n\t<meta property=\"og:image:type\" content=\"image\/png\" \/>\n<meta name=\"twitter:card\" content=\"summary_large_image\" \/>\n<meta name=\"twitter:label1\" content=\"Tiempo de lectura\" \/>\n\t<meta name=\"twitter:data1\" content=\"2 minutos\" \/>\n<script type=\"application\/ld+json\" class=\"yoast-schema-graph\">{\"@context\":\"https:\\\/\\\/schema.org\",\"@graph\":[{\"@type\":\"WebPage\",\"@id\":\"https:\\\/\\\/nicola.pt\\\/product\\\/nicola-descafeinado-cx10-capsulas\\\/\",\"url\":\"https:\\\/\\\/nicola.pt\\\/product\\\/nicola-descafeinado-cx10-capsulas\\\/\",\"name\":\"Nicola Descafeinado (cx10) c\u00e1psulas - Nicola Caf\u00e9\",\"isPartOf\":{\"@id\":\"https:\\\/\\\/nicola.pt\\\/#website\"},\"primaryImageOfPage\":{\"@id\":\"https:\\\/\\\/nicola.pt\\\/product\\\/nicola-descafeinado-cx10-capsulas\\\/#primaryimage\"},\"image\":{\"@id\":\"https:\\\/\\\/nicola.pt\\\/product\\\/nicola-descafeinado-cx10-capsulas\\\/#primaryimage\"},\"thumbnailUrl\":\"https:\\\/\\\/nicola.pt\\\/wp-content\\\/uploads\\\/2024\\\/09\\\/0_descafeinado_small.png\",\"datePublished\":\"2024-09-24T11:05:50+00:00\",\"dateModified\":\"2026-05-10T12:58:26+00:00\",\"description\":\"Nicola descafeinado. Um blend dos melhores gr\u00e3os de caf\u00e9 ar\u00e1bica e robusta com a experi\u00eancia de um expresso com o equil\u00edbrio de sabor e aromas.\",\"breadcrumb\":{\"@id\":\"https:\\\/\\\/nicola.pt\\\/product\\\/nicola-descafeinado-cx10-capsulas\\\/#breadcrumb\"},\"inLanguage\":\"es\",\"potentialAction\":[{\"@type\":\"ReadAction\",\"target\":[\"https:\\\/\\\/nicola.pt\\\/product\\\/nicola-descafeinado-cx10-capsulas\\\/\"]}]},{\"@type\":\"ImageObject\",\"inLanguage\":\"es\",\"@id\":\"https:\\\/\\\/nicola.pt\\\/product\\\/nicola-descafeinado-cx10-capsulas\\\/#primaryimage\",\"url\":\"https:\\\/\\\/nicola.pt\\\/wp-content\\\/uploads\\\/2024\\\/09\\\/0_descafeinado_small.png\",\"contentUrl\":\"https:\\\/\\\/nicola.pt\\\/wp-content\\\/uploads\\\/2024\\\/09\\\/0_descafeinado_small.png\",\"width\":1100,\"height\":1422,\"caption\":\"Nicola Descafeinado\"},{\"@type\":\"BreadcrumbList\",\"@id\":\"https:\\\/\\\/nicola.pt\\\/product\\\/nicola-descafeinado-cx10-capsulas\\\/#breadcrumb\",\"itemListElement\":[{\"@type\":\"ListItem\",\"position\":1,\"name\":\"Home\",\"item\":\"https:\\\/\\\/nicola.pt\\\/\"},{\"@type\":\"ListItem\",\"position\":2,\"name\":\"Shop\",\"item\":\"https:\\\/\\\/nicola.pt\\\/shop\\\/\"},{\"@type\":\"ListItem\",\"position\":3,\"name\":\"Nicola Descafeinado (cx10) c\u00e1psulas\"}]},{\"@type\":\"WebSite\",\"@id\":\"https:\\\/\\\/nicola.pt\\\/#website\",\"url\":\"https:\\\/\\\/nicola.pt\\\/\",\"name\":\"Nicola Caf\u00e9\",\"description\":\"Desde 1779\",\"publisher\":{\"@id\":\"https:\\\/\\\/nicola.pt\\\/#organization\"},\"potentialAction\":[{\"@type\":\"SearchAction\",\"target\":{\"@type\":\"EntryPoint\",\"urlTemplate\":\"https:\\\/\\\/nicola.pt\\\/?s={search_term_string}\"},\"query-input\":{\"@type\":\"PropertyValueSpecification\",\"valueRequired\":true,\"valueName\":\"search_term_string\"}}],\"inLanguage\":\"es\"},{\"@type\":\"Organization\",\"@id\":\"https:\\\/\\\/nicola.pt\\\/#organization\",\"name\":\"Nicola Caf\u00e9\",\"url\":\"https:\\\/\\\/nicola.pt\\\/\",\"logo\":{\"@type\":\"ImageObject\",\"inLanguage\":\"es\",\"@id\":\"https:\\\/\\\/nicola.pt\\\/#\\\/schema\\\/logo\\\/image\\\/\",\"url\":\"https:\\\/\\\/nicola.pt\\\/wp-content\\\/uploads\\\/2024\\\/09\\\/logo.jpg\",\"contentUrl\":\"https:\\\/\\\/nicola.pt\\\/wp-content\\\/uploads\\\/2024\\\/09\\\/logo.jpg\",\"width\":617,\"height\":617,\"caption\":\"Nicola Caf\u00e9\"},\"image\":{\"@id\":\"https:\\\/\\\/nicola.pt\\\/#\\\/schema\\\/logo\\\/image\\\/\"}}]}<\/script>\n<!-- \/ Yoast SEO plugin. -->","yoast_head_json":{"title":"Nicola Descafeinado (cx10) c\u00e1psulas - Nicola Caf\u00e9","description":"Nicola descafeinado. Um blend dos melhores gr\u00e3os de caf\u00e9 ar\u00e1bica e robusta com a experi\u00eancia de um expresso com o equil\u00edbrio de sabor e aromas.","robots":{"index":"index","follow":"follow","max-snippet":"max-snippet:-1","max-image-preview":"max-image-preview:large","max-video-preview":"max-video-preview:-1"},"canonical":"https:\/\/nicola.pt\/es\/product\/nicola-descafeinado-cx10-capsulas\/","og_locale":"es_ES","og_type":"article","og_title":"Nicola Descafeinado (cx10) c\u00e1psulas - Nicola Caf\u00e9","og_description":"Nicola descafeinado. Um blend dos melhores gr\u00e3os de caf\u00e9 ar\u00e1bica e robusta com a experi\u00eancia de um expresso com o equil\u00edbrio de sabor e aromas.","og_url":"https:\/\/nicola.pt\/es\/product\/nicola-descafeinado-cx10-capsulas\/","og_site_name":"Nicola Caf\u00e9","article_modified_time":"2026-05-10T12:58:26+00:00","og_image":[{"width":1100,"height":1422,"url":"https:\/\/nicola.pt\/wp-content\/uploads\/2024\/09\/0_descafeinado_small.png","type":"image\/png"}],"twitter_card":"summary_large_image","twitter_misc":{"Tiempo de lectura":"2 minutos"},"schema":{"@context":"https:\/\/schema.org","@graph":[{"@type":"WebPage","@id":"https:\/\/nicola.pt\/product\/nicola-descafeinado-cx10-capsulas\/","url":"https:\/\/nicola.pt\/product\/nicola-descafeinado-cx10-capsulas\/","name":"Nicola Descafeinado (cx10) c\u00e1psulas - Nicola Caf\u00e9","isPartOf":{"@id":"https:\/\/nicola.pt\/#website"},"primaryImageOfPage":{"@id":"https:\/\/nicola.pt\/product\/nicola-descafeinado-cx10-capsulas\/#primaryimage"},"image":{"@id":"https:\/\/nicola.pt\/product\/nicola-descafeinado-cx10-capsulas\/#primaryimage"},"thumbnailUrl":"https:\/\/nicola.pt\/wp-content\/uploads\/2024\/09\/0_descafeinado_small.png","datePublished":"2024-09-24T11:05:50+00:00","dateModified":"2026-05-10T12:58:26+00:00","description":"Nicola descafeinado. Um blend dos melhores gr\u00e3os de caf\u00e9 ar\u00e1bica e robusta com a experi\u00eancia de um expresso com o equil\u00edbrio de sabor e aromas.","breadcrumb":{"@id":"https:\/\/nicola.pt\/product\/nicola-descafeinado-cx10-capsulas\/#breadcrumb"},"inLanguage":"es","potentialAction":[{"@type":"ReadAction","target":["https:\/\/nicola.pt\/product\/nicola-descafeinado-cx10-capsulas\/"]}]},{"@type":"ImageObject","inLanguage":"es","@id":"https:\/\/nicola.pt\/product\/nicola-descafeinado-cx10-capsulas\/#primaryimage","url":"https:\/\/nicola.pt\/wp-content\/uploads\/2024\/09\/0_descafeinado_small.png","contentUrl":"https:\/\/nicola.pt\/wp-content\/uploads\/2024\/09\/0_descafeinado_small.png","width":1100,"height":1422,"caption":"Nicola Descafeinado"},{"@type":"BreadcrumbList","@id":"https:\/\/nicola.pt\/product\/nicola-descafeinado-cx10-capsulas\/#breadcrumb","itemListElement":[{"@type":"ListItem","position":1,"name":"Home","item":"https:\/\/nicola.pt\/"},{"@type":"ListItem","position":2,"name":"Shop","item":"https:\/\/nicola.pt\/shop\/"},{"@type":"ListItem","position":3,"name":"Nicola Descafeinado (cx10) c\u00e1psulas"}]},{"@type":"WebSite","@id":"https:\/\/nicola.pt\/#website","url":"https:\/\/nicola.pt\/","name":"Nicola Caf\u00e9","description":"Desde 1779","publisher":{"@id":"https:\/\/nicola.pt\/#organization"},"potentialAction":[{"@type":"SearchAction","target":{"@type":"EntryPoint","urlTemplate":"https:\/\/nicola.pt\/?s={search_term_string}"},"query-input":{"@type":"PropertyValueSpecification","valueRequired":true,"valueName":"search_term_string"}}],"inLanguage":"es"},{"@type":"Organization","@id":"https:\/\/nicola.pt\/#organization","name":"Nicola Caf\u00e9","url":"https:\/\/nicola.pt\/","logo":{"@type":"ImageObject","inLanguage":"es","@id":"https:\/\/nicola.pt\/#\/schema\/logo\/image\/","url":"https:\/\/nicola.pt\/wp-content\/uploads\/2024\/09\/logo.jpg","contentUrl":"https:\/\/nicola.pt\/wp-content\/uploads\/2024\/09\/logo.jpg","width":617,"height":617,"caption":"Nicola Caf\u00e9"},"image":{"@id":"https:\/\/nicola.pt\/#\/schema\/logo\/image\/"}}]}},"_links":{"self":[{"href":"https:\/\/nicola.pt\/es\/wp-json\/wp\/v2\/product\/244","targetHints":{"allow":["GET"]}}],"collection":[{"href":"https:\/\/nicola.pt\/es\/wp-json\/wp\/v2\/product"}],"about":[{"href":"https:\/\/nicola.pt\/es\/wp-json\/wp\/v2\/types\/product"}],"replies":[{"embeddable":true,"href":"https:\/\/nicola.pt\/es\/wp-json\/wp\/v2\/comments?post=244"}],"wp:featuredmedia":[{"embeddable":true,"href":"https:\/\/nicola.pt\/es\/wp-json\/wp\/v2\/media\/164"}],"wp:attachment":[{"href":"https:\/\/nicola.pt\/es\/wp-json\/wp\/v2\/media?parent=244"}],"wp:term":[{"taxonomy":"product_brand","embeddable":true,"href":"https:\/\/nicola.pt\/es\/wp-json\/wp\/v2\/product_brand?post=244"},{"taxonomy":"product_cat","embeddable":true,"href":"https:\/\/nicola.pt\/es\/wp-json\/wp\/v2\/product_cat?post=244"},{"taxonomy":"product_tag","embeddable":true,"href":"https:\/\/nicola.pt\/es\/wp-json\/wp\/v2\/product_tag?post=244"}],"curies":[{"name":"wp","href":"https:\/\/api.w.org\/{rel}","templated":true}]}}