{"id":248,"date":"2024-09-24T11:05:52","date_gmt":"2024-09-24T11:05:52","guid":{"rendered":"https:\/\/nicola.pt\/?post_type=product&#038;p=248"},"modified":"2024-09-25T08:54:46","modified_gmt":"2024-09-25T08:54:46","slug":"nicola-mundi-cx10-capsulas","status":"publish","type":"product","link":"https:\/\/nicola.pt\/es\/product\/nicola-mundi-cx10-capsulas\/","title":{"rendered":"Nicola Mundi (cx10) c\u00e1psulas"},"content":{"rendered":"<p>Nicola Mundi (cx10) &#8211; C\u00e1psulas de caf\u00e9 torrado mo\u00eddo compat\u00edveis com as m\u00e1quinas de uso dom\u00e9stico Nespresso\u00ae*<\/p>\n<p>Um blend de caf\u00e9s ex\u00f3tico 100% Ar\u00e1bica, com notas arom\u00e1ticas a citrinos e chocolate.<\/p>\n<p>Uma torra intensa e um corpo acentuado.<\/p>\n<p>&nbsp;<\/p>\n<p><img decoding=\"async\" class=\"alignnone size-full wp-image-2582 lazyload\" data-src=\"https:\/\/nicola.pt\/wp-content\/uploads\/2024\/09\/nespresso_50g-ezgif.com-resize.gif\" alt=\"\" width=\"131\" height=\"50\" src=\"data:image\/svg+xml;base64,PHN2ZyB3aWR0aD0iMSIgaGVpZ2h0PSIxIiB4bWxucz0iaHR0cDovL3d3dy53My5vcmcvMjAwMC9zdmciPjwvc3ZnPg==\" style=\"--smush-placeholder-width: 131px; --smush-placeholder-aspect-ratio: 131\/50;\" \/>\u00a0 \u00a0 <img decoding=\"async\" class=\"alignnone size-full wp-image-2584 lazyload\" data-src=\"https:\/\/nicola.pt\/wp-content\/uploads\/2024\/09\/caixa10_1-ezgif.com-resize.gif\" alt=\"\" width=\"50\" height=\"93\" src=\"data:image\/svg+xml;base64,PHN2ZyB3aWR0aD0iMSIgaGVpZ2h0PSIxIiB4bWxucz0iaHR0cDovL3d3dy53My5vcmcvMjAwMC9zdmciPjwvc3ZnPg==\" style=\"--smush-placeholder-width: 50px; --smush-placeholder-aspect-ratio: 50\/93;\" \/><\/p>\n<p>&nbsp;<\/p>\n<p>Intensidade 9<\/p>\n<p>Caixa de 10 C\u00e1psulas (10 x 50g)<\/p>\n<p>&nbsp;<\/p>\n<p>&nbsp;<\/p>\n<p style=\"font-size: 70%;\">(*) Marca registrada a nombre de una empresa ajena a Massimo Zanetti Beverage Ib\u00e9ria S.A.<\/p>\n<p>&nbsp;<\/p>","protected":false},"excerpt":{"rendered":"<p>Nicola Mundi (cx10) &#8211; C\u00e1psulas de caf\u00e9 torrado mo\u00eddo compat\u00edveis com as m\u00e1quinas de uso dom\u00e9stico Nespresso\u00ae* Um blend de caf\u00e9s ex\u00f3tico 100% Ar\u00e1bica, com notas arom\u00e1ticas a citrinos e chocolate. Uma torra intensa e um corpo acentuado. &nbsp; \u00a0 \u00a0 &nbsp; Intensidade 9 Caixa de 10 C\u00e1psulas (10 x 50g) &nbsp; &nbsp; (*) Marca [&hellip;]<\/p>\n","protected":false},"featured_media":186,"comment_status":"closed","ping_status":"closed","template":"","meta":{"_acf_changed":false},"product_brand":[],"product_cat":[21,27],"product_tag":[23,29,25],"class_list":{"0":"post-248","1":"product","2":"type-product","3":"status-publish","4":"has-post-thumbnail","6":"product_cat-cafe-em-casa","7":"product_cat-capsula-nespresso","8":"product_tag-cafe","9":"product_tag-capsula-nespresso","10":"product_tag-casa","12":"first","13":"instock","14":"featured","15":"shipping-taxable","16":"product-type-simple"},"acf":[],"yoast_head":"<!-- This site is optimized with the Yoast SEO plugin v27.3 - https:\/\/yoast.com\/product\/yoast-seo-wordpress\/ -->\n<title>Nicola Mundi (cx10) c\u00e1psulas - Nicola Caf\u00e9<\/title>\n<meta name=\"description\" content=\"C\u00e1psulas de caf\u00e9 torrado mo\u00eddo Um blend de caf\u00e9s ex\u00f3tico 100% Ar\u00e1bica, com notas arom\u00e1ticas a citrinos e chocolate. Uma torra intensa e um corpo acentuado.\" \/>\n<meta name=\"robots\" content=\"index, follow, max-snippet:-1, max-image-preview:large, max-video-preview:-1\" \/>\n<link rel=\"canonical\" href=\"https:\/\/nicola.pt\/es\/product\/nicola-mundi-cx10-capsulas\/\" \/>\n<meta property=\"og:locale\" content=\"es_ES\" \/>\n<meta property=\"og:type\" content=\"article\" \/>\n<meta property=\"og:title\" content=\"Nicola Mundi (cx10) c\u00e1psulas - Nicola Caf\u00e9\" \/>\n<meta property=\"og:description\" content=\"C\u00e1psulas de caf\u00e9 torrado mo\u00eddo Um blend de caf\u00e9s ex\u00f3tico 100% Ar\u00e1bica, com notas arom\u00e1ticas a citrinos e chocolate. Uma torra intensa e um corpo acentuado.\" \/>\n<meta property=\"og:url\" content=\"https:\/\/nicola.pt\/es\/product\/nicola-mundi-cx10-capsulas\/\" \/>\n<meta property=\"og:site_name\" content=\"Nicola Caf\u00e9\" \/>\n<meta property=\"article:modified_time\" content=\"2024-09-25T08:54:46+00:00\" \/>\n<meta property=\"og:image\" content=\"https:\/\/nicola.pt\/wp-content\/uploads\/2024\/09\/mundi-economico-10_small.png\" \/>\n\t<meta property=\"og:image:width\" content=\"1100\" \/>\n\t<meta property=\"og:image:height\" content=\"1422\" \/>\n\t<meta property=\"og:image:type\" content=\"image\/png\" \/>\n<meta name=\"twitter:card\" content=\"summary_large_image\" \/>\n<meta name=\"twitter:label1\" content=\"Tiempo de lectura\" \/>\n\t<meta name=\"twitter:data1\" content=\"1 minuto\" \/>\n<script type=\"application\/ld+json\" class=\"yoast-schema-graph\">{\"@context\":\"https:\\\/\\\/schema.org\",\"@graph\":[{\"@type\":\"WebPage\",\"@id\":\"https:\\\/\\\/nicola.pt\\\/product\\\/nicola-mundi-cx10-capsulas\\\/\",\"url\":\"https:\\\/\\\/nicola.pt\\\/product\\\/nicola-mundi-cx10-capsulas\\\/\",\"name\":\"Nicola Mundi (cx10) c\u00e1psulas - Nicola Caf\u00e9\",\"isPartOf\":{\"@id\":\"https:\\\/\\\/nicola.pt\\\/#website\"},\"primaryImageOfPage\":{\"@id\":\"https:\\\/\\\/nicola.pt\\\/product\\\/nicola-mundi-cx10-capsulas\\\/#primaryimage\"},\"image\":{\"@id\":\"https:\\\/\\\/nicola.pt\\\/product\\\/nicola-mundi-cx10-capsulas\\\/#primaryimage\"},\"thumbnailUrl\":\"https:\\\/\\\/nicola.pt\\\/wp-content\\\/uploads\\\/2024\\\/09\\\/mundi-economico-10_small.png\",\"datePublished\":\"2024-09-24T11:05:52+00:00\",\"dateModified\":\"2024-09-25T08:54:46+00:00\",\"description\":\"C\u00e1psulas de caf\u00e9 torrado mo\u00eddo Um blend de caf\u00e9s ex\u00f3tico 100% Ar\u00e1bica, com notas arom\u00e1ticas a citrinos e chocolate. Uma torra intensa e um corpo acentuado.\",\"breadcrumb\":{\"@id\":\"https:\\\/\\\/nicola.pt\\\/product\\\/nicola-mundi-cx10-capsulas\\\/#breadcrumb\"},\"inLanguage\":\"es\",\"potentialAction\":[{\"@type\":\"ReadAction\",\"target\":[\"https:\\\/\\\/nicola.pt\\\/product\\\/nicola-mundi-cx10-capsulas\\\/\"]}]},{\"@type\":\"ImageObject\",\"inLanguage\":\"es\",\"@id\":\"https:\\\/\\\/nicola.pt\\\/product\\\/nicola-mundi-cx10-capsulas\\\/#primaryimage\",\"url\":\"https:\\\/\\\/nicola.pt\\\/wp-content\\\/uploads\\\/2024\\\/09\\\/mundi-economico-10_small.png\",\"contentUrl\":\"https:\\\/\\\/nicola.pt\\\/wp-content\\\/uploads\\\/2024\\\/09\\\/mundi-economico-10_small.png\",\"width\":1100,\"height\":1422,\"caption\":\"Nicola Mundi (cx10)\"},{\"@type\":\"BreadcrumbList\",\"@id\":\"https:\\\/\\\/nicola.pt\\\/product\\\/nicola-mundi-cx10-capsulas\\\/#breadcrumb\",\"itemListElement\":[{\"@type\":\"ListItem\",\"position\":1,\"name\":\"Home\",\"item\":\"https:\\\/\\\/nicola.pt\\\/\"},{\"@type\":\"ListItem\",\"position\":2,\"name\":\"Checkout\",\"item\":\"https:\\\/\\\/nicola.pt\\\/checkout\\\/\"},{\"@type\":\"ListItem\",\"position\":3,\"name\":\"Nicola Mundi (cx10) c\u00e1psulas\"}]},{\"@type\":\"WebSite\",\"@id\":\"https:\\\/\\\/nicola.pt\\\/#website\",\"url\":\"https:\\\/\\\/nicola.pt\\\/\",\"name\":\"Nicola Caf\u00e9\",\"description\":\"Desde 1779\",\"publisher\":{\"@id\":\"https:\\\/\\\/nicola.pt\\\/#organization\"},\"potentialAction\":[{\"@type\":\"SearchAction\",\"target\":{\"@type\":\"EntryPoint\",\"urlTemplate\":\"https:\\\/\\\/nicola.pt\\\/?s={search_term_string}\"},\"query-input\":{\"@type\":\"PropertyValueSpecification\",\"valueRequired\":true,\"valueName\":\"search_term_string\"}}],\"inLanguage\":\"es\"},{\"@type\":\"Organization\",\"@id\":\"https:\\\/\\\/nicola.pt\\\/#organization\",\"name\":\"Nicola Caf\u00e9\",\"url\":\"https:\\\/\\\/nicola.pt\\\/\",\"logo\":{\"@type\":\"ImageObject\",\"inLanguage\":\"es\",\"@id\":\"https:\\\/\\\/nicola.pt\\\/#\\\/schema\\\/logo\\\/image\\\/\",\"url\":\"https:\\\/\\\/nicola.pt\\\/wp-content\\\/uploads\\\/2024\\\/09\\\/logo.jpg\",\"contentUrl\":\"https:\\\/\\\/nicola.pt\\\/wp-content\\\/uploads\\\/2024\\\/09\\\/logo.jpg\",\"width\":617,\"height\":617,\"caption\":\"Nicola Caf\u00e9\"},\"image\":{\"@id\":\"https:\\\/\\\/nicola.pt\\\/#\\\/schema\\\/logo\\\/image\\\/\"}}]}<\/script>\n<!-- \/ Yoast SEO plugin. -->","yoast_head_json":{"title":"Nicola Mundi (cx10) c\u00e1psulas - Nicola Caf\u00e9","description":"C\u00e1psulas de caf\u00e9 torrado mo\u00eddo Um blend de caf\u00e9s ex\u00f3tico 100% Ar\u00e1bica, com notas arom\u00e1ticas a citrinos e chocolate. Uma torra intensa e um corpo acentuado.","robots":{"index":"index","follow":"follow","max-snippet":"max-snippet:-1","max-image-preview":"max-image-preview:large","max-video-preview":"max-video-preview:-1"},"canonical":"https:\/\/nicola.pt\/es\/product\/nicola-mundi-cx10-capsulas\/","og_locale":"es_ES","og_type":"article","og_title":"Nicola Mundi (cx10) c\u00e1psulas - Nicola Caf\u00e9","og_description":"C\u00e1psulas de caf\u00e9 torrado mo\u00eddo Um blend de caf\u00e9s ex\u00f3tico 100% Ar\u00e1bica, com notas arom\u00e1ticas a citrinos e chocolate. Uma torra intensa e um corpo acentuado.","og_url":"https:\/\/nicola.pt\/es\/product\/nicola-mundi-cx10-capsulas\/","og_site_name":"Nicola Caf\u00e9","article_modified_time":"2024-09-25T08:54:46+00:00","og_image":[{"width":1100,"height":1422,"url":"https:\/\/nicola.pt\/wp-content\/uploads\/2024\/09\/mundi-economico-10_small.png","type":"image\/png"}],"twitter_card":"summary_large_image","twitter_misc":{"Tiempo de lectura":"1 minuto"},"schema":{"@context":"https:\/\/schema.org","@graph":[{"@type":"WebPage","@id":"https:\/\/nicola.pt\/product\/nicola-mundi-cx10-capsulas\/","url":"https:\/\/nicola.pt\/product\/nicola-mundi-cx10-capsulas\/","name":"Nicola Mundi (cx10) c\u00e1psulas - Nicola Caf\u00e9","isPartOf":{"@id":"https:\/\/nicola.pt\/#website"},"primaryImageOfPage":{"@id":"https:\/\/nicola.pt\/product\/nicola-mundi-cx10-capsulas\/#primaryimage"},"image":{"@id":"https:\/\/nicola.pt\/product\/nicola-mundi-cx10-capsulas\/#primaryimage"},"thumbnailUrl":"https:\/\/nicola.pt\/wp-content\/uploads\/2024\/09\/mundi-economico-10_small.png","datePublished":"2024-09-24T11:05:52+00:00","dateModified":"2024-09-25T08:54:46+00:00","description":"C\u00e1psulas de caf\u00e9 torrado mo\u00eddo Um blend de caf\u00e9s ex\u00f3tico 100% Ar\u00e1bica, com notas arom\u00e1ticas a citrinos e chocolate. Uma torra intensa e um corpo acentuado.","breadcrumb":{"@id":"https:\/\/nicola.pt\/product\/nicola-mundi-cx10-capsulas\/#breadcrumb"},"inLanguage":"es","potentialAction":[{"@type":"ReadAction","target":["https:\/\/nicola.pt\/product\/nicola-mundi-cx10-capsulas\/"]}]},{"@type":"ImageObject","inLanguage":"es","@id":"https:\/\/nicola.pt\/product\/nicola-mundi-cx10-capsulas\/#primaryimage","url":"https:\/\/nicola.pt\/wp-content\/uploads\/2024\/09\/mundi-economico-10_small.png","contentUrl":"https:\/\/nicola.pt\/wp-content\/uploads\/2024\/09\/mundi-economico-10_small.png","width":1100,"height":1422,"caption":"Nicola Mundi (cx10)"},{"@type":"BreadcrumbList","@id":"https:\/\/nicola.pt\/product\/nicola-mundi-cx10-capsulas\/#breadcrumb","itemListElement":[{"@type":"ListItem","position":1,"name":"Home","item":"https:\/\/nicola.pt\/"},{"@type":"ListItem","position":2,"name":"Checkout","item":"https:\/\/nicola.pt\/checkout\/"},{"@type":"ListItem","position":3,"name":"Nicola Mundi (cx10) c\u00e1psulas"}]},{"@type":"WebSite","@id":"https:\/\/nicola.pt\/#website","url":"https:\/\/nicola.pt\/","name":"Nicola Caf\u00e9","description":"Desde 1779","publisher":{"@id":"https:\/\/nicola.pt\/#organization"},"potentialAction":[{"@type":"SearchAction","target":{"@type":"EntryPoint","urlTemplate":"https:\/\/nicola.pt\/?s={search_term_string}"},"query-input":{"@type":"PropertyValueSpecification","valueRequired":true,"valueName":"search_term_string"}}],"inLanguage":"es"},{"@type":"Organization","@id":"https:\/\/nicola.pt\/#organization","name":"Nicola Caf\u00e9","url":"https:\/\/nicola.pt\/","logo":{"@type":"ImageObject","inLanguage":"es","@id":"https:\/\/nicola.pt\/#\/schema\/logo\/image\/","url":"https:\/\/nicola.pt\/wp-content\/uploads\/2024\/09\/logo.jpg","contentUrl":"https:\/\/nicola.pt\/wp-content\/uploads\/2024\/09\/logo.jpg","width":617,"height":617,"caption":"Nicola Caf\u00e9"},"image":{"@id":"https:\/\/nicola.pt\/#\/schema\/logo\/image\/"}}]}},"_links":{"self":[{"href":"https:\/\/nicola.pt\/es\/wp-json\/wp\/v2\/product\/248","targetHints":{"allow":["GET"]}}],"collection":[{"href":"https:\/\/nicola.pt\/es\/wp-json\/wp\/v2\/product"}],"about":[{"href":"https:\/\/nicola.pt\/es\/wp-json\/wp\/v2\/types\/product"}],"replies":[{"embeddable":true,"href":"https:\/\/nicola.pt\/es\/wp-json\/wp\/v2\/comments?post=248"}],"wp:featuredmedia":[{"embeddable":true,"href":"https:\/\/nicola.pt\/es\/wp-json\/wp\/v2\/media\/186"}],"wp:attachment":[{"href":"https:\/\/nicola.pt\/es\/wp-json\/wp\/v2\/media?parent=248"}],"wp:term":[{"taxonomy":"product_brand","embeddable":true,"href":"https:\/\/nicola.pt\/es\/wp-json\/wp\/v2\/product_brand?post=248"},{"taxonomy":"product_cat","embeddable":true,"href":"https:\/\/nicola.pt\/es\/wp-json\/wp\/v2\/product_cat?post=248"},{"taxonomy":"product_tag","embeddable":true,"href":"https:\/\/nicola.pt\/es\/wp-json\/wp\/v2\/product_tag?post=248"}],"curies":[{"name":"wp","href":"https:\/\/api.w.org\/{rel}","templated":true}]}}