{"id":286,"date":"2024-09-24T11:06:48","date_gmt":"2024-09-24T11:06:48","guid":{"rendered":"https:\/\/nicola.pt\/?post_type=product&#038;p=286"},"modified":"2024-09-25T09:30:04","modified_gmt":"2024-09-25T09:30:04","slug":"nicola-selecto-1kg-grao","status":"publish","type":"product","link":"https:\/\/nicola.pt\/es\/product\/nicola-selecto-1kg-grao\/","title":{"rendered":"Nicola Selecto (1kg) gr\u00e3o"},"content":{"rendered":"<p>O lote Nicola Selecto (1kg) em gr\u00e3o, caracterizado com uma sele\u00e7\u00e3o de caf\u00e9s muito equilibrada que assegura um caf\u00e9 verdadeiramente especial.<\/p>\n<p>Com bom corpo, aroma intenso e paladar suave.<\/p>\n<p>&nbsp;<\/p>\n<p>Intensidade 6<\/p>\n<p>1Kg<\/p>","protected":false},"excerpt":{"rendered":"<p>O lote Nicola Selecto (1kg) em gr\u00e3o, caracterizado com uma sele\u00e7\u00e3o de caf\u00e9s muito equilibrada que assegura um caf\u00e9 verdadeiramente especial. Com bom corpo, aroma intenso e paladar suave. &nbsp; Intensidade 6 1Kg<\/p>","protected":false},"featured_media":272,"comment_status":"closed","ping_status":"closed","template":"","meta":{"_acf_changed":false},"product_brand":[],"product_cat":[21,32],"product_tag":[23,25,33],"class_list":{"0":"post-286","1":"product","2":"type-product","3":"status-publish","4":"has-post-thumbnail","6":"product_cat-cafe-em-casa","7":"product_cat-grao","8":"product_tag-cafe","9":"product_tag-casa","10":"product_tag-grao","12":"first","13":"instock","14":"featured","15":"shipping-taxable","16":"product-type-simple"},"acf":[],"yoast_head":"<!-- This site is optimized with the Yoast SEO plugin v26.7 - https:\/\/yoast.com\/wordpress\/plugins\/seo\/ -->\n<title>Nicola Selecto (1kg) gr\u00e3o - Nicola Caf\u00e9<\/title>\n<meta name=\"description\" content=\"Nicola Selecto (1kg) em gr\u00e3o, caracterizado com uma sele\u00e7\u00e3o de caf\u00e9s muito equilibrada que assegura um caf\u00e9 verdadeiramente especial.\" \/>\n<meta name=\"robots\" content=\"index, follow, max-snippet:-1, max-image-preview:large, max-video-preview:-1\" \/>\n<link rel=\"canonical\" href=\"https:\/\/nicola.pt\/es\/product\/nicola-selecto-1kg-grao\/\" \/>\n<meta property=\"og:locale\" content=\"es_ES\" \/>\n<meta property=\"og:type\" content=\"article\" \/>\n<meta property=\"og:title\" content=\"Nicola Selecto (1kg) gr\u00e3o - Nicola Caf\u00e9\" \/>\n<meta property=\"og:description\" content=\"Nicola Selecto (1kg) em gr\u00e3o, caracterizado com uma sele\u00e7\u00e3o de caf\u00e9s muito equilibrada que assegura um caf\u00e9 verdadeiramente especial.\" \/>\n<meta property=\"og:url\" content=\"https:\/\/nicola.pt\/es\/product\/nicola-selecto-1kg-grao\/\" \/>\n<meta property=\"og:site_name\" content=\"Nicola Caf\u00e9\" \/>\n<meta property=\"article:modified_time\" content=\"2024-09-25T09:30:04+00:00\" \/>\n<meta property=\"og:image\" content=\"https:\/\/nicola.pt\/wp-content\/uploads\/2024\/09\/seleto-250_1_small.png\" \/>\n\t<meta property=\"og:image:width\" content=\"1100\" \/>\n\t<meta property=\"og:image:height\" content=\"1422\" \/>\n\t<meta property=\"og:image:type\" content=\"image\/png\" \/>\n<meta name=\"twitter:card\" content=\"summary_large_image\" \/>\n<meta name=\"twitter:label1\" content=\"Tiempo de lectura\" \/>\n\t<meta name=\"twitter:data1\" content=\"1 minuto\" \/>\n<script type=\"application\/ld+json\" class=\"yoast-schema-graph\">{\"@context\":\"https:\/\/schema.org\",\"@graph\":[{\"@type\":\"WebPage\",\"@id\":\"https:\/\/nicola.pt\/product\/nicola-selecto-1kg-grao\/\",\"url\":\"https:\/\/nicola.pt\/product\/nicola-selecto-1kg-grao\/\",\"name\":\"Nicola Selecto (1kg) gr\u00e3o - Nicola Caf\u00e9\",\"isPartOf\":{\"@id\":\"https:\/\/nicola.pt\/#website\"},\"primaryImageOfPage\":{\"@id\":\"https:\/\/nicola.pt\/product\/nicola-selecto-1kg-grao\/#primaryimage\"},\"image\":{\"@id\":\"https:\/\/nicola.pt\/product\/nicola-selecto-1kg-grao\/#primaryimage\"},\"thumbnailUrl\":\"https:\/\/nicola.pt\/wp-content\/uploads\/2024\/09\/seleto-250_1_small.png\",\"datePublished\":\"2024-09-24T11:06:48+00:00\",\"dateModified\":\"2024-09-25T09:30:04+00:00\",\"description\":\"Nicola Selecto (1kg) em gr\u00e3o, caracterizado com uma sele\u00e7\u00e3o de caf\u00e9s muito equilibrada que assegura um caf\u00e9 verdadeiramente especial.\",\"breadcrumb\":{\"@id\":\"https:\/\/nicola.pt\/product\/nicola-selecto-1kg-grao\/#breadcrumb\"},\"inLanguage\":\"es\",\"potentialAction\":[{\"@type\":\"ReadAction\",\"target\":[\"https:\/\/nicola.pt\/product\/nicola-selecto-1kg-grao\/\"]}]},{\"@type\":\"ImageObject\",\"inLanguage\":\"es\",\"@id\":\"https:\/\/nicola.pt\/product\/nicola-selecto-1kg-grao\/#primaryimage\",\"url\":\"https:\/\/nicola.pt\/wp-content\/uploads\/2024\/09\/seleto-250_1_small.png\",\"contentUrl\":\"https:\/\/nicola.pt\/wp-content\/uploads\/2024\/09\/seleto-250_1_small.png\",\"width\":1100,\"height\":1422,\"caption\":\"Nicola Selecto (250g)\"},{\"@type\":\"BreadcrumbList\",\"@id\":\"https:\/\/nicola.pt\/product\/nicola-selecto-1kg-grao\/#breadcrumb\",\"itemListElement\":[{\"@type\":\"ListItem\",\"position\":1,\"name\":\"Home\",\"item\":\"https:\/\/nicola.pt\/\"},{\"@type\":\"ListItem\",\"position\":2,\"name\":\"Shop\",\"item\":\"https:\/\/nicola.pt\/shop\/\"},{\"@type\":\"ListItem\",\"position\":3,\"name\":\"Nicola Selecto (1kg) gr\u00e3o\"}]},{\"@type\":\"WebSite\",\"@id\":\"https:\/\/nicola.pt\/#website\",\"url\":\"https:\/\/nicola.pt\/\",\"name\":\"Nicola Caf\u00e9\",\"description\":\"Desde 1779\",\"publisher\":{\"@id\":\"https:\/\/nicola.pt\/#organization\"},\"potentialAction\":[{\"@type\":\"SearchAction\",\"target\":{\"@type\":\"EntryPoint\",\"urlTemplate\":\"https:\/\/nicola.pt\/?s={search_term_string}\"},\"query-input\":{\"@type\":\"PropertyValueSpecification\",\"valueRequired\":true,\"valueName\":\"search_term_string\"}}],\"inLanguage\":\"es\"},{\"@type\":\"Organization\",\"@id\":\"https:\/\/nicola.pt\/#organization\",\"name\":\"Nicola Caf\u00e9\",\"url\":\"https:\/\/nicola.pt\/\",\"logo\":{\"@type\":\"ImageObject\",\"inLanguage\":\"es\",\"@id\":\"https:\/\/nicola.pt\/#\/schema\/logo\/image\/\",\"url\":\"https:\/\/nicola.pt\/wp-content\/uploads\/2024\/09\/logo.jpg\",\"contentUrl\":\"https:\/\/nicola.pt\/wp-content\/uploads\/2024\/09\/logo.jpg\",\"width\":617,\"height\":617,\"caption\":\"Nicola Caf\u00e9\"},\"image\":{\"@id\":\"https:\/\/nicola.pt\/#\/schema\/logo\/image\/\"}}]}<\/script>\n<!-- \/ Yoast SEO plugin. -->","yoast_head_json":{"title":"Nicola Selecto (1kg) gr\u00e3o - Nicola Caf\u00e9","description":"Nicola Selecto (1kg) em gr\u00e3o, caracterizado com uma sele\u00e7\u00e3o de caf\u00e9s muito equilibrada que assegura um caf\u00e9 verdadeiramente especial.","robots":{"index":"index","follow":"follow","max-snippet":"max-snippet:-1","max-image-preview":"max-image-preview:large","max-video-preview":"max-video-preview:-1"},"canonical":"https:\/\/nicola.pt\/es\/product\/nicola-selecto-1kg-grao\/","og_locale":"es_ES","og_type":"article","og_title":"Nicola Selecto (1kg) gr\u00e3o - Nicola Caf\u00e9","og_description":"Nicola Selecto (1kg) em gr\u00e3o, caracterizado com uma sele\u00e7\u00e3o de caf\u00e9s muito equilibrada que assegura um caf\u00e9 verdadeiramente especial.","og_url":"https:\/\/nicola.pt\/es\/product\/nicola-selecto-1kg-grao\/","og_site_name":"Nicola Caf\u00e9","article_modified_time":"2024-09-25T09:30:04+00:00","og_image":[{"width":1100,"height":1422,"url":"https:\/\/nicola.pt\/wp-content\/uploads\/2024\/09\/seleto-250_1_small.png","type":"image\/png"}],"twitter_card":"summary_large_image","twitter_misc":{"Tiempo de lectura":"1 minuto"},"schema":{"@context":"https:\/\/schema.org","@graph":[{"@type":"WebPage","@id":"https:\/\/nicola.pt\/product\/nicola-selecto-1kg-grao\/","url":"https:\/\/nicola.pt\/product\/nicola-selecto-1kg-grao\/","name":"Nicola Selecto (1kg) gr\u00e3o - Nicola Caf\u00e9","isPartOf":{"@id":"https:\/\/nicola.pt\/#website"},"primaryImageOfPage":{"@id":"https:\/\/nicola.pt\/product\/nicola-selecto-1kg-grao\/#primaryimage"},"image":{"@id":"https:\/\/nicola.pt\/product\/nicola-selecto-1kg-grao\/#primaryimage"},"thumbnailUrl":"https:\/\/nicola.pt\/wp-content\/uploads\/2024\/09\/seleto-250_1_small.png","datePublished":"2024-09-24T11:06:48+00:00","dateModified":"2024-09-25T09:30:04+00:00","description":"Nicola Selecto (1kg) em gr\u00e3o, caracterizado com uma sele\u00e7\u00e3o de caf\u00e9s muito equilibrada que assegura um caf\u00e9 verdadeiramente especial.","breadcrumb":{"@id":"https:\/\/nicola.pt\/product\/nicola-selecto-1kg-grao\/#breadcrumb"},"inLanguage":"es","potentialAction":[{"@type":"ReadAction","target":["https:\/\/nicola.pt\/product\/nicola-selecto-1kg-grao\/"]}]},{"@type":"ImageObject","inLanguage":"es","@id":"https:\/\/nicola.pt\/product\/nicola-selecto-1kg-grao\/#primaryimage","url":"https:\/\/nicola.pt\/wp-content\/uploads\/2024\/09\/seleto-250_1_small.png","contentUrl":"https:\/\/nicola.pt\/wp-content\/uploads\/2024\/09\/seleto-250_1_small.png","width":1100,"height":1422,"caption":"Nicola Selecto (250g)"},{"@type":"BreadcrumbList","@id":"https:\/\/nicola.pt\/product\/nicola-selecto-1kg-grao\/#breadcrumb","itemListElement":[{"@type":"ListItem","position":1,"name":"Home","item":"https:\/\/nicola.pt\/"},{"@type":"ListItem","position":2,"name":"Shop","item":"https:\/\/nicola.pt\/shop\/"},{"@type":"ListItem","position":3,"name":"Nicola Selecto (1kg) gr\u00e3o"}]},{"@type":"WebSite","@id":"https:\/\/nicola.pt\/#website","url":"https:\/\/nicola.pt\/","name":"Nicola Caf\u00e9","description":"Desde 1779","publisher":{"@id":"https:\/\/nicola.pt\/#organization"},"potentialAction":[{"@type":"SearchAction","target":{"@type":"EntryPoint","urlTemplate":"https:\/\/nicola.pt\/?s={search_term_string}"},"query-input":{"@type":"PropertyValueSpecification","valueRequired":true,"valueName":"search_term_string"}}],"inLanguage":"es"},{"@type":"Organization","@id":"https:\/\/nicola.pt\/#organization","name":"Nicola Caf\u00e9","url":"https:\/\/nicola.pt\/","logo":{"@type":"ImageObject","inLanguage":"es","@id":"https:\/\/nicola.pt\/#\/schema\/logo\/image\/","url":"https:\/\/nicola.pt\/wp-content\/uploads\/2024\/09\/logo.jpg","contentUrl":"https:\/\/nicola.pt\/wp-content\/uploads\/2024\/09\/logo.jpg","width":617,"height":617,"caption":"Nicola Caf\u00e9"},"image":{"@id":"https:\/\/nicola.pt\/#\/schema\/logo\/image\/"}}]}},"_links":{"self":[{"href":"https:\/\/nicola.pt\/es\/wp-json\/wp\/v2\/product\/286","targetHints":{"allow":["GET"]}}],"collection":[{"href":"https:\/\/nicola.pt\/es\/wp-json\/wp\/v2\/product"}],"about":[{"href":"https:\/\/nicola.pt\/es\/wp-json\/wp\/v2\/types\/product"}],"replies":[{"embeddable":true,"href":"https:\/\/nicola.pt\/es\/wp-json\/wp\/v2\/comments?post=286"}],"wp:featuredmedia":[{"embeddable":true,"href":"https:\/\/nicola.pt\/es\/wp-json\/wp\/v2\/media\/272"}],"wp:attachment":[{"href":"https:\/\/nicola.pt\/es\/wp-json\/wp\/v2\/media?parent=286"}],"wp:term":[{"taxonomy":"product_brand","embeddable":true,"href":"https:\/\/nicola.pt\/es\/wp-json\/wp\/v2\/product_brand?post=286"},{"taxonomy":"product_cat","embeddable":true,"href":"https:\/\/nicola.pt\/es\/wp-json\/wp\/v2\/product_cat?post=286"},{"taxonomy":"product_tag","embeddable":true,"href":"https:\/\/nicola.pt\/es\/wp-json\/wp\/v2\/product_tag?post=286"}],"curies":[{"name":"wp","href":"https:\/\/api.w.org\/{rel}","templated":true}]}}