{"id":320,"date":"2024-09-24T11:07:31","date_gmt":"2024-09-24T11:07:31","guid":{"rendered":"https:\/\/nicola.pt\/?post_type=product&#038;p=320"},"modified":"2024-09-25T11:11:57","modified_gmt":"2024-09-25T11:11:57","slug":"nicola-coffee-system-ausencia-descafeinado-cx50","status":"publish","type":"product","link":"https:\/\/nicola.pt\/es\/product\/nicola-coffee-system-ausencia-descafeinado-cx50\/","title":{"rendered":"Nicola Coffee System Aus\u00eancia\/Descafeinado (cx50)"},"content":{"rendered":"<p>Nicola Coffee System Aus\u00eancia\/Descafeinado &#8211; Desfrute da aus\u00eancia de cafe\u00edna, e saboreie todo o aroma e sabor do caf\u00e9 &#8211; Intensidade 6<\/p>\n<p>Exclusivo para uso profissional.<\/p>\n<p>C\u00e1psulas embaladas individualmente compat\u00edveis com sistema Coffee System.<\/p>","protected":false},"excerpt":{"rendered":"<p>Nicola Coffee System Aus\u00eancia\/Descafeinado &#8211; Desfrute da aus\u00eancia de cafe\u00edna, e saboreie todo o aroma e sabor do caf\u00e9 &#8211; Intensidade 6 Exclusivo para uso profissional. C\u00e1psulas embaladas individualmente compat\u00edveis com sistema Coffee System.<\/p>","protected":false},"featured_media":321,"comment_status":"closed","ping_status":"closed","template":"","meta":{"_acf_changed":false},"product_brand":[],"product_cat":[35,38],"product_tag":[39,26,37],"class_list":{"0":"post-320","1":"product","2":"type-product","3":"status-publish","4":"has-post-thumbnail","6":"product_cat-cafe-profissional","7":"product_cat-capsulas-coffe-system","8":"product_tag-capsula-coffee-system","9":"product_tag-descafeinado","10":"product_tag-profissional","12":"first","13":"instock","14":"featured","15":"shipping-taxable","16":"product-type-simple"},"acf":[],"yoast_head":"<!-- This site is optimized with the Yoast SEO plugin v27.5 - https:\/\/yoast.com\/product\/yoast-seo-wordpress\/ -->\n<title>Nicola Coffee System Aus\u00eancia\/Descafeinado (cx50) - Nicola Caf\u00e9<\/title>\n<meta name=\"description\" content=\"Nicola Coffee System Aus\u00eancia\/Descafeinado - Desfrute da aus\u00eancia de cafe\u00edna, e saboreie todo o aroma e sabor do caf\u00e9. Intensidade 6.\" \/>\n<meta name=\"robots\" content=\"index, follow, max-snippet:-1, max-image-preview:large, max-video-preview:-1\" \/>\n<link rel=\"canonical\" href=\"https:\/\/nicola.pt\/es\/product\/nicola-coffee-system-ausencia-descafeinado-cx50\/\" \/>\n<meta property=\"og:locale\" content=\"es_ES\" \/>\n<meta property=\"og:type\" content=\"article\" \/>\n<meta property=\"og:title\" content=\"Nicola Coffee System Aus\u00eancia\/Descafeinado (cx50) - Nicola Caf\u00e9\" \/>\n<meta property=\"og:description\" content=\"Nicola Coffee System Aus\u00eancia\/Descafeinado - Desfrute da aus\u00eancia de cafe\u00edna, e saboreie todo o aroma e sabor do caf\u00e9. Intensidade 6.\" \/>\n<meta property=\"og:url\" content=\"https:\/\/nicola.pt\/es\/product\/nicola-coffee-system-ausencia-descafeinado-cx50\/\" \/>\n<meta property=\"og:site_name\" content=\"Nicola Caf\u00e9\" \/>\n<meta property=\"article:modified_time\" content=\"2024-09-25T11:11:57+00:00\" \/>\n<meta property=\"og:image\" content=\"https:\/\/nicola.pt\/wp-content\/uploads\/2024\/09\/ausencia-1.png\" \/>\n\t<meta property=\"og:image:width\" content=\"1100\" \/>\n\t<meta property=\"og:image:height\" content=\"1422\" \/>\n\t<meta property=\"og:image:type\" content=\"image\/png\" \/>\n<meta name=\"twitter:card\" content=\"summary_large_image\" \/>\n<meta name=\"twitter:label1\" content=\"Tiempo de lectura\" \/>\n\t<meta name=\"twitter:data1\" content=\"1 minuto\" \/>\n<script type=\"application\/ld+json\" class=\"yoast-schema-graph\">{\"@context\":\"https:\\\/\\\/schema.org\",\"@graph\":[{\"@type\":\"WebPage\",\"@id\":\"https:\\\/\\\/nicola.pt\\\/product\\\/nicola-coffee-system-ausencia-descafeinado-cx50\\\/\",\"url\":\"https:\\\/\\\/nicola.pt\\\/product\\\/nicola-coffee-system-ausencia-descafeinado-cx50\\\/\",\"name\":\"Nicola Coffee System Aus\u00eancia\\\/Descafeinado (cx50) - Nicola Caf\u00e9\",\"isPartOf\":{\"@id\":\"https:\\\/\\\/nicola.pt\\\/#website\"},\"primaryImageOfPage\":{\"@id\":\"https:\\\/\\\/nicola.pt\\\/product\\\/nicola-coffee-system-ausencia-descafeinado-cx50\\\/#primaryimage\"},\"image\":{\"@id\":\"https:\\\/\\\/nicola.pt\\\/product\\\/nicola-coffee-system-ausencia-descafeinado-cx50\\\/#primaryimage\"},\"thumbnailUrl\":\"https:\\\/\\\/nicola.pt\\\/wp-content\\\/uploads\\\/2024\\\/09\\\/ausencia-1.png\",\"datePublished\":\"2024-09-24T11:07:31+00:00\",\"dateModified\":\"2024-09-25T11:11:57+00:00\",\"description\":\"Nicola Coffee System Aus\u00eancia\\\/Descafeinado - Desfrute da aus\u00eancia de cafe\u00edna, e saboreie todo o aroma e sabor do caf\u00e9. Intensidade 6.\",\"breadcrumb\":{\"@id\":\"https:\\\/\\\/nicola.pt\\\/product\\\/nicola-coffee-system-ausencia-descafeinado-cx50\\\/#breadcrumb\"},\"inLanguage\":\"es\",\"potentialAction\":[{\"@type\":\"ReadAction\",\"target\":[\"https:\\\/\\\/nicola.pt\\\/product\\\/nicola-coffee-system-ausencia-descafeinado-cx50\\\/\"]}]},{\"@type\":\"ImageObject\",\"inLanguage\":\"es\",\"@id\":\"https:\\\/\\\/nicola.pt\\\/product\\\/nicola-coffee-system-ausencia-descafeinado-cx50\\\/#primaryimage\",\"url\":\"https:\\\/\\\/nicola.pt\\\/wp-content\\\/uploads\\\/2024\\\/09\\\/ausencia-1.png\",\"contentUrl\":\"https:\\\/\\\/nicola.pt\\\/wp-content\\\/uploads\\\/2024\\\/09\\\/ausencia-1.png\",\"width\":1100,\"height\":1422,\"caption\":\"Nicola Coffee System Aus\u00eancia\\\/Descafeinado\"},{\"@type\":\"BreadcrumbList\",\"@id\":\"https:\\\/\\\/nicola.pt\\\/product\\\/nicola-coffee-system-ausencia-descafeinado-cx50\\\/#breadcrumb\",\"itemListElement\":[{\"@type\":\"ListItem\",\"position\":1,\"name\":\"Home\",\"item\":\"https:\\\/\\\/nicola.pt\\\/\"},{\"@type\":\"ListItem\",\"position\":2,\"name\":\"Shop\",\"item\":\"https:\\\/\\\/nicola.pt\\\/shop\\\/\"},{\"@type\":\"ListItem\",\"position\":3,\"name\":\"Nicola Coffee System Aus\u00eancia\\\/Descafeinado (cx50)\"}]},{\"@type\":\"WebSite\",\"@id\":\"https:\\\/\\\/nicola.pt\\\/#website\",\"url\":\"https:\\\/\\\/nicola.pt\\\/\",\"name\":\"Nicola Caf\u00e9\",\"description\":\"Desde 1779\",\"publisher\":{\"@id\":\"https:\\\/\\\/nicola.pt\\\/#organization\"},\"potentialAction\":[{\"@type\":\"SearchAction\",\"target\":{\"@type\":\"EntryPoint\",\"urlTemplate\":\"https:\\\/\\\/nicola.pt\\\/?s={search_term_string}\"},\"query-input\":{\"@type\":\"PropertyValueSpecification\",\"valueRequired\":true,\"valueName\":\"search_term_string\"}}],\"inLanguage\":\"es\"},{\"@type\":\"Organization\",\"@id\":\"https:\\\/\\\/nicola.pt\\\/#organization\",\"name\":\"Nicola Caf\u00e9\",\"url\":\"https:\\\/\\\/nicola.pt\\\/\",\"logo\":{\"@type\":\"ImageObject\",\"inLanguage\":\"es\",\"@id\":\"https:\\\/\\\/nicola.pt\\\/#\\\/schema\\\/logo\\\/image\\\/\",\"url\":\"https:\\\/\\\/nicola.pt\\\/wp-content\\\/uploads\\\/2024\\\/09\\\/logo.jpg\",\"contentUrl\":\"https:\\\/\\\/nicola.pt\\\/wp-content\\\/uploads\\\/2024\\\/09\\\/logo.jpg\",\"width\":617,\"height\":617,\"caption\":\"Nicola Caf\u00e9\"},\"image\":{\"@id\":\"https:\\\/\\\/nicola.pt\\\/#\\\/schema\\\/logo\\\/image\\\/\"}}]}<\/script>\n<!-- \/ Yoast SEO plugin. -->","yoast_head_json":{"title":"Nicola Coffee System Aus\u00eancia\/Descafeinado (cx50) - Nicola Caf\u00e9","description":"Nicola Coffee System Aus\u00eancia\/Descafeinado - Desfrute da aus\u00eancia de cafe\u00edna, e saboreie todo o aroma e sabor do caf\u00e9. Intensidade 6.","robots":{"index":"index","follow":"follow","max-snippet":"max-snippet:-1","max-image-preview":"max-image-preview:large","max-video-preview":"max-video-preview:-1"},"canonical":"https:\/\/nicola.pt\/es\/product\/nicola-coffee-system-ausencia-descafeinado-cx50\/","og_locale":"es_ES","og_type":"article","og_title":"Nicola Coffee System Aus\u00eancia\/Descafeinado (cx50) - Nicola Caf\u00e9","og_description":"Nicola Coffee System Aus\u00eancia\/Descafeinado - Desfrute da aus\u00eancia de cafe\u00edna, e saboreie todo o aroma e sabor do caf\u00e9. Intensidade 6.","og_url":"https:\/\/nicola.pt\/es\/product\/nicola-coffee-system-ausencia-descafeinado-cx50\/","og_site_name":"Nicola Caf\u00e9","article_modified_time":"2024-09-25T11:11:57+00:00","og_image":[{"width":1100,"height":1422,"url":"https:\/\/nicola.pt\/wp-content\/uploads\/2024\/09\/ausencia-1.png","type":"image\/png"}],"twitter_card":"summary_large_image","twitter_misc":{"Tiempo de lectura":"1 minuto"},"schema":{"@context":"https:\/\/schema.org","@graph":[{"@type":"WebPage","@id":"https:\/\/nicola.pt\/product\/nicola-coffee-system-ausencia-descafeinado-cx50\/","url":"https:\/\/nicola.pt\/product\/nicola-coffee-system-ausencia-descafeinado-cx50\/","name":"Nicola Coffee System Aus\u00eancia\/Descafeinado (cx50) - Nicola Caf\u00e9","isPartOf":{"@id":"https:\/\/nicola.pt\/#website"},"primaryImageOfPage":{"@id":"https:\/\/nicola.pt\/product\/nicola-coffee-system-ausencia-descafeinado-cx50\/#primaryimage"},"image":{"@id":"https:\/\/nicola.pt\/product\/nicola-coffee-system-ausencia-descafeinado-cx50\/#primaryimage"},"thumbnailUrl":"https:\/\/nicola.pt\/wp-content\/uploads\/2024\/09\/ausencia-1.png","datePublished":"2024-09-24T11:07:31+00:00","dateModified":"2024-09-25T11:11:57+00:00","description":"Nicola Coffee System Aus\u00eancia\/Descafeinado - Desfrute da aus\u00eancia de cafe\u00edna, e saboreie todo o aroma e sabor do caf\u00e9. Intensidade 6.","breadcrumb":{"@id":"https:\/\/nicola.pt\/product\/nicola-coffee-system-ausencia-descafeinado-cx50\/#breadcrumb"},"inLanguage":"es","potentialAction":[{"@type":"ReadAction","target":["https:\/\/nicola.pt\/product\/nicola-coffee-system-ausencia-descafeinado-cx50\/"]}]},{"@type":"ImageObject","inLanguage":"es","@id":"https:\/\/nicola.pt\/product\/nicola-coffee-system-ausencia-descafeinado-cx50\/#primaryimage","url":"https:\/\/nicola.pt\/wp-content\/uploads\/2024\/09\/ausencia-1.png","contentUrl":"https:\/\/nicola.pt\/wp-content\/uploads\/2024\/09\/ausencia-1.png","width":1100,"height":1422,"caption":"Nicola Coffee System Aus\u00eancia\/Descafeinado"},{"@type":"BreadcrumbList","@id":"https:\/\/nicola.pt\/product\/nicola-coffee-system-ausencia-descafeinado-cx50\/#breadcrumb","itemListElement":[{"@type":"ListItem","position":1,"name":"Home","item":"https:\/\/nicola.pt\/"},{"@type":"ListItem","position":2,"name":"Shop","item":"https:\/\/nicola.pt\/shop\/"},{"@type":"ListItem","position":3,"name":"Nicola Coffee System Aus\u00eancia\/Descafeinado (cx50)"}]},{"@type":"WebSite","@id":"https:\/\/nicola.pt\/#website","url":"https:\/\/nicola.pt\/","name":"Nicola Caf\u00e9","description":"Desde 1779","publisher":{"@id":"https:\/\/nicola.pt\/#organization"},"potentialAction":[{"@type":"SearchAction","target":{"@type":"EntryPoint","urlTemplate":"https:\/\/nicola.pt\/?s={search_term_string}"},"query-input":{"@type":"PropertyValueSpecification","valueRequired":true,"valueName":"search_term_string"}}],"inLanguage":"es"},{"@type":"Organization","@id":"https:\/\/nicola.pt\/#organization","name":"Nicola Caf\u00e9","url":"https:\/\/nicola.pt\/","logo":{"@type":"ImageObject","inLanguage":"es","@id":"https:\/\/nicola.pt\/#\/schema\/logo\/image\/","url":"https:\/\/nicola.pt\/wp-content\/uploads\/2024\/09\/logo.jpg","contentUrl":"https:\/\/nicola.pt\/wp-content\/uploads\/2024\/09\/logo.jpg","width":617,"height":617,"caption":"Nicola Caf\u00e9"},"image":{"@id":"https:\/\/nicola.pt\/#\/schema\/logo\/image\/"}}]}},"_links":{"self":[{"href":"https:\/\/nicola.pt\/es\/wp-json\/wp\/v2\/product\/320","targetHints":{"allow":["GET"]}}],"collection":[{"href":"https:\/\/nicola.pt\/es\/wp-json\/wp\/v2\/product"}],"about":[{"href":"https:\/\/nicola.pt\/es\/wp-json\/wp\/v2\/types\/product"}],"replies":[{"embeddable":true,"href":"https:\/\/nicola.pt\/es\/wp-json\/wp\/v2\/comments?post=320"}],"wp:featuredmedia":[{"embeddable":true,"href":"https:\/\/nicola.pt\/es\/wp-json\/wp\/v2\/media\/321"}],"wp:attachment":[{"href":"https:\/\/nicola.pt\/es\/wp-json\/wp\/v2\/media?parent=320"}],"wp:term":[{"taxonomy":"product_brand","embeddable":true,"href":"https:\/\/nicola.pt\/es\/wp-json\/wp\/v2\/product_brand?post=320"},{"taxonomy":"product_cat","embeddable":true,"href":"https:\/\/nicola.pt\/es\/wp-json\/wp\/v2\/product_cat?post=320"},{"taxonomy":"product_tag","embeddable":true,"href":"https:\/\/nicola.pt\/es\/wp-json\/wp\/v2\/product_tag?post=320"}],"curies":[{"name":"wp","href":"https:\/\/api.w.org\/{rel}","templated":true}]}}