{"id":409,"date":"2024-09-24T11:10:29","date_gmt":"2024-09-24T11:10:29","guid":{"rendered":"https:\/\/nicola.pt\/?post_type=product&#038;p=409"},"modified":"2024-09-24T15:22:42","modified_gmt":"2024-09-24T15:22:42","slug":"nicola-coffee-moment-1kg","status":"publish","type":"product","link":"https:\/\/nicola.pt\/es\/product\/nicola-coffee-moment-1kg\/","title":{"rendered":"Nicola Coffee Moment (1kg)"},"content":{"rendered":"<p>Blend que se destaca pela riqueza arom\u00e1tica de caf\u00e9s Ar\u00e1bica da Am\u00e9rica Central e do Sul, e de caf\u00e9 Robusta que proporcionam uma bebida encorpada e arom\u00e1tica.<\/p>\n<p>Exclusivo para uso profissional.<\/p>\n<p>1Kg<\/p>","protected":false},"excerpt":{"rendered":"<p>Blend que se destaca pela riqueza arom\u00e1tica de caf\u00e9s Ar\u00e1bica da Am\u00e9rica Central e do Sul, e de caf\u00e9 Robusta que proporcionam uma bebida encorpada e arom\u00e1tica. Exclusivo para uso profissional. 1Kg<\/p>","protected":false},"featured_media":410,"comment_status":"closed","ping_status":"closed","template":"","meta":{"_acf_changed":false},"product_brand":[],"product_cat":[35,46],"product_tag":[23,33,37],"class_list":{"0":"post-409","1":"product","2":"type-product","3":"status-publish","4":"has-post-thumbnail","6":"product_cat-cafe-profissional","7":"product_cat-office-grao","8":"product_tag-cafe","9":"product_tag-grao","10":"product_tag-profissional","12":"first","13":"instock","14":"featured","15":"shipping-taxable","16":"product-type-simple"},"acf":[],"yoast_head":"<!-- This site is optimized with the Yoast SEO plugin v27.1.1 - https:\/\/yoast.com\/product\/yoast-seo-wordpress\/ -->\n<title>Nicola Coffee Moment (1kg) - Nicola Caf\u00e9<\/title>\n<meta name=\"robots\" content=\"index, follow, max-snippet:-1, max-image-preview:large, max-video-preview:-1\" \/>\n<link rel=\"canonical\" href=\"https:\/\/nicola.pt\/es\/product\/nicola-coffee-moment-1kg\/\" \/>\n<meta property=\"og:locale\" content=\"es_ES\" \/>\n<meta property=\"og:type\" content=\"article\" \/>\n<meta property=\"og:title\" content=\"Nicola Coffee Moment (1kg) - Nicola Caf\u00e9\" \/>\n<meta property=\"og:description\" content=\"Blend que se destaca pela riqueza arom\u00e1tica de caf\u00e9s Ar\u00e1bica da Am\u00e9rica Central e do Sul, e de caf\u00e9 Robusta que proporcionam uma bebida encorpada e arom\u00e1tica. Exclusivo para uso profissional. 1Kg\" \/>\n<meta property=\"og:url\" content=\"https:\/\/nicola.pt\/es\/product\/nicola-coffee-moment-1kg\/\" \/>\n<meta property=\"og:site_name\" content=\"Nicola Caf\u00e9\" \/>\n<meta property=\"article:modified_time\" content=\"2024-09-24T15:22:42+00:00\" \/>\n<meta property=\"og:image\" content=\"https:\/\/nicola.pt\/wp-content\/uploads\/2024\/09\/coffee-moment-nicola.jpg\" \/>\n\t<meta property=\"og:image:width\" content=\"1100\" \/>\n\t<meta property=\"og:image:height\" content=\"1500\" \/>\n\t<meta property=\"og:image:type\" content=\"image\/jpeg\" \/>\n<meta name=\"twitter:card\" content=\"summary_large_image\" \/>\n<meta name=\"twitter:label1\" content=\"Tiempo de lectura\" \/>\n\t<meta name=\"twitter:data1\" content=\"1 minuto\" \/>\n<script type=\"application\/ld+json\" class=\"yoast-schema-graph\">{\"@context\":\"https:\/\/schema.org\",\"@graph\":[{\"@type\":\"WebPage\",\"@id\":\"https:\/\/nicola.pt\/product\/nicola-coffee-moment-1kg\/\",\"url\":\"https:\/\/nicola.pt\/product\/nicola-coffee-moment-1kg\/\",\"name\":\"Nicola Coffee Moment (1kg) - Nicola Caf\u00e9\",\"isPartOf\":{\"@id\":\"https:\/\/nicola.pt\/#website\"},\"primaryImageOfPage\":{\"@id\":\"https:\/\/nicola.pt\/product\/nicola-coffee-moment-1kg\/#primaryimage\"},\"image\":{\"@id\":\"https:\/\/nicola.pt\/product\/nicola-coffee-moment-1kg\/#primaryimage\"},\"thumbnailUrl\":\"https:\/\/nicola.pt\/wp-content\/uploads\/2024\/09\/coffee-moment-nicola.jpg\",\"datePublished\":\"2024-09-24T11:10:29+00:00\",\"dateModified\":\"2024-09-24T15:22:42+00:00\",\"breadcrumb\":{\"@id\":\"https:\/\/nicola.pt\/product\/nicola-coffee-moment-1kg\/#breadcrumb\"},\"inLanguage\":\"es\",\"potentialAction\":[{\"@type\":\"ReadAction\",\"target\":[\"https:\/\/nicola.pt\/product\/nicola-coffee-moment-1kg\/\"]}]},{\"@type\":\"ImageObject\",\"inLanguage\":\"es\",\"@id\":\"https:\/\/nicola.pt\/product\/nicola-coffee-moment-1kg\/#primaryimage\",\"url\":\"https:\/\/nicola.pt\/wp-content\/uploads\/2024\/09\/coffee-moment-nicola.jpg\",\"contentUrl\":\"https:\/\/nicola.pt\/wp-content\/uploads\/2024\/09\/coffee-moment-nicola.jpg\",\"width\":1100,\"height\":1500,\"caption\":\"Nicola Coffee Moment\"},{\"@type\":\"BreadcrumbList\",\"@id\":\"https:\/\/nicola.pt\/product\/nicola-coffee-moment-1kg\/#breadcrumb\",\"itemListElement\":[{\"@type\":\"ListItem\",\"position\":1,\"name\":\"Home\",\"item\":\"https:\/\/nicola.pt\/\"},{\"@type\":\"ListItem\",\"position\":2,\"name\":\"Shop\",\"item\":\"https:\/\/nicola.pt\/shop\/\"},{\"@type\":\"ListItem\",\"position\":3,\"name\":\"Nicola Coffee Moment (1kg)\"}]},{\"@type\":\"WebSite\",\"@id\":\"https:\/\/nicola.pt\/#website\",\"url\":\"https:\/\/nicola.pt\/\",\"name\":\"Nicola Caf\u00e9\",\"description\":\"Desde 1779\",\"publisher\":{\"@id\":\"https:\/\/nicola.pt\/#organization\"},\"potentialAction\":[{\"@type\":\"SearchAction\",\"target\":{\"@type\":\"EntryPoint\",\"urlTemplate\":\"https:\/\/nicola.pt\/?s={search_term_string}\"},\"query-input\":{\"@type\":\"PropertyValueSpecification\",\"valueRequired\":true,\"valueName\":\"search_term_string\"}}],\"inLanguage\":\"es\"},{\"@type\":\"Organization\",\"@id\":\"https:\/\/nicola.pt\/#organization\",\"name\":\"Nicola Caf\u00e9\",\"url\":\"https:\/\/nicola.pt\/\",\"logo\":{\"@type\":\"ImageObject\",\"inLanguage\":\"es\",\"@id\":\"https:\/\/nicola.pt\/#\/schema\/logo\/image\/\",\"url\":\"https:\/\/nicola.pt\/wp-content\/uploads\/2024\/09\/logo.jpg\",\"contentUrl\":\"https:\/\/nicola.pt\/wp-content\/uploads\/2024\/09\/logo.jpg\",\"width\":617,\"height\":617,\"caption\":\"Nicola Caf\u00e9\"},\"image\":{\"@id\":\"https:\/\/nicola.pt\/#\/schema\/logo\/image\/\"}}]}<\/script>\n<!-- \/ Yoast SEO plugin. -->","yoast_head_json":{"title":"Nicola Coffee Moment (1kg) - Nicola Caf\u00e9","robots":{"index":"index","follow":"follow","max-snippet":"max-snippet:-1","max-image-preview":"max-image-preview:large","max-video-preview":"max-video-preview:-1"},"canonical":"https:\/\/nicola.pt\/es\/product\/nicola-coffee-moment-1kg\/","og_locale":"es_ES","og_type":"article","og_title":"Nicola Coffee Moment (1kg) - Nicola Caf\u00e9","og_description":"Blend que se destaca pela riqueza arom\u00e1tica de caf\u00e9s Ar\u00e1bica da Am\u00e9rica Central e do Sul, e de caf\u00e9 Robusta que proporcionam uma bebida encorpada e arom\u00e1tica. Exclusivo para uso profissional. 1Kg","og_url":"https:\/\/nicola.pt\/es\/product\/nicola-coffee-moment-1kg\/","og_site_name":"Nicola Caf\u00e9","article_modified_time":"2024-09-24T15:22:42+00:00","og_image":[{"width":1100,"height":1500,"url":"https:\/\/nicola.pt\/wp-content\/uploads\/2024\/09\/coffee-moment-nicola.jpg","type":"image\/jpeg"}],"twitter_card":"summary_large_image","twitter_misc":{"Tiempo de lectura":"1 minuto"},"schema":{"@context":"https:\/\/schema.org","@graph":[{"@type":"WebPage","@id":"https:\/\/nicola.pt\/product\/nicola-coffee-moment-1kg\/","url":"https:\/\/nicola.pt\/product\/nicola-coffee-moment-1kg\/","name":"Nicola Coffee Moment (1kg) - Nicola Caf\u00e9","isPartOf":{"@id":"https:\/\/nicola.pt\/#website"},"primaryImageOfPage":{"@id":"https:\/\/nicola.pt\/product\/nicola-coffee-moment-1kg\/#primaryimage"},"image":{"@id":"https:\/\/nicola.pt\/product\/nicola-coffee-moment-1kg\/#primaryimage"},"thumbnailUrl":"https:\/\/nicola.pt\/wp-content\/uploads\/2024\/09\/coffee-moment-nicola.jpg","datePublished":"2024-09-24T11:10:29+00:00","dateModified":"2024-09-24T15:22:42+00:00","breadcrumb":{"@id":"https:\/\/nicola.pt\/product\/nicola-coffee-moment-1kg\/#breadcrumb"},"inLanguage":"es","potentialAction":[{"@type":"ReadAction","target":["https:\/\/nicola.pt\/product\/nicola-coffee-moment-1kg\/"]}]},{"@type":"ImageObject","inLanguage":"es","@id":"https:\/\/nicola.pt\/product\/nicola-coffee-moment-1kg\/#primaryimage","url":"https:\/\/nicola.pt\/wp-content\/uploads\/2024\/09\/coffee-moment-nicola.jpg","contentUrl":"https:\/\/nicola.pt\/wp-content\/uploads\/2024\/09\/coffee-moment-nicola.jpg","width":1100,"height":1500,"caption":"Nicola Coffee Moment"},{"@type":"BreadcrumbList","@id":"https:\/\/nicola.pt\/product\/nicola-coffee-moment-1kg\/#breadcrumb","itemListElement":[{"@type":"ListItem","position":1,"name":"Home","item":"https:\/\/nicola.pt\/"},{"@type":"ListItem","position":2,"name":"Shop","item":"https:\/\/nicola.pt\/shop\/"},{"@type":"ListItem","position":3,"name":"Nicola Coffee Moment (1kg)"}]},{"@type":"WebSite","@id":"https:\/\/nicola.pt\/#website","url":"https:\/\/nicola.pt\/","name":"Nicola Caf\u00e9","description":"Desde 1779","publisher":{"@id":"https:\/\/nicola.pt\/#organization"},"potentialAction":[{"@type":"SearchAction","target":{"@type":"EntryPoint","urlTemplate":"https:\/\/nicola.pt\/?s={search_term_string}"},"query-input":{"@type":"PropertyValueSpecification","valueRequired":true,"valueName":"search_term_string"}}],"inLanguage":"es"},{"@type":"Organization","@id":"https:\/\/nicola.pt\/#organization","name":"Nicola Caf\u00e9","url":"https:\/\/nicola.pt\/","logo":{"@type":"ImageObject","inLanguage":"es","@id":"https:\/\/nicola.pt\/#\/schema\/logo\/image\/","url":"https:\/\/nicola.pt\/wp-content\/uploads\/2024\/09\/logo.jpg","contentUrl":"https:\/\/nicola.pt\/wp-content\/uploads\/2024\/09\/logo.jpg","width":617,"height":617,"caption":"Nicola Caf\u00e9"},"image":{"@id":"https:\/\/nicola.pt\/#\/schema\/logo\/image\/"}}]}},"_links":{"self":[{"href":"https:\/\/nicola.pt\/es\/wp-json\/wp\/v2\/product\/409","targetHints":{"allow":["GET"]}}],"collection":[{"href":"https:\/\/nicola.pt\/es\/wp-json\/wp\/v2\/product"}],"about":[{"href":"https:\/\/nicola.pt\/es\/wp-json\/wp\/v2\/types\/product"}],"replies":[{"embeddable":true,"href":"https:\/\/nicola.pt\/es\/wp-json\/wp\/v2\/comments?post=409"}],"wp:featuredmedia":[{"embeddable":true,"href":"https:\/\/nicola.pt\/es\/wp-json\/wp\/v2\/media\/410"}],"wp:attachment":[{"href":"https:\/\/nicola.pt\/es\/wp-json\/wp\/v2\/media?parent=409"}],"wp:term":[{"taxonomy":"product_brand","embeddable":true,"href":"https:\/\/nicola.pt\/es\/wp-json\/wp\/v2\/product_brand?post=409"},{"taxonomy":"product_cat","embeddable":true,"href":"https:\/\/nicola.pt\/es\/wp-json\/wp\/v2\/product_cat?post=409"},{"taxonomy":"product_tag","embeddable":true,"href":"https:\/\/nicola.pt\/es\/wp-json\/wp\/v2\/product_tag?post=409"}],"curies":[{"name":"wp","href":"https:\/\/api.w.org\/{rel}","templated":true}]}}